{"id":78,"date":"2022-11-22T20:30:16","date_gmt":"2022-11-22T19:30:16","guid":{"rendered":"http:\/\/www.cdlpv.org\/fitxes\/?page_id=78"},"modified":"2022-11-21T11:54:09","modified_gmt":"2022-11-21T10:54:09","slug":"x","status":"publish","type":"page","link":"https:\/\/www.cdlpv.org\/fitxes\/x\/","title":{"rendered":"[X]"},"content":{"rendered":"<ol>\n<li><a href=\"http:\/\/www.einesdellengua.com\/Fitxes\/Textos\/X\/Xabia.htm\" target=\"_blank\" rel=\"noopener noreferrer\">X\u00e0bia<\/a><\/li>\n<li><a href=\"http:\/\/www.einesdellengua.com\/Fitxes\/Textos\/X\/xaix.htm\" target=\"_blank\" rel=\"noopener noreferrer\">xaix<\/a>*<\/li>\n<li><a href=\"https:\/\/www.cdlpv.org\/fitxes\/xafar\/\" target=\"_blank\" rel=\"noopener noreferrer\">xafar<\/a><\/li>\n<li><a href=\"https:\/\/www.cdlpv.org\/fitxes\/xafes\/\" target=\"_blank\" rel=\"noopener\">xafes<\/a><\/li>\n<li><a href=\"http:\/\/www.einesdellengua.com\/Fitxes\/Textos\/X\/xafungar.htm\" target=\"_blank\" rel=\"noopener noreferrer\">xafugar<\/a>*<\/li>\n<li><a href=\"http:\/\/www.einesdellengua.com\/Fitxes\/Textos\/X\/xafungar.htm\" target=\"_blank\" rel=\"noopener noreferrer\">xafungar<\/a><\/li>\n<li><a href=\"http:\/\/www.einesdellengua.com\/Fitxes\/Textos\/X\/xafungar.htm\" target=\"_blank\" rel=\"noopener noreferrer\">xafungo<\/a>*<\/li>\n<li><a href=\"http:\/\/www.einesdellengua.com\/Fitxes\/Textos\/X\/xalima.htm\" target=\"_blank\" rel=\"noopener noreferrer\">X\u00e1lima, vall de<\/a><\/li>\n<li><a href=\"http:\/\/www.cdlpv.org\/fitxes\/xambit\/\" target=\"_blank\" rel=\"noopener noreferrer\">x\u00e0mbit<\/a><\/li>\n<li><a href=\"http:\/\/www.einesdellengua.com\/Fitxes\/Textos\/X\/xamponera.htm\" target=\"_blank\" rel=\"noopener noreferrer\">xamponera<\/a>*<\/li>\n<li><a href=\"http:\/\/www.cdlpv.org\/fitxes\/xantung\/\" target=\"_blank\" rel=\"noopener noreferrer\">xantung<\/a><\/li>\n<li><a href=\"http:\/\/www.einesdellengua.com\/Fitxes\/Textos\/X\/xarxa.htm\" target=\"_blank\" rel=\"noopener noreferrer\">xarxa<\/a><\/li>\n<li><a href=\"http:\/\/www.einesdellengua.com\/Fitxes\/Textos\/X\/Xativa.htm\" target=\"_blank\" rel=\"noopener noreferrer\">X\u00e0tiva<\/a><\/li>\n<li><a href=\"http:\/\/www.einesdellengua.com\/Fitxes\/Textos\/R\/RDSI.htm\" target=\"_blank\" rel=\"noopener noreferrer\"><span class=\"versaleta\">xdsi<\/span><\/a><\/li>\n<li><a href=\"http:\/\/www.einesdellengua.com\/Fitxes\/Textos\/B\/barcafeteria.htm\" target=\"_blank\" rel=\"noopener noreferrer\">xec nad\u00f3<\/a>*<\/li>\n<li><a href=\"http:\/\/www.einesdellengua.com\/Fitxes\/Textos\/X\/xecocupacio.htm\" target=\"_blank\" rel=\"noopener noreferrer\">xec ocupaci\u00f3<\/a>*<\/li>\n<li><a href=\"http:\/\/www.einesdellengua.com\/Fitxes\/Textos\/J\/jefatura.htm\" target=\"_blank\" rel=\"noopener noreferrer\">xefatura<\/a>*<\/li>\n<li><a href=\"http:\/\/www.einesdellengua.com\/Fitxes\/Textos\/X\/xemeneiadeventilacio.htm\" target=\"_blank\" rel=\"noopener noreferrer\">xemeneia de ventilaci\u00f3<\/a>*<\/li>\n<li><a href=\"http:\/\/www.einesdellengua.com\/Fitxes\/Textos\/X\/xena.htm\" target=\"_blank\" rel=\"noopener noreferrer\">xena<\/a><\/li>\n<li><a href=\"http:\/\/www.cdlpv.org\/fitxes\/xambit\/\" target=\"_blank\" rel=\"noopener noreferrer\">x\u00e8nvit<\/a>*<\/li>\n<li><a href=\"http:\/\/www.einesdellengua.com\/Fitxes\/Textos\/X\/xicotet.htm\" target=\"_blank\" rel=\"noopener noreferrer\">xicotet<\/a><\/li>\n<li><a href=\"http:\/\/www.einesdellengua.com\/Fitxes\/Textos\/X\/xifres.htm\" target=\"_blank\" rel=\"noopener noreferrer\">xifres<\/a><\/li>\n<li><a href=\"http:\/\/www.einesdellengua.com\/Fitxes\/Textos\/X\/Xilxes.htm\" target=\"_blank\" rel=\"noopener noreferrer\">Xilxes<\/a><\/li>\n<li><a href=\"http:\/\/www.cdlpv.org\/fitxes\/xiringuito\/\" target=\"_blank\" rel=\"noopener noreferrer\">xiringuito<\/a><\/li>\n<li><a href=\"http:\/\/www.cdlpv.org\/fitxes\/xivato-ta\/\" target=\"_blank\" rel=\"noopener noreferrer\">xivato -ta<\/a><\/li>\n<li><a href=\"http:\/\/www.einesdellengua.com\/Fitxes\/Textos\/X\/xixambro.htm\" target=\"_blank\" rel=\"noopener noreferrer\">xixambr\u00f3<\/a><\/li>\n<li><a href=\"http:\/\/www.einesdellengua.com\/Fitxes\/Textos\/X\/Xixona.htm\" target=\"_blank\" rel=\"noopener noreferrer\">Xixona<\/a><\/li>\n<li><a href=\"http:\/\/www.einesdellengua.com\/Fitxes\/Textos\/X\/xodos.htm\" target=\"_blank\" rel=\"noopener noreferrer\">Xodos<\/a><\/li>\n<li><a href=\"http:\/\/www.einesdellengua.com\/Fitxes\/Textos\/X\/Xoi.htm\" target=\"_blank\" rel=\"noopener noreferrer\">Xoi<\/a><\/li>\n<li><a href=\"http:\/\/www.einesdellengua.com\/Fitxes\/Textos\/X\/xopet.htm\" target=\"_blank\" rel=\"noopener noreferrer\">xopet<\/a><\/li>\n<li><a href=\"https:\/\/www.cdlpv.org\/fitxes\/xoricet\/\" target=\"_blank\" rel=\"noopener\">xoricet<\/a><\/li>\n<li><a href=\"http:\/\/www.einesdellengua.com\/Fitxes\/Textos\/X\/xuflar.htm\" target=\"_blank\" rel=\"noopener noreferrer\">xuflar<\/a><\/li>\n<li><a href=\"http:\/\/www.einesdellengua.com\/Fitxes\/Textos\/X\/xuixo.htm\" target=\"_blank\" rel=\"noopener noreferrer\">xuixo<\/a><\/li>\n<\/ol>\n","protected":false},"excerpt":{"rendered":"<p>X\u00e0bia xaix* xafar xafes xafugar* xafungar xafungo* X\u00e1lima, vall de x\u00e0mbit xamponera* xantung xarxa X\u00e0tiva xdsi xec nad\u00f3* xec ocupaci\u00f3* xefatura* xemeneia de ventilaci\u00f3* xena x\u00e8nvit* xicotet xifres Xilxes xiringuito xivato -ta xixambr\u00f3 Xixona Xodos Xoi xopet xoricet xuflar xuixo<\/p>\n","protected":false},"author":1,"featured_media":0,"parent":0,"menu_order":24,"comment_status":"closed","ping_status":"closed","template":"","meta":{"footnotes":""},"class_list":["post-78","page","type-page","status-publish","hentry"],"post_mailing_queue_ids":[],"_links":{"self":[{"href":"https:\/\/www.cdlpv.org\/fitxes\/wp-json\/wp\/v2\/pages\/78","targetHints":{"allow":["GET"]}}],"collection":[{"href":"https:\/\/www.cdlpv.org\/fitxes\/wp-json\/wp\/v2\/pages"}],"about":[{"href":"https:\/\/www.cdlpv.org\/fitxes\/wp-json\/wp\/v2\/types\/page"}],"author":[{"embeddable":true,"href":"https:\/\/www.cdlpv.org\/fitxes\/wp-json\/wp\/v2\/users\/1"}],"replies":[{"embeddable":true,"href":"https:\/\/www.cdlpv.org\/fitxes\/wp-json\/wp\/v2\/comments?post=78"}],"version-history":[{"count":14,"href":"https:\/\/www.cdlpv.org\/fitxes\/wp-json\/wp\/v2\/pages\/78\/revisions"}],"predecessor-version":[{"id":5237,"href":"https:\/\/www.cdlpv.org\/fitxes\/wp-json\/wp\/v2\/pages\/78\/revisions\/5237"}],"wp:attachment":[{"href":"https:\/\/www.cdlpv.org\/fitxes\/wp-json\/wp\/v2\/media?parent=78"}],"curies":[{"name":"wp","href":"https:\/\/api.w.org\/{rel}","templated":true}]}}