{"id":74,"date":"2026-03-10T20:30:36","date_gmt":"2026-03-10T18:30:36","guid":{"rendered":"http:\/\/www.cdlpv.org\/fitxes\/?page_id=74"},"modified":"2026-03-10T11:22:25","modified_gmt":"2026-03-10T09:22:25","slug":"v","status":"publish","type":"page","link":"https:\/\/www.cdlpv.org\/fitxes\/v\/","title":{"rendered":"[V]"},"content":{"rendered":"<ol>\n<li><a href=\"http:\/\/www.einesdellengua.com\/Fitxes\/Textos\/V\/vacatiolegis.htm\" target=\"_blank\" rel=\"noopener noreferrer\"><em>vacatio legis<\/em><\/a><\/li>\n<li><a href=\"http:\/\/www.einesdellengua.com\/Fitxes\/Textos\/V\/vagogabia.htm\" target=\"_blank\" rel=\"noopener noreferrer\">vag\u00f3 g\u00e0bia<\/a><\/li>\n<li><a href=\"https:\/\/www.cdlpv.org\/fitxes\/valdre-la-pena\/\" target=\"_blank\" rel=\"noopener\">valdre la pena<\/a><\/li>\n<li><a href=\"http:\/\/www.einesdellengua.com\/Fitxes\/Textos\/V\/Valencia.htm\" target=\"_blank\" rel=\"noopener noreferrer\">Val\u00e8ncia<\/a><\/li>\n<li><a href=\"http:\/\/www.einesdellengua.com\/Fitxes\/Textos\/V\/valencia2.htm\" target=\"_blank\" rel=\"noopener noreferrer\">valenci\u00e0 -iana<\/a><\/li>\n<li><a href=\"http:\/\/www.einesdellengua.com\/Fitxes\/Textos\/V\/Vallduixo.htm\" target=\"_blank\" rel=\"noopener noreferrer\">Vall d&#8217;Uix\u00f3, la<\/a><\/li>\n<li><a href=\"http:\/\/www.einesdellengua.com\/Fitxes\/Textos\/V\/vallaquitamiedos.htm\" target=\"_blank\" rel=\"noopener noreferrer\">valla quitamiedos<\/a><\/li>\n<li><a href=\"https:\/\/www.cdlpv.org\/fitxes\/valoritzacio\/\" target=\"_blank\" rel=\"noopener noreferrer\">valoritzaci\u00f3<\/a><\/li>\n<li><a href=\"http:\/\/www.cdlpv.org\/fitxes\/valvuleria\" target=\"_blank\" rel=\"noopener noreferrer\">valvuleria<\/a><\/li>\n<li><a href=\"http:\/\/www.cdlpv.org\/fitxes\/envinagrat\/\" target=\"_blank\" rel=\"noopener noreferrer\">variant<\/a><\/li>\n<li><em><a href=\"http:\/\/www.cdlpv.org\/fitxes\/envinagrat\/\" target=\"_blank\" rel=\"noopener noreferrer\">variante<\/a><\/em><\/li>\n<li><a href=\"http:\/\/www.einesdellengua.com\/Fitxes\/Textos\/V\/varietatling.htm\" target=\"_blank\" rel=\"noopener noreferrer\">varietat ling\u00fc\u00edstica<\/a><\/li>\n<li><a href=\"http:\/\/www.einesdellengua.com\/Fitxes\/Textos\/V\/vas.htm\" target=\"_blank\" rel=\"noopener noreferrer\">vas<\/a><\/li>\n<li><em><a href=\"http:\/\/www.einesdellengua.com\/Fitxes\/Textos\/V\/vascuence.htm\" target=\"_blank\" rel=\"noopener noreferrer\">vascuence<\/a><\/em><\/li>\n<li><em><a href=\"http:\/\/www.einesdellengua.com\/Fitxes\/Textos\/V\/vedat.htm\" target=\"_blank\" rel=\"noopener noreferrer\">vedado<\/a><\/em><\/li>\n<li><a href=\"http:\/\/www.einesdellengua.com\/Fitxes\/Textos\/V\/vedat.htm\" target=\"_blank\" rel=\"noopener noreferrer\">vedat<\/a><\/li>\n<li><a href=\"https:\/\/www.cdlpv.org\/fitxes\/vejam\" target=\"_blank\" rel=\"noopener noreferrer\">veiam<\/a><\/li>\n<li><a href=\"http:\/\/www.einesdellengua.com\/Fitxes\/Textos\/V\/veinatgeuniversal.htm\" target=\"_blank\" rel=\"noopener noreferrer\">ve\u00efnatge universal<\/a><\/li>\n<li><a href=\"https:\/\/www.cdlpv.org\/fitxes\/vejam\" target=\"_blank\" rel=\"noopener noreferrer\">vejam<\/a><\/li>\n<li><a href=\"http:\/\/www.einesdellengua.com\/Fitxes\/Textos\/V\/velocitat.htm\" target=\"_blank\" rel=\"noopener noreferrer\">velocitat \/ rapidesa<\/a><\/li>\n<li><a href=\"http:\/\/www.cdlpv.org\/fitxes\/venir-participi\/\" target=\"_blank\" rel=\"noopener noreferrer\">venir <em>+ participi<\/em><\/a><\/li>\n<li><a href=\"https:\/\/www.cdlpv.org\/fitxes\/vindre-prep-infinitiu\/\" target=\"_blank\" rel=\"noopener noreferrer\">venir <em>+ prep. + infinitiu<\/em><\/a><\/li>\n<li><em><a href=\"http:\/\/www.einesdellengua.com\/Fitxes\/Textos\/V\/venteo.htm\" target=\"_blank\" rel=\"noopener noreferrer\">venteo<\/a><\/em><\/li>\n<li><a href=\"http:\/\/www.einesdellengua.com\/Fitxes\/Textos\/V\/ventresca.htm\" target=\"_blank\" rel=\"noopener noreferrer\">ventresca<\/a><\/li>\n<li><a href=\"http:\/\/www.einesdellengua.com\/Fitxes\/Textos\/C\/capitalderisc.htm\" target=\"_blank\" rel=\"noopener noreferrer\"><em>venture capital<\/em><\/a><\/li>\n<li><em><a href=\"http:\/\/www.einesdellengua.com\/Fitxes\/Textos\/V\/verunacausa.htm\" target=\"_blank\" rel=\"noopener noreferrer\">ver una causa<\/a><\/em><\/li>\n<li><a href=\"http:\/\/www.einesdellengua.com\/Fitxes\/Textos\/V\/Verdi.htm\" target=\"_blank\" rel=\"noopener noreferrer\">Ver.di<\/a><\/li>\n<li><a href=\"http:\/\/www.einesdellengua.com\/Fitxes\/Textos\/V\/verb.htm\" target=\"_blank\" rel=\"noopener noreferrer\">verb<\/a><\/li>\n<li><a href=\"http:\/\/www.einesdellengua.com\/Fitxes\/Textos\/V\/verbeninfinitiu.htm\" target=\"_blank\" rel=\"noopener noreferrer\"><em>verb<\/em> + en <em>+ infinitiu<\/em><\/a><\/li>\n<li><em><a href=\"http:\/\/www.einesdellengua.com\/Fitxes\/Textos\/V\/verduguillo.htm\" target=\"_blank\" rel=\"noopener noreferrer\">verduguillo<\/a><\/em><\/li>\n<li><a href=\"https:\/\/www.cdlpv.org\/fitxes\/vereda\" target=\"_blank\" rel=\"noopener noreferrer\">vereda<\/a><\/li>\n<li><a href=\"http:\/\/www.einesdellengua.com\/Fitxes\/Textos\/V\/verificar.htm\" target=\"_blank\" rel=\"noopener noreferrer\">verificar<\/a><\/li>\n<li><a href=\"http:\/\/www.einesdellengua.com\/Fitxes\/Textos\/V\/vertidos.htm\" target=\"_blank\" rel=\"noopener noreferrer\">vertidos<\/a><\/li>\n<li><a href=\"http:\/\/www.einesdellengua.com\/Fitxes\/Textos\/O\/onomatopeies.htm\" target=\"_blank\" rel=\"noopener noreferrer\">veus d&#8217;animals<\/a><\/li>\n<li><a href=\"http:\/\/www.cdlpv.org\/fitxes\/desembosc\/\" target=\"_blank\" rel=\"noopener noreferrer\">via de desembosc<\/a><\/li>\n<li><em><a href=\"http:\/\/www.cdlpv.org\/fitxes\/desembosc\/\" target=\"_blank\" rel=\"noopener noreferrer\">v\u00eda de saca<\/a><\/em><\/li>\n<li><a href=\"http:\/\/www.einesdellengua.com\/Fitxes\/Textos\/V\/vial.htm\" target=\"_blank\" rel=\"noopener noreferrer\">vial<\/a><\/li>\n<li><a href=\"http:\/\/www.einesdellengua.com\/Fitxes\/Textos\/V\/vianalitzacio.htm\" target=\"_blank\" rel=\"noopener noreferrer\">vianalitzaci\u00f3<\/a>*<\/li>\n<li><a href=\"http:\/\/www.einesdellengua.com\/Fitxes\/Textos\/V\/vibrillacio.htm\" target=\"_blank\" rel=\"noopener noreferrer\">vibril\u00b7laci\u00f3<\/a>*<\/li>\n<li><a href=\"http:\/\/www.einesdellengua.com\/Fitxes\/Textos\/V\/Vidalbeneyto.htm\" target=\"_blank\" rel=\"noopener noreferrer\">Vidal Beneyto<\/a><\/li>\n<li><a href=\"http:\/\/www.einesdellengua.com\/Fitxes\/Textos\/V\/vidia.htm\" target=\"_blank\" rel=\"noopener noreferrer\">v\u00eddia<\/a><\/li>\n<li><em><a href=\"http:\/\/www.einesdellengua.com\/Fitxes\/Textos\/V\/vierteaguas.htm\" target=\"_blank\" rel=\"noopener noreferrer\">vierteaguas<\/a><\/em><\/li>\n<li><a href=\"https:\/\/www.cdlpv.org\/fitxes\/vies-pecuaries\" target=\"_blank\" rel=\"noopener noreferrer\">vies pecu\u00e0ries<\/a><\/li>\n<li><a href=\"http:\/\/www.einesdellengua.com\/Fitxes\/Textos\/V\/Vilajoiosa.htm\" target=\"_blank\" rel=\"noopener noreferrer\">Vila Joiosa, la<\/a><\/li>\n<li><a href=\"http:\/\/www.einesdellengua.com\/Fitxes\/Textos\/V\/Vilafranca.htm\" target=\"_blank\" rel=\"noopener noreferrer\">Vilafranca<\/a><\/li>\n<li><a href=\"http:\/\/www.einesdellengua.com\/Fitxes\/Textos\/V\/vilar.htm\" target=\"_blank\" rel=\"noopener noreferrer\">vilar<\/a><\/li>\n<li><a href=\"http:\/\/www.einesdellengua.com\/Fitxes\/Textos\/V\/Villahermosa.htm\" target=\"_blank\" rel=\"noopener noreferrer\">Villahermosa del R\u00edo<\/a><\/li>\n<li><a href=\"http:\/\/www.einesdellengua.com\/Fitxes\/Textos\/V\/Villena.htm\" target=\"_blank\" rel=\"noopener noreferrer\">Villena<\/a><\/li>\n<li><a href=\"http:\/\/www.einesdellengua.com\/Fitxes\/Textos\/V\/Vinaros.htm\" target=\"_blank\" rel=\"noopener noreferrer\">Vinar\u00f2s<\/a><\/li>\n<li><a href=\"http:\/\/www.cdlpv.org\/fitxes\/venir-participi\/\" target=\"_blank\" rel=\"noopener noreferrer\">vindre <em>+ participi<\/em><\/a><\/li>\n<li><a href=\"https:\/\/www.cdlpv.org\/fitxes\/vindre-prep-infinitiu\/\" target=\"_blank\" rel=\"noopener noreferrer\">vindre <em>+ prep. + infinitiu<\/em><\/a><\/li>\n<li><a href=\"http:\/\/www.einesdellengua.com\/Fitxes\/Textos\/V\/26.htm\" target=\"_blank\" rel=\"noopener noreferrer\">26<\/a><\/li>\n<li><a href=\"http:\/\/www.einesdellengua.com\/Fitxes\/Textos\/V\/virgueria.htm\" target=\"_blank\" rel=\"noopener noreferrer\">virgueria<\/a><\/li>\n<li><a href=\"https:\/\/www.cdlpv.org\/fitxes\/virus\/\" target=\"_blank\" rel=\"noopener noreferrer\">virus<\/a><\/li>\n<li><a href=\"http:\/\/www.cdlpv.org\/fitxes\/visolet\/\" target=\"_blank\" rel=\"noopener noreferrer\">v\u00edsol<\/a><\/li>\n<li><a href=\"http:\/\/www.cdlpv.org\/fitxes\/visolet\/\" target=\"_blank\" rel=\"noopener noreferrer\">visolet<\/a><\/li>\n<li><a href=\"http:\/\/www.einesdellengua.com\/Fitxes\/Textos\/V\/vistiplau.htm\" target=\"_blank\" rel=\"noopener noreferrer\">vistiplau \/ vist i plau<\/a><\/li>\n<li><a href=\"http:\/\/www.einesdellengua.com\/Fitxes\/Textos\/V\/visual.htm\" target=\"_blank\" rel=\"noopener noreferrer\">visual<\/a><\/li>\n<li><em><a href=\"http:\/\/www.einesdellengua.com\/Fitxes\/Textos\/V\/viura.htm\" target=\"_blank\" rel=\"noopener noreferrer\">viura<\/a><\/em><\/li>\n<li><a href=\"http:\/\/www.cdlpv.org\/fitxes\/habitatge\/\" target=\"_blank\" rel=\"noopener noreferrer\">viv.<\/a><\/li>\n<li><a href=\"http:\/\/www.cdlpv.org\/fitxes\/habitatge\/\" target=\"_blank\" rel=\"noopener noreferrer\">vivenda<\/a><\/li>\n<li><a href=\"http:\/\/www.einesdellengua.com\/Fitxes\/Textos\/V\/vocabularis.htm\" target=\"_blank\" rel=\"noopener noreferrer\">vocabularis<\/a><\/li>\n<li><a title=\"ser vocal\" href=\"https:\/\/www.cdlpv.org\/fitxes\/ser-vocal\" target=\"_blank\" rel=\"nofollow noopener\"><em>vocal<\/em><\/a><\/li>\n<li><a href=\"https:\/\/www.cdlpv.org\/fitxes\/vocalia\/\" target=\"_blank\" rel=\"noopener\">vocalia<\/a><\/li>\n<li><a href=\"http:\/\/www.einesdellengua.com\/Fitxes\/Textos\/V\/volada.htm\" target=\"_blank\" rel=\"noopener noreferrer\">volada<\/a><\/li>\n<li><em><a href=\"http:\/\/www.einesdellengua.com\/Fitxes\/Textos\/V\/volcadoenpapel.htm\" target=\"_blank\" rel=\"noopener noreferrer\">volcado en papel<\/a><\/em>*<\/li>\n<li><em><a href=\"http:\/\/www.einesdellengua.com\/Fitxes\/Textos\/V\/volcar.htm\" target=\"_blank\" rel=\"noopener noreferrer\">volcar<\/a><\/em><\/li>\n<li><a href=\"https:\/\/www.cdlpv.org\/fitxes\/volkhov\/\" target=\"_blank\" rel=\"noopener noreferrer\">V\u00f3lkhov<\/a><\/li>\n<li><a href=\"http:\/\/www.cdlpv.org\/fitxes\/volta-de-fulla\/\" target=\"_blank\" rel=\"noopener noreferrer\">volta de fulla<\/a><\/li>\n<li><a href=\"http:\/\/www.einesdellengua.com\/Fitxes\/Textos\/V\/voltorcomu.htm\" target=\"_blank\" rel=\"noopener noreferrer\">voltor com\u00fa<\/a><\/li>\n<li><a href=\"http:\/\/www.einesdellengua.com\/Fitxes\/Textos\/R\/rastellbisellat.htm\" target=\"_blank\" rel=\"noopener noreferrer\">vorada bisellada<\/a><\/li>\n<li><a href=\"http:\/\/www.einesdellengua.com\/Fitxes\/Textos\/V\/vos.htm\" target=\"_blank\" rel=\"noopener noreferrer\">vos<\/a><\/li>\n<li><a href=\"http:\/\/www.einesdellengua.com\/Fitxes\/Textos\/V\/votcaptiu.htm\" target=\"_blank\" rel=\"noopener noreferrer\">vot captiu<\/a>*<\/li>\n<li><em><a href=\"http:\/\/www.einesdellengua.com\/Fitxes\/Textos\/V\/vuelo.htm\" target=\"_blank\" rel=\"noopener noreferrer\">vuelo<\/a><\/em><\/li>\n<li><em><a href=\"http:\/\/www.einesdellengua.com\/Fitxes\/Textos\/V\/vuelto.htm\" target=\"_blank\" rel=\"noopener noreferrer\">vuelto<\/a><\/em><\/li>\n<li><a href=\"http:\/\/www.einesdellengua.com\/Fitxes\/Textos\/S\/segles.htm\" target=\"_blank\" rel=\"noopener noreferrer\">vuit-cents<\/a><\/li>\n<\/ol>\n","protected":false},"excerpt":{"rendered":"<p>vacatio legis vag\u00f3 g\u00e0bia valdre la pena Val\u00e8ncia valenci\u00e0 -iana Vall d&#8217;Uix\u00f3, la valla quitamiedos valoritzaci\u00f3 valvuleria variant variante varietat ling\u00fc\u00edstica vas vascuence vedado vedat veiam ve\u00efnatge universal vejam velocitat \/ rapidesa venir + participi venir + prep. + infinitiu venteo ventresca venture capital ver una causa Ver.di verb verb + en + infinitiu verduguillo [&hellip;]<\/p>\n","protected":false},"author":1,"featured_media":0,"parent":0,"menu_order":22,"comment_status":"closed","ping_status":"closed","template":"","meta":{"footnotes":""},"class_list":["post-74","page","type-page","status-publish","hentry"],"post_mailing_queue_ids":[],"_links":{"self":[{"href":"https:\/\/www.cdlpv.org\/fitxes\/wp-json\/wp\/v2\/pages\/74","targetHints":{"allow":["GET"]}}],"collection":[{"href":"https:\/\/www.cdlpv.org\/fitxes\/wp-json\/wp\/v2\/pages"}],"about":[{"href":"https:\/\/www.cdlpv.org\/fitxes\/wp-json\/wp\/v2\/types\/page"}],"author":[{"embeddable":true,"href":"https:\/\/www.cdlpv.org\/fitxes\/wp-json\/wp\/v2\/users\/1"}],"replies":[{"embeddable":true,"href":"https:\/\/www.cdlpv.org\/fitxes\/wp-json\/wp\/v2\/comments?post=74"}],"version-history":[{"count":27,"href":"https:\/\/www.cdlpv.org\/fitxes\/wp-json\/wp\/v2\/pages\/74\/revisions"}],"predecessor-version":[{"id":7832,"href":"https:\/\/www.cdlpv.org\/fitxes\/wp-json\/wp\/v2\/pages\/74\/revisions\/7832"}],"wp:attachment":[{"href":"https:\/\/www.cdlpv.org\/fitxes\/wp-json\/wp\/v2\/media?parent=74"}],"curies":[{"name":"wp","href":"https:\/\/api.w.org\/{rel}","templated":true}]}}