{"id":68,"date":"2026-04-17T20:30:32","date_gmt":"2026-04-17T18:30:32","guid":{"rendered":"http:\/\/www.cdlpv.org\/fitxes\/?page_id=68"},"modified":"2026-04-17T13:51:48","modified_gmt":"2026-04-17T11:51:48","slug":"s","status":"publish","type":"page","link":"https:\/\/www.cdlpv.org\/fitxes\/s\/","title":{"rendered":"[S]"},"content":{"rendered":"<ol>\n<li><a href=\"http:\/\/www.einesdellengua.com\/Fitxes\/Textos\/P\/parer.htm\" target=\"_blank\" rel=\"noopener noreferrer\"><em>saber y entender<\/em><\/a><\/li>\n<li><a href=\"http:\/\/www.cdlpv.org\/fitxes\/sabrejar\/\" target=\"_blank\" rel=\"noopener noreferrer\"><em>sablazo<\/em><\/a><\/li>\n<li><a href=\"http:\/\/www.cdlpv.org\/fitxes\/sabrejar\/\" target=\"_blank\" rel=\"noopener noreferrer\">sabrada<\/a><\/li>\n<li><a href=\"http:\/\/www.cdlpv.org\/fitxes\/sabrejar\/\" target=\"_blank\" rel=\"noopener noreferrer\">sabrejar<\/a><\/li>\n<li><a href=\"https:\/\/www.cdlpv.org\/fitxes\/safer\/\" target=\"_blank\" rel=\"noopener noreferrer\">safer<\/a>*<\/li>\n<li><a href=\"http:\/\/www.einesdellengua.com\/Fitxes\/Textos\/S\/safunyar.htm\" target=\"_blank\" rel=\"noopener noreferrer\">safunyar<\/a><\/li>\n<li><a href=\"http:\/\/www.einesdellengua.com\/Fitxes\/Textos\/S\/Sagunt.htm\" target=\"_blank\" rel=\"noopener noreferrer\">Sagunt<\/a><\/li>\n<li><a href=\"http:\/\/www.einesdellengua.com\/Fitxes\/Textos\/S\/Saidia.htm\" target=\"_blank\" rel=\"noopener noreferrer\">Saidia<\/a><\/li>\n<li><a href=\"http:\/\/www.einesdellengua.com\/Fitxes\/Textos\/S\/salientesyvuelos.htm\" target=\"_blank\" rel=\"noopener noreferrer\"><em>salientes y vuelos<\/em><\/a><\/li>\n<li><a title=\"la Creueta S\u00e0liva\" href=\"https:\/\/www.cdlpv.org\/fitxes\/creuetasaliva\/\" target=\"_blank\" rel=\"nofollow noopener\">S\u00e0liva<\/a><\/li>\n<li><a href=\"http:\/\/www.einesdellengua.com\/Fitxes\/Textos\/S\/saltar.htm\" target=\"_blank\" rel=\"noopener noreferrer\">saltar<\/a><\/li>\n<li><a href=\"http:\/\/www.einesdellengua.com\/Fitxes\/Textos\/S\/saltear.htm\" target=\"_blank\" rel=\"noopener noreferrer\"><em>saltear<\/em><\/a><\/li>\n<li><a href=\"http:\/\/www.einesdellengua.com\/Fitxes\/Textos\/S\/salvaocells.htm\" target=\"_blank\" rel=\"noopener noreferrer\">salvaocells<\/a><\/li>\n<li><a href=\"http:\/\/www.einesdellengua.com\/Fitxes\/Textos\/S\/salvar.htm\" target=\"_blank\" rel=\"noopener noreferrer\">salvar<\/a><\/li>\n<li><a href=\"https:\/\/www.cdlpv.org\/fitxes\/samit\/\" target=\"_blank\" rel=\"noopener noreferrer\">samit<\/a><\/li>\n<li><a href=\"http:\/\/www.einesdellengua.com\/Fitxes\/Textos\/S\/sansserif.htm\" target=\"_blank\" rel=\"noopener noreferrer\"><em>sans serif<\/em><\/a><\/li>\n<li><a href=\"http:\/\/www.einesdellengua.com\/Fitxes\/Textos\/S\/sansa.htm\" target=\"_blank\" rel=\"noopener noreferrer\">sansa<\/a><\/li>\n<li><a href=\"http:\/\/www.einesdellengua.com\/Fitxes\/Textos\/S\/Santapola.htm\" target=\"_blank\" rel=\"noopener noreferrer\">Santa Pola<\/a><\/li>\n<li><a href=\"http:\/\/www.einesdellengua.com\/Fitxes\/Textos\/S\/Santjoan.htm\" target=\"_blank\" rel=\"noopener noreferrer\">Sant Joan<\/a><\/li>\n<li><a href=\"http:\/\/www.einesdellengua.com\/Fitxes\/Textos\/S\/Santvicentdelraspeig.htm\" target=\"_blank\" rel=\"noopener noreferrer\">Sant Vicent del Raspeig<\/a><\/li>\n<li><a href=\"https:\/\/www.cdlpv.org\/fitxes\/saorra\/\" target=\"_blank\" rel=\"noopener noreferrer\">saorra<\/a><\/li>\n<li><a href=\"http:\/\/www.einesdellengua.com\/Fitxes\/Textos\/S\/sushi.htm\" target=\"_blank\" rel=\"noopener noreferrer\"><em>sashimi<\/em><\/a><\/li>\n<li><a href=\"http:\/\/www.einesdellengua.com\/Fitxes\/Textos\/S\/sevail.htm\" target=\"_blank\" rel=\"noopener noreferrer\">sava\u00efl<\/a>*<\/li>\n<li><a href=\"http:\/\/www.einesdellengua.com\/Fitxes\/Textos\/S\/Sax.htm\" target=\"_blank\" rel=\"noopener noreferrer\">Sax<\/a><\/li>\n<li><a href=\"http:\/\/www.einesdellengua.com\/Fitxes\/Textos\/S\/Schmitzen.htm\" target=\"_blank\" rel=\"noopener noreferrer\"><em>Schmitzen<\/em><\/a><\/li>\n<li><a href=\"http:\/\/www.einesdellengua.com\/Fitxes\/Textos\/S\/screening.htm\" target=\"_blank\" rel=\"noopener noreferrer\"><em>screening<\/em><\/a><\/li>\n<li><a href=\"http:\/\/www.einesdellengua.com\/Fitxes\/Textos\/S\/scrooge.htm\" target=\"_blank\" rel=\"noopener noreferrer\">Scrooge<\/a><\/li>\n<li><a href=\"http:\/\/www.einesdellengua.com\/Fitxes\/Textos\/S\/se.htm\" target=\"_blank\" rel=\"noopener noreferrer\">se<\/a><\/li>\n<li><a href=\"https:\/\/www.cdlpv.org\/fitxes\/sectoritzar\/\" target=\"_blank\" rel=\"noopener noreferrer\">sectoritzaci\u00f3<\/a><\/li>\n<li><a href=\"https:\/\/www.cdlpv.org\/fitxes\/sectoritzar\/\" target=\"_blank\" rel=\"noopener\">sectoritzar<\/a><\/li>\n<li><a href=\"http:\/\/www.einesdellengua.com\/Fitxes\/Textos\/S\/sedimentar.htm\" target=\"_blank\" rel=\"noopener noreferrer\">sedimentar<\/a><\/li>\n<li><a href=\"http:\/\/www.einesdellengua.com\/Fitxes\/Textos\/S\/segles.htm\" target=\"_blank\" rel=\"noopener noreferrer\">segles<\/a><\/li>\n<li><a href=\"http:\/\/www.cdlpv.org\/fitxes\/segregador-ra\/\" target=\"_blank\" rel=\"noopener noreferrer\">segregador -ra<\/a><\/li>\n<li><a href=\"https:\/\/www.cdlpv.org\/fitxes\/el-dia-seguent\/\" target=\"_blank\" rel=\"noopener noreferrer\">seg\u00fcent dia, el<\/a><\/li>\n<li><a href=\"http:\/\/www.einesdellengua.com\/Fitxes\/Textos\/S\/Seguili.htm\" target=\"_blank\" rel=\"noopener noreferrer\">Seguili<\/a><\/li>\n<li><a title=\"Participi de ser: segut\" href=\"https:\/\/www.cdlpv.org\/fitxes\/segut\/ \u200e\" target=\"_blank\" rel=\"nofollow noopener\">segut<\/a><\/li>\n<li><a href=\"http:\/\/www.einesdellengua.com\/Fitxes\/Textos\/B\/butaca.htm\" target=\"_blank\" rel=\"noopener noreferrer\">seient<\/a><\/li>\n<li><a href=\"http:\/\/www.einesdellengua.com\/Fitxes\/Textos\/S\/semaforitzar.htm\" target=\"_blank\" rel=\"noopener noreferrer\">semaforitzaci\u00f3<\/a>*<\/li>\n<li><a href=\"http:\/\/www.einesdellengua.com\/Fitxes\/Textos\/S\/semaforitzar.htm\" target=\"_blank\" rel=\"noopener noreferrer\">semaforitzar<\/a>*<\/li>\n<li><a href=\"http:\/\/www.einesdellengua.com\/Fitxes\/Textos\/S\/sempreiquan.htm\" target=\"_blank\" rel=\"noopener noreferrer\">sempre i quan<\/a><\/li>\n<li><a href=\"https:\/\/www.cdlpv.org\/fitxes\/sentar\" target=\"_blank\" rel=\"noopener\">sentar<\/a><\/li>\n<li><a href=\"http:\/\/www.einesdellengua.com\/Fitxes\/Textos\/C\/catedra.htm\" target=\"_blank\" rel=\"noopener noreferrer\"><em>sentar c\u00e1tedra<\/em><\/a><\/li>\n<li><a href=\"http:\/\/www.einesdellengua.com\/Fitxes\/Textos\/S\/senyalistica.htm\" target=\"_blank\" rel=\"noopener noreferrer\"><em>se\u00f1al\u00e9tica<\/em><\/a>*<\/li>\n<li><a href=\"http:\/\/www.einesdellengua.com\/Fitxes\/Textos\/S\/Senillers.htm\" target=\"_blank\" rel=\"noopener noreferrer\">Senillers<\/a><\/li>\n<li><a href=\"http:\/\/www.einesdellengua.com\/Fitxes\/Textos\/S\/senior.htm\" target=\"_blank\" rel=\"noopener noreferrer\"><em>senior<\/em><\/a><\/li>\n<li><a title=\"senyoro\" href=\"https:\/\/www.cdlpv.org\/fitxes\/senyoro\" rel=\"\">senyoro<\/a><\/li>\n<li><a href=\"http:\/\/www.einesdellengua.com\/Fitxes\/Textos\/S\/sense.htm\" target=\"_blank\" rel=\"noopener noreferrer\">sense<\/a><\/li>\n<li><a href=\"http:\/\/www.einesdellengua.com\/Fitxes\/Textos\/S\/sensucontrario.htm\" target=\"_blank\" rel=\"noopener noreferrer\"><em>sensu contrario<\/em><\/a><\/li>\n<li><a href=\"http:\/\/www.einesdellengua.com\/Fitxes\/Textos\/S\/sensustricto.htm\" target=\"_blank\" rel=\"noopener noreferrer\"><em>sensu stricto<\/em><\/a><\/li>\n<li><a href=\"http:\/\/www.einesdellengua.com\/Fitxes\/Textos\/S\/senyalistica.htm\" target=\"_blank\" rel=\"noopener noreferrer\">senyal\u00e8tic -ca<\/a>*<\/li>\n<li><a href=\"http:\/\/www.einesdellengua.com\/Fitxes\/Textos\/S\/senyalistica.htm\" target=\"_blank\" rel=\"noopener noreferrer\">senyal\u00edstica<\/a><\/li>\n<li><a href=\"http:\/\/www.einesdellengua.com\/Fitxes\/Textos\/S\/senyordelaguerra.htm\" target=\"_blank\" rel=\"noopener noreferrer\">senyor de la guerra<\/a>*<\/li>\n<li><a href=\"http:\/\/www.einesdellengua.com\/Fitxes\/Textos\/S\/serestar.htm\" target=\"_blank\" rel=\"noopener noreferrer\">ser\/estar<\/a><\/li>\n<li><a href=\"http:\/\/www.cdlpv.org\/fitxes\/ser-aplicable\/\" target=\"_blank\" rel=\"noopener noreferrer\">ser d&#8217;aplicaci\u00f3<\/a><\/li>\n<li><a href=\"http:\/\/www.einesdellengua.com\/Fitxes\/Textos\/S\/seryestado.htm\" target=\"_blank\" rel=\"noopener noreferrer\"><em>ser y estado<\/em><\/a><\/li>\n<li><a href=\"http:\/\/www.einesdellengua.com\/Fitxes\/Textos\/S\/seroteca.htm\" target=\"_blank\" rel=\"noopener noreferrer\">seroteca<\/a><\/li>\n<li><a href=\"http:\/\/www.einesdellengua.com\/Fitxes\/Textos\/S\/serendipity.htm\" target=\"_blank\" rel=\"noopener noreferrer\">serend\u00edpia<\/a><\/li>\n<li><a href=\"http:\/\/www.einesdellengua.com\/Fitxes\/Textos\/S\/serendipity.htm\" target=\"_blank\" rel=\"noopener noreferrer\">serendipitat<\/a><\/li>\n<li><a href=\"http:\/\/www.einesdellengua.com\/Fitxes\/Textos\/S\/serendipity.htm\" target=\"_blank\" rel=\"noopener noreferrer\"><em>serendipity<\/em><\/a><\/li>\n<li><a href=\"http:\/\/www.einesdellengua.com\/Fitxes\/Textos\/S\/serif.htm\" target=\"_blank\" rel=\"noopener noreferrer\"><em>serif<\/em><\/a><\/li>\n<li><a href=\"http:\/\/www.einesdellengua.com\/Fitxes\/Textos\/S\/Serra.htm\" target=\"_blank\" rel=\"noopener noreferrer\">Serra<\/a><\/li>\n<li><a href=\"https:\/\/www.cdlpv.org\/fitxes\/serrania-la\/\" target=\"_blank\" rel=\"noopener\">Serrania, la<\/a><\/li>\n<li><a href=\"https:\/\/www.cdlpv.org\/fitxes\/serrania-la\/\" target=\"_blank\" rel=\"noopener\">Serrans, els<\/a><\/li>\n<li><a href=\"http:\/\/www.einesdellengua.com\/Fitxes\/Textos\/S\/servei.htm\" target=\"_blank\" rel=\"noopener noreferrer\">servei<\/a><\/li>\n<li><a href=\"http:\/\/www.einesdellengua.com\/Fitxes\/Textos\/S\/servei.htm\" target=\"_blank\" rel=\"noopener noreferrer\">servici<\/a><\/li>\n<li><a href=\"http:\/\/www.einesdellengua.com\/Fitxes\/Textos\/S\/ses.htm\" target=\"_blank\" rel=\"noopener noreferrer\">ses<\/a><\/li>\n<li><a href=\"http:\/\/www.einesdellengua.com\/Fitxes\/Textos\/S\/seti.htm\" target=\"_blank\" rel=\"noopener noreferrer\">seti<\/a><\/li>\n<li><a href=\"http:\/\/www.einesdellengua.com\/Fitxes\/Textos\/S\/sevail.htm\" target=\"_blank\" rel=\"noopener noreferrer\">seva\u00efl<\/a>*<\/li>\n<li><a href=\"http:\/\/www.einesdellengua.com\/Fitxes\/Textos\/S\/SGML.htm\" target=\"_blank\" rel=\"noopener noreferrer\">SGML<\/a><\/li>\n<li><a href=\"http:\/\/www.einesdellengua.com\/Fitxes\/Textos\/S\/sharka.htm\" target=\"_blank\" rel=\"noopener noreferrer\"><em>sharka<\/em><\/a><\/li>\n<li><a href=\"http:\/\/www.einesdellengua.com\/Fitxes\/Textos\/S\/shinbet.htm\" target=\"_blank\" rel=\"noopener noreferrer\"><em>shin bet<\/em><\/a><\/li>\n<li><a href=\"http:\/\/www.einesdellengua.com\/Fitxes\/Textos\/S\/shunt.htm\" target=\"_blank\" rel=\"noopener noreferrer\"><em>shunt<\/em><\/a><\/li>\n<li><a href=\"http:\/\/www.einesdellengua.com\/Fitxes\/Textos\/S\/sifodevas.htm\" target=\"_blank\" rel=\"noopener noreferrer\">sif\u00f3 de vas<\/a><\/li>\n<li><a href=\"http:\/\/www.cdlpv.org\/fitxes\/sigla-sufix\/\" target=\"_blank\" rel=\"noopener noreferrer\">sigla+sufix<\/a><\/li>\n<li><a href=\"http:\/\/www.einesdellengua.com\/Fitxes\/Textos\/S\/signenotarial.htm\" target=\"_blank\" rel=\"noopener noreferrer\">signatura notarial<\/a><\/li>\n<li><a href=\"http:\/\/www.einesdellengua.com\/Fitxes\/Textos\/S\/silent-bloncs.htm\" target=\"_blank\" rel=\"noopener noreferrer\"><em>silent-bloncs<\/em><\/a>*<\/li>\n<li><a href=\"http:\/\/www.einesdellengua.com\/Fitxes\/Textos\/S\/Silla.htm\" target=\"_blank\" rel=\"noopener noreferrer\">Silla<\/a><\/li>\n<li><a href=\"http:\/\/www.einesdellengua.com\/Fitxes\/Textos\/S\/silleta.htm\" target=\"_blank\" rel=\"noopener noreferrer\"><em>silleta<\/em><\/a>*<\/li>\n<li><a href=\"http:\/\/www.einesdellengua.com\/Fitxes\/Textos\/S\/sillon.htm\" target=\"_blank\" rel=\"noopener noreferrer\"><em>sill\u00f3n<\/em><\/a><\/li>\n<li><a href=\"http:\/\/www.einesdellengua.com\/Fitxes\/Textos\/S\/silsila.htm\" target=\"_blank\" rel=\"noopener noreferrer\"><em>silsila<\/em><\/a><\/li>\n<li><a href=\"http:\/\/www.einesdellengua.com\/Fitxes\/Textos\/S\/silvestrisme.htm\" target=\"_blank\" rel=\"noopener noreferrer\">silvestrisme<\/a>*<\/li>\n<li><a href=\"http:\/\/www.einesdellengua.com\/Fitxes\/Textos\/S\/silvicola.htm\" target=\"_blank\" rel=\"noopener noreferrer\">silv\u00edcola<\/a><\/li>\n<li><a href=\"http:\/\/www.einesdellengua.com\/Fitxes\/Textos\/S\/simbol.htm\" target=\"_blank\" rel=\"noopener noreferrer\">s\u00edmbol<\/a><\/li>\n<li><a href=\"http:\/\/www.einesdellengua.com\/Fitxes\/Textos\/S\/simbols.htm\" target=\"_blank\" rel=\"noopener noreferrer\">s\u00edmbols<\/a><\/li>\n<li><a href=\"http:\/\/www.einesdellengua.com\/Fitxes\/Textos\/B\/bound.htm\" target=\"_blank\" rel=\"noopener noreferrer\">sinfone*<\/a><\/li>\n<li><a href=\"http:\/\/www.einesdellengua.com\/Fitxes\/Textos\/S\/sino.htm\" target=\"_blank\" rel=\"noopener noreferrer\">sin\u00f3<\/a><\/li>\n<li><a href=\"http:\/\/www.einesdellengua.com\/Fitxes\/Textos\/S\/sinsentido.htm\" target=\"_blank\" rel=\"noopener noreferrer\"><em>sinsentido<\/em><\/a><\/li>\n<li><a href=\"http:\/\/www.einesdellengua.com\/Fitxes\/Textos\/S\/sisplau.htm\" target=\"_blank\" rel=\"noopener noreferrer\">sisplau<\/a><\/li>\n<li><a href=\"http:\/\/www.cdlpv.org\/fitxes\/sistar\/\" target=\"_blank\" rel=\"noopener noreferrer\">sistar<\/a><\/li>\n<li><a href=\"http:\/\/www.einesdellengua.com\/Fitxes\/Textos\/p\/posagots.htm\" target=\"_blank\" rel=\"noopener noreferrer\">sitiet<\/a><\/li>\n<li><a href=\"https:\/\/www.cdlpv.org\/fitxes\/sitopia\/\" target=\"_blank\" rel=\"noopener\">sitopia<\/a><\/li>\n<li><a href=\"http:\/\/www.einesdellengua.com\/Fitxes\/Textos\/S\/slat.htm\" target=\"_blank\" rel=\"noopener noreferrer\">slat<\/a>*<\/li>\n<li><a href=\"https:\/\/www.cdlpv.org\/fitxes\/niu-dabella\/\" target=\"_blank\" rel=\"noopener noreferrer\"><em>smok<\/em><\/a><\/li>\n<li><em><a href=\"https:\/\/www.cdlpv.org\/fitxes\/clec\/\" target=\"_blank\" rel=\"noopener\">snap<\/a><\/em><\/li>\n<li><a href=\"http:\/\/www.einesdellengua.com\/Fitxes\/Textos\/S\/slopoil.htm\" target=\"_blank\" rel=\"noopener noreferrer\"><em>slop-oil<\/em><\/a>*<\/li>\n<li><a href=\"http:\/\/www.einesdellengua.com\/Fitxes\/Textos\/S\/sopar.htm\" target=\"_blank\" rel=\"noopener noreferrer\"><em>sobaquillo<\/em><\/a><\/li>\n<li><a href=\"http:\/\/www.einesdellengua.com\/Fitxes\/Textos\/S\/sobre.htm\" target=\"_blank\" rel=\"noopener noreferrer\">sobre<\/a><\/li>\n<li><a href=\"http:\/\/www.einesdellengua.com\/Fitxes\/Textos\/S\/sobrecost.htm\" target=\"_blank\" rel=\"noopener noreferrer\">sobrecost<\/a>*<\/li>\n<li><a href=\"http:\/\/www.cdlpv.org\/fitxes\/sobreeixidor-de-pou\/\" target=\"_blank\" rel=\"noopener noreferrer\">sobreeixidor de pou<\/a><\/li>\n<li><a href=\"http:\/\/www.einesdellengua.com\/Fitxes\/Textos\/S\/sobreelevado.htm\" target=\"_blank\" rel=\"noopener noreferrer\"><em>sobreelevado<\/em><\/a>*<\/li>\n<li><a href=\"http:\/\/www.einesdellengua.com\/Fitxes\/Textos\/S\/sobrenadante.htm\" target=\"_blank\" rel=\"noopener noreferrer\"><em>sobrenadante<\/em><\/a>*<\/li>\n<li><a href=\"http:\/\/www.einesdellengua.com\/Fitxes\/Textos\/S\/sobrepes.htm\" target=\"_blank\" rel=\"noopener noreferrer\">sobrep\u00e9s<\/a><\/li>\n<li><a href=\"http:\/\/www.einesdellengua.com\/Fitxes\/Textos\/S\/socol.htm\" target=\"_blank\" rel=\"noopener noreferrer\">s\u00f2col<\/a><\/li>\n<li><a href=\"http:\/\/www.einesdellengua.com\/Fitxes\/Textos\/S\/soflama.htm\" target=\"_blank\" rel=\"noopener noreferrer\">soflama<\/a><\/li>\n<li><a href=\"http:\/\/www.einesdellengua.com\/Fitxes\/Textos\/S\/sofregir.htm\" target=\"_blank\" rel=\"noopener noreferrer\">sofregir<\/a><\/li>\n<li><a href=\"http:\/\/www.einesdellengua.com\/Fitxes\/Textos\/S\/softball.htm\" target=\"_blank\" rel=\"noopener noreferrer\"><em>softball<\/em><\/a><\/li>\n<li><a href=\"http:\/\/www.einesdellengua.com\/Fitxes\/Textos\/S\/softbol.htm\" target=\"_blank\" rel=\"noopener noreferrer\">softbol<\/a><\/li>\n<li><a href=\"http:\/\/www.einesdellengua.com\/Fitxes\/Textos\/S\/sollicitud.htm\" target=\"_blank\" rel=\"noopener noreferrer\">sol\u00b7licitud<\/a><\/li>\n<li><a href=\"http:\/\/www.einesdellengua.com\/Fitxes\/Textos\/S\/solado.htm\" target=\"_blank\" rel=\"noopener noreferrer\">solado<\/a><\/li>\n<li><a href=\"http:\/\/www.einesdellengua.com\/Fitxes\/Textos\/S\/solapar.htm\" target=\"_blank\" rel=\"noopener noreferrer\">solapar<\/a><\/li>\n<li><a href=\"http:\/\/www.einesdellengua.com\/Fitxes\/Textos\/S\/solicito.htm\" target=\"_blank\" rel=\"noopener noreferrer\"><em>solicito<\/em><\/a><\/li>\n<li><a href=\"http:\/\/www.einesdellengua.com\/Fitxes\/Textos\/S\/solidsalloure.htm\" target=\"_blank\" rel=\"noopener noreferrer\">s\u00f2lids a lloure<\/a><\/li>\n<li><a href=\"http:\/\/www.einesdellengua.com\/Fitxes\/Textos\/S\/sollana.htm\" target=\"_blank\" rel=\"noopener noreferrer\">Sollana<\/a><\/li>\n<li><a href=\"https:\/\/www.cdlpv.org\/fitxes\/solter-ra\/\" target=\"_blank\" rel=\"noopener\">solter ra<\/a><\/li>\n<li><a href=\"http:\/\/www.einesdellengua.com\/Fitxes\/Textos\/S\/solventar.htm\" target=\"_blank\" rel=\"noopener noreferrer\">solventar<\/a>*<\/li>\n<li><a href=\"http:\/\/www.einesdellengua.com\/Fitxes\/Textos\/S\/somada.htm\" target=\"_blank\" rel=\"noopener noreferrer\">somada<\/a>*<\/li>\n<li><a href=\"http:\/\/www.einesdellengua.com\/Fitxes\/Textos\/S\/somet.htm\" target=\"_blank\" rel=\"noopener noreferrer\">som<\/a><\/li>\n<li><a href=\"http:\/\/www.einesdellengua.com\/Fitxes\/Textos\/S\/somet.htm\" target=\"_blank\" rel=\"noopener noreferrer\">somet<\/a><\/li>\n<li><a href=\"http:\/\/www.einesdellengua.com\/Fitxes\/Textos\/S\/somiar.htm\" target=\"_blank\" rel=\"noopener noreferrer\">somiar<\/a><\/li>\n<li><a href=\"http:\/\/www.einesdellengua.com\/Fitxes\/Textos\/S\/sommelier.htm\" target=\"_blank\" rel=\"noopener noreferrer\"><em>sommelier<\/em><\/a><\/li>\n<li><a href=\"http:\/\/www.einesdellengua.com\/Fitxes\/Textos\/S\/somet.htm\" target=\"_blank\" rel=\"noopener noreferrer\">Somo<\/a><\/li>\n<li><a href=\"http:\/\/www.einesdellengua.com\/Fitxes\/Textos\/S\/somorgollaire.htm\" target=\"_blank\" rel=\"noopener noreferrer\">somorgollaire<\/a><\/li>\n<li><a href=\"http:\/\/www.einesdellengua.com\/Fitxes\/Textos\/S\/sopar.htm\" target=\"_blank\" rel=\"noopener noreferrer\">sopar d&#8217;entrep\u00e0<\/a><\/li>\n<li><a href=\"http:\/\/www.einesdellengua.com\/Fitxes\/Textos\/S\/soportefisico.htm\" target=\"_blank\" rel=\"noopener noreferrer\"><em>soporte f\u00edsico<\/em><\/a>*<\/li>\n<li><a href=\"http:\/\/www.einesdellengua.com\/Fitxes\/Textos\/S\/soportelogico.htm\" target=\"_blank\" rel=\"noopener noreferrer\">soporte l\u00f3gico<\/a>*<\/li>\n<li><a href=\"http:\/\/www.einesdellengua.com\/Fitxes\/Textos\/S\/sorier.htm\" target=\"_blank\" rel=\"noopener noreferrer\">soriejar<\/a><\/li>\n<li><a href=\"http:\/\/www.einesdellengua.com\/Fitxes\/Textos\/S\/sorier.htm\" target=\"_blank\" rel=\"noopener noreferrer\">sorier -ra<\/a><\/li>\n<li><a href=\"https:\/\/www.cdlpv.org\/fitxes\/saorra\/\" target=\"_blank\" rel=\"noopener noreferrer\">sorra<\/a><\/li>\n<li><a href=\"http:\/\/www.einesdellengua.com\/Fitxes\/Textos\/S\/sostre.htm\" target=\"_blank\" rel=\"noopener noreferrer\">sostre<\/a><\/li>\n<li><a href=\"http:\/\/www.einesdellengua.com\/Fitxes\/Textos\/S\/sotssecretaria.htm\" target=\"_blank\" rel=\"noopener noreferrer\">sotssecretaria<\/a><\/li>\n<li><a href=\"http:\/\/www.einesdellengua.com\/Fitxes\/Textos\/S\/spicepija.htm\" target=\"_blank\" rel=\"noopener noreferrer\"><em>spice pija<\/em><\/a><\/li>\n<li><a href=\"http:\/\/www.einesdellengua.com\/Fitxes\/Textos\/S\/split.htm\" target=\"_blank\" rel=\"noopener noreferrer\"><em>split<\/em><\/a><\/li>\n<li><a href=\"http:\/\/www.einesdellengua.com\/Fitxes\/Textos\/S\/spoilsystem.htm\" target=\"_blank\" rel=\"noopener noreferrer\"><em>spoil system<\/em><\/a><\/li>\n<li><a href=\"https:\/\/www.cdlpv.org\/fitxes\/estalquejar\" target=\"_blank\" rel=\"noopener\"><em>stalk<\/em><\/a><\/li>\n<li><a href=\"https:\/\/www.cdlpv.org\/fitxes\/estalquejar\" target=\"_blank\" rel=\"noopener\"><em>stalkejar<\/em><\/a><\/li>\n<li><a href=\"http:\/\/www.einesdellengua.com\/Fitxes\/Textos\/S\/stand.htm\" target=\"_blank\" rel=\"noopener noreferrer\"><em>stand<\/em><\/a><\/li>\n<li><a href=\"http:\/\/www.einesdellengua.com\/Fitxes\/Textos\/S\/standedcosts.htm\" target=\"_blank\" rel=\"noopener noreferrer\"><em>standed costs<\/em><\/a><\/li>\n<li><a href=\"http:\/\/www.einesdellengua.com\/Fitxes\/Textos\/S\/stock.htm\" target=\"_blank\" rel=\"noopener noreferrer\"><em>stock<\/em><\/a><\/li>\n<li><a href=\"http:\/\/www.einesdellengua.com\/Fitxes\/Textos\/A\/atria.htm\" target=\"_blank\" rel=\"noopener noreferrer\">STRIAS<\/a><\/li>\n<li><a href=\"http:\/\/www.einesdellengua.com\/Fitxes\/Textos\/S\/subiudice.htm\" target=\"_blank\" rel=\"noopener noreferrer\"><em>sub iudice<\/em><\/a><\/li>\n<li><a href=\"http:\/\/www.einesdellengua.com\/Fitxes\/Textos\/S\/Subarra.htm\" target=\"_blank\" rel=\"noopener noreferrer\">Subarra<\/a><\/li>\n<li><a href=\"http:\/\/www.einesdellengua.com\/Fitxes\/Textos\/S\/subcontractacio.htm\" target=\"_blank\" rel=\"noopener noreferrer\">subcontractaci\u00f3<\/a><\/li>\n<li><a href=\"http:\/\/www.einesdellengua.com\/Fitxes\/Textos\/S\/subidon.htm\" target=\"_blank\" rel=\"noopener noreferrer\"><em>subid\u00f3n<\/em><\/a><\/li>\n<li><a href=\"http:\/\/www.einesdellengua.com\/Fitxes\/Textos\/S\/suborn.htm\" target=\"_blank\" rel=\"noopener noreferrer\">suborn<\/a><\/li>\n<li><a href=\"http:\/\/www.einesdellengua.com\/Fitxes\/Textos\/S\/subsidiar.htm\" target=\"_blank\" rel=\"noopener noreferrer\">subsidiaci\u00f3<\/a>*<\/li>\n<li><a href=\"http:\/\/www.einesdellengua.com\/Fitxes\/Textos\/S\/subsidiar.htm\" target=\"_blank\" rel=\"noopener noreferrer\">subsidiar<\/a>*<\/li>\n<li><a href=\"http:\/\/www.einesdellengua.com\/Fitxes\/Textos\/S\/subsolador.htm\" target=\"_blank\" rel=\"noopener noreferrer\">subsolador<\/a><\/li>\n<li><a href=\"http:\/\/www.einesdellengua.com\/Fitxes\/Textos\/S\/subsolar.htm\" target=\"_blank\" rel=\"noopener noreferrer\">subsolar<\/a><\/li>\n<li><a href=\"http:\/\/www.einesdellengua.com\/Fitxes\/Textos\/S\/subsolatge.htm\" target=\"_blank\" rel=\"noopener noreferrer\">subsolatge<\/a><\/li>\n<li><a href=\"http:\/\/www.einesdellengua.com\/Fitxes\/Textos\/S\/subsumir.htm\" target=\"_blank\" rel=\"noopener noreferrer\">subsumir<\/a><\/li>\n<li><a href=\"http:\/\/www.einesdellengua.com\/Fitxes\/Textos\/S\/Suc.htm\" target=\"_blank\" rel=\"noopener noreferrer\">Suc<\/a><\/li>\n<li><a href=\"http:\/\/www.cdlpv.org\/fitxes\/sud-sudanes-nesa\/\" target=\"_blank\" rel=\"noopener noreferrer\">sud-sudan\u00e8s -nesa<\/a><\/li>\n<li><a href=\"http:\/\/www.einesdellengua.com\/Fitxes\/Textos\/S\/Sueca.htm\" target=\"_blank\" rel=\"noopener noreferrer\">Sueca<\/a><\/li>\n<li><a href=\"https:\/\/www.cdlpv.org\/fitxes\/sufera\/\" target=\"_blank\" rel=\"noopener\">Sufera<\/a><\/li>\n<li><a href=\"http:\/\/www.einesdellengua.com\/Fitxes\/Textos\/S\/sufixos.htm\" target=\"_blank\" rel=\"noopener noreferrer\">sufixos<\/a><\/li>\n<li><a href=\"http:\/\/www.einesdellengua.com\/Fitxes\/Textos\/S\/suggerencia.htm\" target=\"_blank\" rel=\"noopener noreferrer\">sugger\u00e8ncia<\/a><\/li>\n<li><a href=\"http:\/\/www.einesdellengua.com\/Fitxes\/Textos\/S\/sumall.htm\" target=\"_blank\" rel=\"noopener noreferrer\">sumall<\/a><\/li>\n<li><a href=\"http:\/\/www.einesdellengua.com\/Fitxes\/Textos\/S\/sumall.htm\" target=\"_blank\" rel=\"noopener noreferrer\">sumar<\/a><\/li>\n<li><a href=\"https:\/\/www.cdlpv.org\/fitxes\/super\/\" target=\"_blank\" rel=\"noopener\">super-<\/a><\/li>\n<li><a href=\"http:\/\/www.einesdellengua.com\/Fitxes\/Textos\/S\/superindex.htm\" target=\"_blank\" rel=\"noopener noreferrer\">super\u00edndex<\/a><\/li>\n<li><a href=\"http:\/\/www.einesdellengua.com\/Fitxes\/Textos\/S\/superstite.htm\" target=\"_blank\" rel=\"noopener noreferrer\">sup\u00e8rstit<\/a>*<\/li>\n<li><a href=\"http:\/\/www.einesdellengua.com\/Fitxes\/Textos\/S\/superstite.htm\" target=\"_blank\" rel=\"noopener noreferrer\"><em>superstite<\/em><\/a><\/li>\n<li><a href=\"http:\/\/www.einesdellengua.com\/Fitxes\/Textos\/S\/suplementacio.htm\" target=\"_blank\" rel=\"noopener noreferrer\">suplementaci\u00f3<\/a>*<\/li>\n<li><a href=\"http:\/\/www.einesdellengua.com\/Fitxes\/Textos\/S\/suplementar.htm\" target=\"_blank\" rel=\"noopener noreferrer\">suplementar<\/a><\/li>\n<li><a href=\"http:\/\/www.einesdellengua.com\/Fitxes\/Textos\/S\/suplica.htm\" target=\"_blank\" rel=\"noopener noreferrer\">s\u00faplica<\/a><\/li>\n<li><a href=\"http:\/\/www.einesdellengua.com\/Fitxes\/Textos\/S\/suplico.htm\" target=\"_blank\" rel=\"noopener noreferrer\"><em>suplico<\/em><\/a>*<\/li>\n<li><a href=\"http:\/\/www.einesdellengua.com\/Fitxes\/Textos\/S\/suplido.htm\" target=\"_blank\" rel=\"noopener noreferrer\"><em>suplido<\/em><\/a><\/li>\n<li><a href=\"https:\/\/www.cdlpv.org\/fitxes\/assortir\/\" target=\"_blank\" rel=\"noopener noreferrer\"><em>surtir efecto<\/em><\/a><\/li>\n<li><a href=\"http:\/\/www.einesdellengua.com\/Fitxes\/Textos\/S\/sushi.htm\" target=\"_blank\" rel=\"noopener noreferrer\"><em>sushi<\/em><\/a><\/li>\n<li><a href=\"http:\/\/www.einesdellengua.com\/Fitxes\/Textos\/S\/swap.htm\" target=\"_blank\" rel=\"noopener noreferrer\"><em>swap<\/em><\/a><\/li>\n<\/ol>\n","protected":false},"excerpt":{"rendered":"<p>saber y entender sablazo sabrada sabrejar safer* safunyar Sagunt Saidia salientes y vuelos S\u00e0liva saltar saltear salvaocells salvar samit sans serif sansa Santa Pola Sant Joan Sant Vicent del Raspeig saorra sashimi sava\u00efl* Sax Schmitzen screening Scrooge se sectoritzaci\u00f3 sectoritzar sedimentar segles segregador -ra seg\u00fcent dia, el Seguili segut seient semaforitzaci\u00f3* semaforitzar* sempre i quan [&hellip;]<\/p>\n","protected":false},"author":1,"featured_media":0,"parent":0,"menu_order":19,"comment_status":"closed","ping_status":"closed","template":"","meta":{"footnotes":""},"class_list":["post-68","page","type-page","status-publish","hentry"],"post_mailing_queue_ids":[],"_links":{"self":[{"href":"https:\/\/www.cdlpv.org\/fitxes\/wp-json\/wp\/v2\/pages\/68","targetHints":{"allow":["GET"]}}],"collection":[{"href":"https:\/\/www.cdlpv.org\/fitxes\/wp-json\/wp\/v2\/pages"}],"about":[{"href":"https:\/\/www.cdlpv.org\/fitxes\/wp-json\/wp\/v2\/types\/page"}],"author":[{"embeddable":true,"href":"https:\/\/www.cdlpv.org\/fitxes\/wp-json\/wp\/v2\/users\/1"}],"replies":[{"embeddable":true,"href":"https:\/\/www.cdlpv.org\/fitxes\/wp-json\/wp\/v2\/comments?post=68"}],"version-history":[{"count":33,"href":"https:\/\/www.cdlpv.org\/fitxes\/wp-json\/wp\/v2\/pages\/68\/revisions"}],"predecessor-version":[{"id":7880,"href":"https:\/\/www.cdlpv.org\/fitxes\/wp-json\/wp\/v2\/pages\/68\/revisions\/7880"}],"wp:attachment":[{"href":"https:\/\/www.cdlpv.org\/fitxes\/wp-json\/wp\/v2\/media?parent=68"}],"curies":[{"name":"wp","href":"https:\/\/api.w.org\/{rel}","templated":true}]}}