{"id":64,"date":"2025-03-07T20:30:39","date_gmt":"2025-03-07T19:30:39","guid":{"rendered":"http:\/\/www.cdlpv.org\/fitxes\/?page_id=64"},"modified":"2025-03-07T12:53:26","modified_gmt":"2025-03-07T11:53:26","slug":"q","status":"publish","type":"page","link":"https:\/\/www.cdlpv.org\/fitxes\/q\/","title":{"rendered":"[Q]"},"content":{"rendered":"<ol>\n<li><a href=\"https:\/\/www.cdlpv.org\/fitxes\/cat\/\" target=\"_blank\" rel=\"noopener noreferrer\"><em>qat<\/em><\/a><\/li>\n<li><a href=\"https:\/\/www.cdlpv.org\/fitxes\/coixinet\/\" target=\"_blank\" rel=\"noopener noreferrer\">quadradet<\/a><\/li>\n<li><a href=\"https:\/\/www.cdlpv.org\/fitxes\/quadro-el\/\" target=\"_blank\" rel=\"noopener noreferrer\">Quadr\u00f3, el<\/a><\/li>\n<li><a href=\"https:\/\/www.cdlpv.org\/fitxes\/quaga\" target=\"_blank\" rel=\"noopener\">quaga<\/a><\/li>\n<li><em><a href=\"https:\/\/www.cdlpv.org\/fitxes\/quaga\" target=\"_blank\" rel=\"noopener noreferrer\">quagga<\/a><\/em><\/li>\n<li><a href=\"https:\/\/www.cdlpv.org\/fitxes\/hores\/\" target=\"_blank\" rel=\"noopener noreferrer\">quarts<\/a><\/li>\n<li><a href=\"https:\/\/www.cdlpv.org\/fitxes\/quatre-pobles-sequia-dels\" target=\"_blank\" rel=\"noopener noreferrer\">Quatre Pobles<\/a><\/li>\n<li><a href=\"http:\/\/www.einesdellengua.com\/Fitxes\/Textos\/Q\/que.htm\" target=\"_blank\" rel=\"noopener noreferrer\">qu\u00e8<\/a><\/li>\n<li><a href=\"http:\/\/www.einesdellengua.com\/Fitxes\/Textos\/Q\/quens.htm\" target=\"_blank\" rel=\"noopener noreferrer\">q\u00fce<\/a><\/li>\n<li><a href=\"https:\/\/www.cdlpv.org\/fitxes\/perdua\/\" target=\"_blank\" rel=\"noopener\"><em>quebranto<\/em><\/a><\/li>\n<li><a href=\"https:\/\/www.cdlpv.org\/fitxes\/quixal\/\" target=\"_blank\" rel=\"noopener\">queixal<\/a><\/li>\n<li><a href=\"http:\/\/www.cdlpv.org\/fitxes\/queli\/\" target=\"_blank\" rel=\"noopener noreferrer\">queli<\/a>*<\/li>\n<li><a href=\"http:\/\/www.cdlpv.org\/fitxes\/angimbori\/\" target=\"_blank\" rel=\"noopener noreferrer\">qu\u00e8nfaig<\/a>*<\/li>\n<li><a href=\"http:\/\/www.einesdellengua.com\/Fitxes\/Textos\/Q\/quens.htm\" target=\"_blank\" rel=\"noopener noreferrer\">q\u00fcens<\/a><\/li>\n<li><a href=\"https:\/\/www.cdlpv.org\/fitxes\/quermes\/\" target=\"_blank\" rel=\"noopener\">querma<\/a><\/li>\n<li><a href=\"https:\/\/www.cdlpv.org\/fitxes\/quermes\/\" target=\"_blank\" rel=\"noopener\">quermes<\/a><\/li>\n<li><a href=\"http:\/\/www.einesdellengua.com\/Fitxes\/Textos\/Q\/querna.htm\" target=\"_blank\" rel=\"noopener noreferrer\">q\u00fcerna<\/a><\/li>\n<li><a href=\"http:\/\/www.einesdellengua.com\/Fitxes\/Textos\/Q\/querulant.htm\" target=\"_blank\" rel=\"noopener noreferrer\">querulant<\/a>*<\/li>\n<li><a href=\"https:\/\/www.cdlpv.org\/fitxes\/quixal\/\" target=\"_blank\" rel=\"noopener\">quixal<\/a><\/li>\n<li><a href=\"http:\/\/www.cdlpv.org\/fitxes\/quiratar\/\" target=\"_blank\" rel=\"noopener noreferrer\">quilatar<\/a>*<\/li>\n<li><a href=\"http:\/\/www.cdlpv.org\/fitxes\/quiratar\/\" target=\"_blank\" rel=\"noopener noreferrer\">quiratar<\/a><\/li>\n<li><a href=\"http:\/\/www.einesdellengua.com\/Fitxes\/Textos\/Q\/quitayespera.htm\" target=\"_blank\" rel=\"noopener noreferrer\"><em>quita y espera<\/em><\/a><\/li>\n<\/ol>\n","protected":false},"excerpt":{"rendered":"<p>qat quadradet Quadr\u00f3, el quaga quagga quarts Quatre Pobles qu\u00e8 q\u00fce quebranto queixal queli* qu\u00e8nfaig* q\u00fcens querma quermes q\u00fcerna querulant* quixal quilatar* quiratar quita y espera<\/p>\n","protected":false},"author":1,"featured_media":0,"parent":0,"menu_order":17,"comment_status":"closed","ping_status":"closed","template":"","meta":{"footnotes":""},"class_list":["post-64","page","type-page","status-publish","hentry"],"post_mailing_queue_ids":[],"_links":{"self":[{"href":"https:\/\/www.cdlpv.org\/fitxes\/wp-json\/wp\/v2\/pages\/64","targetHints":{"allow":["GET"]}}],"collection":[{"href":"https:\/\/www.cdlpv.org\/fitxes\/wp-json\/wp\/v2\/pages"}],"about":[{"href":"https:\/\/www.cdlpv.org\/fitxes\/wp-json\/wp\/v2\/types\/page"}],"author":[{"embeddable":true,"href":"https:\/\/www.cdlpv.org\/fitxes\/wp-json\/wp\/v2\/users\/1"}],"replies":[{"embeddable":true,"href":"https:\/\/www.cdlpv.org\/fitxes\/wp-json\/wp\/v2\/comments?post=64"}],"version-history":[{"count":16,"href":"https:\/\/www.cdlpv.org\/fitxes\/wp-json\/wp\/v2\/pages\/64\/revisions"}],"predecessor-version":[{"id":7489,"href":"https:\/\/www.cdlpv.org\/fitxes\/wp-json\/wp\/v2\/pages\/64\/revisions\/7489"}],"wp:attachment":[{"href":"https:\/\/www.cdlpv.org\/fitxes\/wp-json\/wp\/v2\/media?parent=64"}],"curies":[{"name":"wp","href":"https:\/\/api.w.org\/{rel}","templated":true}]}}