{"id":60,"date":"2026-01-09T20:30:46","date_gmt":"2026-01-09T18:30:46","guid":{"rendered":"http:\/\/www.cdlpv.org\/fitxes\/?page_id=60"},"modified":"2026-01-09T10:20:25","modified_gmt":"2026-01-09T08:20:25","slug":"o","status":"publish","type":"page","link":"https:\/\/www.cdlpv.org\/fitxes\/o\/","title":{"rendered":"[O]"},"content":{"rendered":"<ol>\n<li><a href=\"http:\/\/www.cdlpv.org\/fitxes\/festiu-dobertura-lliure\/\" target=\"_blank\" rel=\"noopener noreferrer\">oberturable*<\/a><\/li>\n<li><a href=\"http:\/\/www.einesdellengua.com\/Fitxes\/Textos\/O\/obrapaleta.htm\" target=\"_blank\" rel=\"noopener noreferrer\">obra de paleta<\/a><\/li>\n<li><a href=\"https:\/\/www.cdlpv.org\/fitxes\/actuar-en-nom-propi\" target=\"_blank\" rel=\"noopener noreferrer\">obrar<\/a><\/li>\n<li><a href=\"https:\/\/www.cdlpv.org\/fitxes\/actuar-en-nom-propi\" target=\"_blank\" rel=\"noopener noreferrer\"><em> obrar por s\u00ed mismo<\/em> <\/a><\/li>\n<li><a href=\"http:\/\/www.einesdellengua.com\/Fitxes\/Textos\/O\/obrer.htm\" target=\"_blank\" rel=\"noopener noreferrer\">obrer -ra<\/a><\/li>\n<li><a href=\"https:\/\/www.cdlpv.org\/fitxes\/obstatiu-iva\/\" target=\"_blank\" rel=\"noopener\">obstatiu -iva<\/a><\/li>\n<li><a href=\"https:\/\/www.cdlpv.org\/fitxes\/millorador-ra\" target=\"_blank\" rel=\"noopener noreferrer\">obtentor -ra<\/a>*<\/li>\n<li><a href=\"https:\/\/www.cdlpv.org\/fitxes\/ocde\" target=\"_blank\" rel=\"noopener noreferrer\">OCDE<\/a><\/li>\n<li><a href=\"http:\/\/www.einesdellengua.com\/Fitxes\/Textos\/O\/ocupador.htm\" target=\"_blank\" rel=\"noopener noreferrer\">ocupador -ra<\/a>*<\/li>\n<li><a href=\"http:\/\/www.einesdellengua.com\/Fitxes\/Textos\/O\/ofegar.htm\" target=\"_blank\" rel=\"noopener noreferrer\">ofegar<\/a><\/li>\n<li><a href=\"https:\/\/www.cdlpv.org\/fitxes\/ofegabous\/\" target=\"_blank\" rel=\"noopener\">ofegabous<\/a><\/li>\n<li><a href=\"https:\/\/www.cdlpv.org\/fitxes\/ofertar\/\" target=\"_blank\" rel=\"noopener noreferrer\">ofertar<\/a><\/li>\n<li><a href=\"http:\/\/www.einesdellengua.com\/Fitxes\/Textos\/O\/office.htm\" target=\"_blank\" rel=\"noopener noreferrer\"><em> office<\/em> <\/a><\/li>\n<li><a href=\"http:\/\/www.einesdellengua.com\/Fitxes\/Textos\/O\/oficialitat.htm\" target=\"_blank\" rel=\"noopener noreferrer\">oficialitat ling\u00fc\u00edstica<\/a><\/li>\n<li><a href=\"http:\/\/www.einesdellengua.com\/Fitxes\/Textos\/O\/oient.htm\" target=\"_blank\" rel=\"noopener noreferrer\">oient<\/a><\/li>\n<li><a href=\"https:\/\/www.cdlpv.org\/fitxes\/oir-not\/\" target=\"_blank\" rel=\"noopener noreferrer\">OIR NOT.<\/a><\/li>\n<li><a href=\"http:\/\/www.cdlpv.org\/fitxes\/ull\/\" target=\"_blank\" rel=\"noopener noreferrer\"><em>\u00a1ojo!<\/em><\/a><\/li>\n<li><a href=\"http:\/\/www.einesdellengua.com\/Fitxes\/Textos\/O\/Oliva.htm\" target=\"_blank\" rel=\"noopener noreferrer\">Oliva<\/a><\/li>\n<li><a href=\"http:\/\/www.einesdellengua.com\/Fitxes\/Textos\/O\/Ollendorf.htm\" target=\"_blank\" rel=\"noopener noreferrer\">Ollendorf<\/a><\/li>\n<li><a href=\"https:\/\/www.cdlpv.org\/fitxes\/omnibus\/\" target=\"_blank\" rel=\"noopener\">\u00f2mnibus<\/a><\/li>\n<li><a href=\"http:\/\/www.cdlpv.org\/fitxes\/omfalic\/\" target=\"_blank\" rel=\"noopener noreferrer\">omf\u00e0lic -ca<\/a><\/li>\n<li><a href=\"http:\/\/www.einesdellengua.com\/Fitxes\/Textos\/O\/omnipotenciaapresa.htm\" target=\"_blank\" rel=\"noopener noreferrer\">omnipot\u00e8ncia apresa<\/a><\/li>\n<li><a href=\"http:\/\/www.einesdellengua.com\/Fitxes\/Textos\/O\/Onda.htm\" target=\"_blank\" rel=\"noopener noreferrer\">Onda<\/a><\/li>\n<li><a href=\"http:\/\/www.einesdellengua.com\/Fitxes\/Textos\/O\/Onil.htm\" target=\"_blank\" rel=\"noopener noreferrer\">Onil, serra d&#8217;<\/a><\/li>\n<li><a href=\"http:\/\/www.cdlpv.org\/fitxes\/toponimia-i-onomastica\/\" target=\"_blank\" rel=\"noopener noreferrer\">onom\u00e0stica<\/a><\/li>\n<li><a href=\"http:\/\/www.cdlpv.org\/fitxes\/onomatopeies\/\" target=\"_blank\" rel=\"noopener noreferrer\">onomatopeies<\/a><\/li>\n<li><a href=\"http:\/\/www.einesdellengua.com\/Fitxes\/Textos\/O\/Ontinyent.htm\" target=\"_blank\" rel=\"noopener noreferrer\">Ontinyent<\/a><\/li>\n<li><a href=\"http:\/\/www.einesdellengua.com\/Fitxes\/Textos\/O\/OPA.htm\" target=\"_blank\" rel=\"noopener noreferrer\">OPA<\/a><\/li>\n<li><a title=\"opacar\" href=\"https:\/\/www.cdlpv.org\/fitxes\/opacar\" target=\"_blank\" rel=\"nofollow noopener\">opacar<\/a><\/li>\n<li><a href=\"http:\/\/www.einesdellengua.com\/Fitxes\/Textos\/O\/opelegis.htm\" target=\"_blank\" rel=\"noopener noreferrer\"><em> ope legis<\/em> <\/a><\/li>\n<li><a href=\"http:\/\/www.einesdellengua.com\/Fitxes\/Textos\/O\/oraciosintetica.htm\" target=\"_blank\" rel=\"noopener noreferrer\">oraci\u00f3 sint\u00e8tica<\/a><\/li>\n<li><a href=\"http:\/\/www.einesdellengua.com\/Fitxes\/Textos\/O\/orsa.htm\" target=\"_blank\" rel=\"noopener noreferrer\">or\u00e7a<\/a><\/li>\n<li><a href=\"http:\/\/www.einesdellengua.com\/Fitxes\/Textos\/O\/ordenant.htm\" target=\"_blank\" rel=\"noopener noreferrer\">ordenant<\/a><\/li>\n<li><a href=\"http:\/\/www.einesdellengua.com\/Fitxes\/Textos\/O\/ordre.htm\" target=\"_blank\" rel=\"noopener noreferrer\">ordre<\/a><\/li>\n<li><a href=\"http:\/\/www.einesdellengua.com\/Fitxes\/Textos\/O\/ordrelexicografic.htm\" target=\"_blank\" rel=\"noopener noreferrer\">ordre lexicogr\u00e0fic<\/a><\/li>\n<li><a href=\"https:\/\/www.cdlpv.org\/fitxes\/oreja\/\" target=\"_blank\" rel=\"noopener noreferrer\"><em>oreja<\/em><\/a><\/li>\n<li><a href=\"http:\/\/www.einesdellengua.com\/Fitxes\/Textos\/O\/oreja.htm\" target=\"_blank\" rel=\"noopener noreferrer\">orella<\/a><\/li>\n<li><a href=\"http:\/\/www.einesdellengua.com\/Fitxes\/Textos\/A\/adhocracia.htm\" target=\"_blank\" rel=\"noopener noreferrer\">organitzaci\u00f3 innovadora<\/a><\/li>\n<li><a href=\"http:\/\/www.einesdellengua.com\/Fitxes\/Textos\/O\/Orgegia.htm\" target=\"_blank\" rel=\"noopener noreferrer\">Org\u00e8gia<\/a><\/li>\n<li><a href=\"http:\/\/www.einesdellengua.com\/Fitxes\/Textos\/O\/original.htm\" target=\"_blank\" rel=\"noopener noreferrer\">original<\/a><\/li>\n<li><a href=\"http:\/\/www.einesdellengua.com\/Fitxes\/Textos\/O\/Oriola.htm\" target=\"_blank\" rel=\"noopener noreferrer\">Oriola<\/a><\/li>\n<li><a href=\"http:\/\/www.einesdellengua.com\/Fitxes\/Textos\/O\/Oroboros.htm\" target=\"_blank\" rel=\"noopener noreferrer\">Oroboros<\/a>*<\/li>\n<li><a href=\"http:\/\/www.einesdellengua.com\/Fitxes\/Textos\/O\/Orpesa.htm\" target=\"_blank\" rel=\"noopener noreferrer\">Orpesa<\/a><\/li>\n<li><a href=\"http:\/\/www.einesdellengua.com\/Fitxes\/Textos\/O\/orrupte.htm\" target=\"_blank\" rel=\"noopener noreferrer\">orrupte<\/a><\/li>\n<li><a href=\"http:\/\/www.einesdellengua.com\/Fitxes\/Textos\/O\/Ortisella.htm\" target=\"_blank\" rel=\"noopener noreferrer\">Ortisella<\/a><\/li>\n<li><a href=\"http:\/\/www.einesdellengua.com\/Fitxes\/Textos\/O\/ortografia.htm\" target=\"_blank\" rel=\"noopener noreferrer\">ortografia<\/a><\/li>\n<li><a href=\"http:\/\/www.einesdellengua.com\/Fitxes\/Textos\/O\/oruxo.htm\" target=\"_blank\" rel=\"noopener noreferrer\">oruxo<\/a><\/li>\n<li><a href=\"http:\/\/www.einesdellengua.com\/Fitxes\/Textos\/O\/Orxeta.htm\" target=\"_blank\" rel=\"noopener noreferrer\">Orxeta<\/a><\/li>\n<li><a href=\"http:\/\/www.einesdellengua.com\/Fitxes\/Textos\/O\/OSI.htm\" target=\"_blank\" rel=\"noopener noreferrer\">OSI<\/a><\/li>\n<li><a href=\"http:\/\/www.einesdellengua.com\/Fitxes\/Textos\/O\/ossifer.htm\" target=\"_blank\" rel=\"noopener noreferrer\">oss\u00edfer -ra<\/a>*<\/li>\n<li><a href=\"http:\/\/www.einesdellengua.com\/Fitxes\/Textos\/O\/ostentar.htm\" target=\"_blank\" rel=\"noopener noreferrer\">ostentar<\/a><\/li>\n<li><a href=\"http:\/\/www.einesdellengua.com\/Fitxes\/Textos\/O\/ostia.htm\" target=\"_blank\" rel=\"noopener noreferrer\">\u00f2stia<\/a>*<\/li>\n<li><a href=\"http:\/\/www.einesdellengua.com\/Fitxes\/Textos\/O\/OTC.htm\" target=\"_blank\" rel=\"noopener noreferrer\">OTC<\/a><\/li>\n<li><a href=\"https:\/\/www.cdlpv.org\/fitxes\/fer-lou\/\" target=\"_blank\" rel=\"noopener noreferrer\">ou, fer l&#8217;<\/a><\/li>\n<li><a href=\"http:\/\/www.einesdellengua.com\/Fitxes\/Textos\/O\/outsourcing.htm\" target=\"_blank\" rel=\"noopener noreferrer\"><em> outsourcing<\/em> <\/a><\/li>\n<li><a href=\"http:\/\/www.einesdellengua.com\/Fitxes\/Textos\/O\/overthecounter.htm\" target=\"_blank\" rel=\"noopener noreferrer\"><em> over the counter<\/em> <\/a><\/li>\n<li><a href=\"http:\/\/www.einesdellengua.com\/Fitxes\/Textos\/O\/oximoron.htm\" target=\"_blank\" rel=\"noopener noreferrer\">ox\u00edmoron<\/a><\/li>\n<li><a href=\"http:\/\/www.einesdellengua.com\/Fitxes\/Textos\/O\/oxitall.htm\" target=\"_blank\" rel=\"noopener noreferrer\">oxitall<\/a><\/li>\n<li><a href=\"http:\/\/www.einesdellengua.com\/Fitxes\/Textos\/O\/oxitallament.htm\" target=\"_blank\" rel=\"noopener noreferrer\">oxitallament<\/a><\/li>\n<\/ol>\n","protected":false},"excerpt":{"rendered":"<p>oberturable* obra de paleta obrar obrar por s\u00ed mismo obrer -ra obstatiu -iva obtentor -ra* OCDE ocupador -ra* ofegar ofegabous ofertar office oficialitat ling\u00fc\u00edstica oient OIR NOT. \u00a1ojo! Oliva Ollendorf \u00f2mnibus omf\u00e0lic -ca omnipot\u00e8ncia apresa Onda Onil, serra d&#8217; onom\u00e0stica onomatopeies Ontinyent OPA opacar ope legis oraci\u00f3 sint\u00e8tica or\u00e7a ordenant ordre ordre lexicogr\u00e0fic oreja orella [&hellip;]<\/p>\n","protected":false},"author":1,"featured_media":0,"parent":0,"menu_order":15,"comment_status":"closed","ping_status":"closed","template":"","meta":{"footnotes":""},"class_list":["post-60","page","type-page","status-publish","hentry"],"post_mailing_queue_ids":[],"_links":{"self":[{"href":"https:\/\/www.cdlpv.org\/fitxes\/wp-json\/wp\/v2\/pages\/60","targetHints":{"allow":["GET"]}}],"collection":[{"href":"https:\/\/www.cdlpv.org\/fitxes\/wp-json\/wp\/v2\/pages"}],"about":[{"href":"https:\/\/www.cdlpv.org\/fitxes\/wp-json\/wp\/v2\/types\/page"}],"author":[{"embeddable":true,"href":"https:\/\/www.cdlpv.org\/fitxes\/wp-json\/wp\/v2\/users\/1"}],"replies":[{"embeddable":true,"href":"https:\/\/www.cdlpv.org\/fitxes\/wp-json\/wp\/v2\/comments?post=60"}],"version-history":[{"count":21,"href":"https:\/\/www.cdlpv.org\/fitxes\/wp-json\/wp\/v2\/pages\/60\/revisions"}],"predecessor-version":[{"id":7773,"href":"https:\/\/www.cdlpv.org\/fitxes\/wp-json\/wp\/v2\/pages\/60\/revisions\/7773"}],"wp:attachment":[{"href":"https:\/\/www.cdlpv.org\/fitxes\/wp-json\/wp\/v2\/media?parent=60"}],"curies":[{"name":"wp","href":"https:\/\/api.w.org\/{rel}","templated":true}]}}