{"id":5337,"date":"2023-01-17T10:27:09","date_gmt":"2023-01-17T09:27:09","guid":{"rendered":"https:\/\/www.cdlpv.org\/fitxes\/?page_id=5337"},"modified":"2023-01-17T10:27:09","modified_gmt":"2023-01-17T09:27:09","slug":"aldc-punts-denquesta","status":"publish","type":"page","link":"https:\/\/www.cdlpv.org\/fitxes\/aldc-punts-denquesta\/","title":{"rendered":"ALDC-punts d&#8217;enquesta"},"content":{"rendered":"<h1>\u00cdndex num\u00e8ric dels punts d&#8217;enquesta de l&#8217;<em>Atles ling\u00fc\u00edstic del domini catal\u00e0<\/em><\/h1>\n<p>Les xifres permeten identificar les localitats sobre els mapes de l&#8217;atles. <a href=\"https:\/\/aldc.espais.iec.cat\/files\/2013\/06\/Mapa-I.pdf\" target=\"_blank\" rel=\"noopener\"><i class=\"fas fa-file-pdf\"><\/i><\/a> Hem mantingut els enlla\u00e7os a la informaci\u00f3 oferida del punt oferida pel web de l&#8217;<em><span class=\"versaleta\">aldc<\/span><\/em>.<\/p>\n<ol>\n<li><a href=\"http:\/\/aldc.espais.iec.cat\/localitats-nova\/localitats\/1-salses\">Salses<\/a><\/li>\n<li><a href=\"http:\/\/aldc.espais.iec.cat\/localitats-nova\/localitats\/2-estagell\">Estagell<\/a><\/li>\n<li><a href=\"http:\/\/aldc.espais.iec.cat\/localitats-nova\/localitats\/3-perpinya\">Perpiny\u00e0<\/a><\/li>\n<li><a href=\"http:\/\/aldc.espais.iec.cat\/localitats-nova\/localitats\/4-mosset\">Mosset<\/a><\/li>\n<li><a href=\"http:\/\/aldc.espais.iec.cat\/localitats-nova\/localitats\/5-sant-cebria\">Sant Cebri\u00e0 de Rossell\u00f3<\/a><\/li>\n<li><a href=\"http:\/\/aldc.espais.iec.cat\/localitats-nova\/localitats\/6-joc-5\/\">J\u00f3c<\/a><\/li>\n<li><a href=\"http:\/\/aldc.espais.iec.cat\/localitats-nova\/localitats\/7-formiguera-2\">Formiguera<\/a><\/li>\n<li><a href=\"http:\/\/aldc.espais.iec.cat\/localitats-nova\/localitats\/249-2\">Montoriol<\/a><\/li>\n<li><a href=\"http:\/\/aldc.espais.iec.cat\/localitats-nova\/localitats\/9-cornella-de-conflent\">Cornell\u00e0 de Conflent<\/a><\/li>\n<li><a href=\"http:\/\/aldc.espais.iec.cat\/localitats-nova\/localitats\/10-porte\">Port\u00e8<\/a><\/li>\n<li><a href=\"http:\/\/aldc.espais.iec.cat\/localitats-nova\/localitats\/11-prats-de-balaguer\">Prats de Balaguer<\/a><\/li>\n<li><a href=\"http:\/\/aldc.espais.iec.cat\/localitats-nova\/localitats\/12-llivia\">Ll\u00edvia<\/a><\/li>\n<li><a href=\"http:\/\/aldc.espais.iec.cat\/localitats-nova\/localitats\/13-ceret\">Ceret<\/a><\/li>\n<li><a href=\"http:\/\/aldc.espais.iec.cat\/localitats-nova\/localitats\/14-prats-de-mollo\">Prats de Moll\u00f3<\/a><\/li>\n<li><a href=\"http:\/\/aldc.espais.iec.cat\/localitats-nova\/localitats\/15-meranges\">Meranges<\/a><\/li>\n<li><a href=\"http:\/\/aldc.espais.iec.cat\/localitats-nova\/localitats\/16-macanet-de-cabrenys\">Ma\u00e7anet de Cabrenys<\/a><\/li>\n<li><a href=\"http:\/\/aldc.espais.iec.cat\/localitats-nova\/localitats\/17-llanca\">Llan\u00e7\u00e0<\/a><\/li>\n<li><a href=\"http:\/\/aldc.espais.iec.cat\/localitats-nova\/localitats\/18-vilallonga-de-ter\">Vilallonga de Ter<\/a><\/li>\n<li><a href=\"http:\/\/aldc.espais.iec.cat\/localitats-nova\/localitats\/19-alp\">Alp<\/a><\/li>\n<li><a href=\"http:\/\/aldc.espais.iec.cat\/localitats-nova\/localitats\/20-queralbs\">Queralbs<\/a><\/li>\n<li><a href=\"http:\/\/aldc.espais.iec.cat\/localitats-nova\/localitats\/21-planoles\">Planoles<\/a><\/li>\n<li><a href=\"http:\/\/aldc.espais.iec.cat\/localitats-nova\/localitats\/22-bassegoda\">Bassegoda<\/a><\/li>\n<li><a href=\"http:\/\/aldc.espais.iec.cat\/localitats-nova\/localitats\/23-oix\">Oix<\/a><\/li>\n<li><a href=\"http:\/\/aldc.espais.iec.cat\/localitats-nova\/localitats\/24-castellar-de-nhug\">Castellar de n\u2019Hug<\/a><\/li>\n<li><a href=\"http:\/\/aldc.espais.iec.cat\/localitats-nova\/localitats\/25-roses\">Roses<\/a><\/li>\n<li><a href=\"http:\/\/aldc.espais.iec.cat\/localitats-nova\/localitats\/26-lledo-demporda\">Lled\u00f3 d\u2019Empord\u00e0<\/a><\/li>\n<li><a href=\"http:\/\/aldc.espais.iec.cat\/localitats-nova\/localitats\/27-gosol\">G\u00f3sol<\/a><\/li>\n<li><a href=\"http:\/\/aldc.espais.iec.cat\/localitats-nova\/localitats\/28-campdevanol\">Campdev\u00e0nol<\/a><\/li>\n<li><a href=\"http:\/\/aldc.espais.iec.cat\/localitats-nova\/localitats\/29-sant-privat-den-bas\">Sant Privat d\u2019en Bas<\/a><\/li>\n<li><a href=\"http:\/\/aldc.espais.iec.cat\/localitats-nova\/localitats\/30-les-llosses\">Les Llosses<\/a><\/li>\n<li><a href=\"http:\/\/aldc.espais.iec.cat\/localitats-nova\/localitats\/31-banyoles\">Banyoles<\/a><\/li>\n<li><a href=\"http:\/\/aldc.espais.iec.cat\/localitats-nova\/localitats\/32-camallera\">Camallera<\/a><\/li>\n<li><a href=\"http:\/\/aldc.espais.iec.cat\/localitats-nova\/localitats\/33-avia\">Avi\u00e0<\/a><\/li>\n<li><a href=\"http:\/\/aldc.espais.iec.cat\/localitats-nova\/localitats\/34-santa-maria-de-corco\">Santa Maria de Corc\u00f3<\/a><\/li>\n<li><a href=\"http:\/\/aldc.espais.iec.cat\/localitats-nova\/localitats\/35-girona\">Girona<\/a><\/li>\n<li><a href=\"http:\/\/aldc.espais.iec.cat\/localitats-nova\/localitats\/36-begur\">Begur<\/a><\/li>\n<li><a href=\"http:\/\/aldc.espais.iec.cat\/localitats-nova\/localitats\/37-cruilles\">Cru\u00eflles<\/a><\/li>\n<li><a href=\"http:\/\/aldc.espais.iec.cat\/localitats-nova\/localitats\/38-prats-de-llucanes\">Prats de Llu\u00e7an\u00e8s<\/a><\/li>\n<li><a href=\"http:\/\/aldc.espais.iec.cat\/localitats-nova\/localitats\/39-santa-eulalia-de-riuprimer\">Santa Eul\u00e0lia de Riuprimer<\/a><\/li>\n<li><a href=\"http:\/\/aldc.espais.iec.cat\/localitats-nova\/localitats\/40-llobera-de-solsones\">Llobera de Solson\u00e8s<\/a><\/li>\n<li><a href=\"http:\/\/aldc.espais.iec.cat\/localitats-nova\/localitats\/41-cardona\">Cardona<\/a><\/li>\n<li><a href=\"http:\/\/aldc.espais.iec.cat\/localitats-nova\/localitats\/42-palamos\">Palam\u00f3s<\/a><\/li>\n<li><a href=\"http:\/\/aldc.espais.iec.cat\/localitats-nova\/localitats\/43-llagostera\">Llagostera<\/a><\/li>\n<li><a href=\"http:\/\/aldc.espais.iec.cat\/localitats-nova\/localitats\/44-balsareny\">Balsareny<\/a><\/li>\n<li><a href=\"http:\/\/aldc.espais.iec.cat\/localitats-nova\/localitats\/45-moia\">Moi\u00e0<\/a><\/li>\n<li><a href=\"http:\/\/aldc.espais.iec.cat\/localitats-nova\/localitats\/46-campins\">Campins<\/a><\/li>\n<li><a href=\"http:\/\/aldc.espais.iec.cat\/localitats-nova\/localitats\/47-tossa-de-mar\">Tossa de Mar<\/a><\/li>\n<li><a href=\"http:\/\/aldc.espais.iec.cat\/metodologia-2\/publicacio-de-resultats\/fitxa-tecnica\/a-z\/a-z-localitats-c\/48-castellfollit-de-riubregos\">Castellfollit de Riubreg\u00f3s<\/a><\/li>\n<li><a href=\"http:\/\/aldc.espais.iec.cat\/localitats-nova\/localitats\/49-calaf\">Calaf<\/a><\/li>\n<li><a href=\"http:\/\/aldc.espais.iec.cat\/localitats-nova\/localitats\/50-canoves\">C\u00e0noves<\/a><\/li>\n<li><a href=\"http:\/\/aldc.espais.iec.cat\/localitats-nova\/localitats\/51-sant-salvador-de-guardiola\">Sant Salvador de Guardiola<\/a><\/li>\n<li><a href=\"http:\/\/aldc.espais.iec.cat\/localitats-nova\/localitats\/52-tordera\">Tordera<\/a><\/li>\n<li><a href=\"http:\/\/aldc.espais.iec.cat\/localitats-nova\/localitats\/53-freixenet-de-segarra\">Freixenet de Segarra<\/a><\/li>\n<li><a href=\"http:\/\/aldc.espais.iec.cat\/localitats-nova\/localitats\/54-vacarissses\">Vacarisses<\/a><\/li>\n<li><a href=\"http:\/\/aldc.espais.iec.cat\/localitats-nova\/localitats\/55-sentmenat\">Sentmenat<\/a><\/li>\n<li><a href=\"http:\/\/aldc.espais.iec.cat\/localitats-nova\/localitats\/56-sant-andreu-de-llavaneres\">Sant Andreu de Llavaneres<\/a><\/li>\n<li><a href=\"http:\/\/aldc.espais.iec.cat\/localitats-nova\/localitats\/57-aguilo\">Aguil\u00f3<\/a><\/li>\n<li><a href=\"http:\/\/aldc.espais.iec.cat\/localitats-nova\/localitats\/58-santa-coloma-de-queralt\">Santa Coloma de Queralt<\/a><\/li>\n<li><a href=\"http:\/\/aldc.espais.iec.cat\/localitats-nova\/localitats\/59-sant-jaume-sesoliveres\">Sant Jaume Sesoliveres<\/a><\/li>\n<li><a href=\"http:\/\/aldc.espais.iec.cat\/localitats-nova\/localitats\/60-barbera-del-valles\">Barber\u00e0 del Vall\u00e8s<\/a><\/li>\n<li><a href=\"http:\/\/aldc.espais.iec.cat\/localitats-nova\/localitats\/61-cervello\">Cervell\u00f3<\/a><\/li>\n<li><a href=\"http:\/\/aldc.espais.iec.cat\/localitats-nova\/localitats\/62-barcelona\">Barcelona<\/a><\/li>\n<li><a href=\"http:\/\/aldc.espais.iec.cat\/localitats-nova\/localitats\/63-sant-boi-de-llobregat\">Sant Boi de Llobregat<\/a><\/li>\n<li><a href=\"http:\/\/aldc.espais.iec.cat\/localitats-nova\/localitats\/64-sant-jaume-dels-domenys\">Sant Jaume dels Domenys<\/a><\/li>\n<li><a href=\"http:\/\/aldc.espais.iec.cat\/localitats-nova\/localitats\/65-la-febro\">La Febr\u00f3<\/a><\/li>\n<li><a href=\"http:\/\/aldc.espais.iec.cat\/localitats-nova\/localitats\/66-alio\">Ali\u00f3<\/a><\/li>\n<li><a href=\"http:\/\/aldc.espais.iec.cat\/localitats-nova\/localitats\/67-sant-pere-de-ribes\">Sant Pere de Ribes<\/a><\/li>\n<li><a href=\"http:\/\/aldc.espais.iec.cat\/localitats-nova\/localitats\/68-tarragona\">Tarragona<\/a><\/li>\n<li><a href=\"http:\/\/aldc.espais.iec.cat\/localitats-nova\/localitats\/69-cambrils-de-mar\">Cambrils de Mar<\/a><\/li>\n<li><a href=\"http:\/\/aldc.espais.iec.cat\/localitats-nova\/localitats\/70-ciutadella\">Ciutadella<\/a><\/li>\n<li><a href=\"http:\/\/aldc.espais.iec.cat\/localitats-nova\/localitats\/71-es-migjorn-gran\">Es Migjorn Gran<\/a><\/li>\n<li><a href=\"http:\/\/aldc.espais.iec.cat\/localitats-nova\/localitats\/72-mao\">Ma\u00f3<\/a><\/li>\n<li><a href=\"http:\/\/aldc.espais.iec.cat\/localitats-nova\/localitats\/73-pollenca\">Pollen\u00e7a<\/a><\/li>\n<li><a href=\"http:\/\/aldc.espais.iec.cat\/localitats-nova\/localitats\/74-soller\">S\u00f3ller<\/a><\/li>\n<li><a href=\"http:\/\/aldc.espais.iec.cat\/localitats-nova\/localitats\/75-alaro\">Alar\u00f3<\/a><\/li>\n<li><a href=\"http:\/\/aldc.espais.iec.cat\/localitats-nova\/localitats\/76-sineu\">Sineu<\/a><\/li>\n<li><a href=\"http:\/\/aldc.espais.iec.cat\/localitats-nova\/localitats\/77-son-servera\">Son Servera<\/a><\/li>\n<li><a href=\"http:\/\/aldc.espais.iec.cat\/localitats-nova\/localitats\/78-montuiri\">Montu\u00efri<\/a><\/li>\n<li><a href=\"http:\/\/aldc.espais.iec.cat\/localitats-nova\/localitats\/79-palma\">Palma<\/a><\/li>\n<li><a href=\"http:\/\/aldc.espais.iec.cat\/localitats-nova\/localitats\/80-llucmajor\">Llucmajor<\/a><\/li>\n<li><a href=\"http:\/\/aldc.espais.iec.cat\/localitats-nova\/localitats\/81-felanitx\">Felanitx<\/a><\/li>\n<li><a href=\"http:\/\/aldc.espais.iec.cat\/localitats-nova\/localitats\/82-santanyi\">Santany\u00ed<\/a><\/li>\n<li><a href=\"http:\/\/aldc.espais.iec.cat\/localitats-nova\/localitats\/83-sant-josep-de-sa-talaia\">Sant Josep de sa Talaia<\/a><\/li>\n<li><a href=\"http:\/\/aldc.espais.iec.cat\/localitats-nova\/localitats\/84-eivissa\">Eivissa<\/a><\/li>\n<li><a href=\"http:\/\/aldc.espais.iec.cat\/localitats-nova\/localitats\/85-lalguer\">L\u2019Alguer<\/a><\/li>\n<li><a href=\"http:\/\/aldc.espais.iec.cat\/localitats-nova\/localitats\/86-esterri-daneu\">Esterri d\u2019\u00c0neu<\/a><\/li>\n<li><a href=\"http:\/\/aldc.espais.iec.cat\/localitats-nova\/localitats\/87-cerler\">Cerler<\/a><\/li>\n<li><a href=\"http:\/\/aldc.espais.iec.cat\/localitats-nova\/localitats\/88-ordino\">Ordino<\/a><\/li>\n<li><a href=\"http:\/\/aldc.espais.iec.cat\/localitats-nova\/localitats\/89-senet-de-barraves\">Senet de Barrav\u00e9s<\/a><\/li>\n<li><a href=\"http:\/\/aldc.espais.iec.cat\/localitats-nova\/localitats\/90-taull\">Ta\u00fcll<\/a><\/li>\n<li><a href=\"http:\/\/aldc.espais.iec.cat\/localitats-nova\/localitats\/91-alins-de-vallferrera\">Alins de Vallferrera<\/a><\/li>\n<li><a href=\"http:\/\/aldc.espais.iec.cat\/localitats-nova\/localitats\/92-santa-coloma-dandorra\">Santa Coloma d\u2019Andorra<\/a><\/li>\n<li><a href=\"http:\/\/aldc.espais.iec.cat\/localitats-nova\/localitats\/93-les-pauls\">Les Pa\u00fcls<\/a><\/li>\n<li><a href=\"http:\/\/aldc.espais.iec.cat\/localitats-nova\/localitats\/94-eressue\">Eressu\u00e9<\/a><\/li>\n<li><a href=\"http:\/\/aldc.espais.iec.cat\/localitats-nova\/localitats\/95-sort\">Sort<\/a><\/li>\n<li><a href=\"http:\/\/aldc.espais.iec.cat\/localitats-nova\/localitats\/96-bescaran\">Bescaran<\/a><\/li>\n<li><a href=\"http:\/\/aldc.espais.iec.cat\/localitats-nova\/localitats\/97-arfa\">Arfa<\/a><\/li>\n<li><a href=\"http:\/\/aldc.espais.iec.cat\/localitats-nova\/localitats\/98-sarroca-de-bellera\">Sarroca de Bellera<\/a><\/li>\n<li><a href=\"http:\/\/aldc.espais.iec.cat\/localitats-nova\/localitats\/99-sopeira\">Sopeira<\/a><\/li>\n<li><a href=\"http:\/\/aldc.espais.iec.cat\/localitats-nova\/localitats\/100-la-pobla-de-roda\">La Pobla de Roda<\/a><\/li>\n<li><a href=\"http:\/\/aldc.espais.iec.cat\/localitats-nova\/localitats\/101-palau-de-noguera\">Palau de Noguera<\/a><\/li>\n<li><a href=\"http:\/\/aldc.espais.iec.cat\/localitats-nova\/localitats\/102-tolba\">Tolba<\/a><\/li>\n<li><a href=\"http:\/\/aldc.espais.iec.cat\/localitats-nova\/localitats\/103-sant-llorenc-de-morunys\">Sant Lloren\u00e7 de Morunys<\/a><\/li>\n<li><a href=\"http:\/\/aldc.espais.iec.cat\/localitats-nova\/localitats\/104-isona\">Isona<\/a><\/li>\n<li><a href=\"http:\/\/aldc.espais.iec.cat\/localitats-nova\/localitats\/105-peramola\">Peramola<\/a><\/li>\n<li><a href=\"http:\/\/aldc.espais.iec.cat\/localitats-nova\/localitats\/106-estanya-2\">Estanya<\/a><\/li>\n<li><a href=\"http:\/\/aldc.espais.iec.cat\/localitats-nova\/localitats\/107-ager\">\u00c0ger<\/a><\/li>\n<li><a href=\"http:\/\/aldc.espais.iec.cat\/localitats-nova\/localitats\/108-peralta-de-la-sal\">Peralta de la Sal<\/a><\/li>\n<li><a href=\"http:\/\/aldc.espais.iec.cat\/localitats-nova\/localitats\/109-sanauja\">Sana\u00fcja<\/a><\/li>\n<li><a href=\"http:\/\/aldc.espais.iec.cat\/localitats-nova\/localitats\/110-cubells\">Cubells<\/a><\/li>\n<li><a href=\"http:\/\/aldc.espais.iec.cat\/localitats-nova\/localitats\/111-almenar\">Almenar<\/a><\/li>\n<li><a href=\"http:\/\/aldc.espais.iec.cat\/localitats-nova\/localitats\/112-agramunt\">Agramunt<\/a><\/li>\n<li><a href=\"http:\/\/aldc.espais.iec.cat\/localitats-nova\/localitats\/113-linyola\">Linyola<\/a><\/li>\n<li><a href=\"http:\/\/aldc.espais.iec.cat\/localitats-nova\/localitats\/114-cervera\">Cervera<\/a><\/li>\n<li><a href=\"http:\/\/aldc.espais.iec.cat\/localitats-nova\/localitats\/115-saidi\">Said\u00ed<\/a><\/li>\n<li><a href=\"http:\/\/aldc.espais.iec.cat\/localitats-nova\/localitats\/116-lleida\">Lleida<\/a><\/li>\n<li><a href=\"http:\/\/aldc.espais.iec.cat\/localitats-nova\/localitats\/117-arbeca\">Arbeca<\/a><\/li>\n<li><a href=\"http:\/\/aldc.espais.iec.cat\/localitats-nova\/localitats\/118-fraga\">Fraga<\/a><\/li>\n<li><a href=\"http:\/\/aldc.espais.iec.cat\/localitats-nova\/localitats\/119-granyena-de-les-garrigues\">Granyena de les Garrigues<\/a><\/li>\n<li><a href=\"http:\/\/aldc.espais.iec.cat\/localitats-nova\/localitats\/120-vinaixa\">Vinaixa<\/a><\/li>\n<li><a href=\"http:\/\/aldc.espais.iec.cat\/localitats-nova\/localitats\/121-vimbodi\">Vimbod\u00ed<\/a><\/li>\n<li><a href=\"http:\/\/aldc.espais.iec.cat\/localitats-nova\/localitats\/122-mequinensa\">Mequinensa<\/a><\/li>\n<li><a href=\"http:\/\/aldc.espais.iec.cat\/localitats-nova\/localitats\/123-margalef-de-montsant\">Margalef de Montsant<\/a><\/li>\n<li><a href=\"http:\/\/aldc.espais.iec.cat\/localitats-nova\/localitats\/124-riba-roja-debre\">Riba-roja<\/a><\/li>\n<li><a href=\"http:\/\/aldc.espais.iec.cat\/localitats-nova\/localitats\/125-favara-de-matarranya\">Favara de Matarranya<\/a><\/li>\n<li><a href=\"http:\/\/aldc.espais.iec.cat\/localitats-nova\/localitats\/126-la-torre-de-fontaubella\">La Torre de Fontaubella<\/a><\/li>\n<li><a href=\"http:\/\/aldc.espais.iec.cat\/localitats-nova\/localitats\/127-marca\">Mar\u00e7\u00e0<\/a><\/li>\n<li><a href=\"http:\/\/aldc.espais.iec.cat\/localitats-nova\/localitats\/128-vilalba-dels-arcs\">Vilalba dels Arcs<\/a><\/li>\n<li><a href=\"http:\/\/aldc.espais.iec.cat\/localitats-nova\/localitats\/129-mora-la-nova\">M\u00f3ra la Nova<\/a><\/li>\n<li><a href=\"http:\/\/aldc.espais.iec.cat\/localitats-nova\/localitats\/130-massalio\">Massali\u00f3<\/a><\/li>\n<li><a href=\"http:\/\/aldc.espais.iec.cat\/localitats-nova\/localitats\/131-valljunquera\">Valljunquera<\/a><\/li>\n<li><a href=\"http:\/\/aldc.espais.iec.cat\/localitats-nova\/localitats\/132-la-codonyera\">La Codonyera<\/a><\/li>\n<li><a href=\"http:\/\/aldc.espais.iec.cat\/localitats-nova\/localitats\/133-lametlla-de-mar\">L\u2019Ametlla de Mar<\/a><\/li>\n<li><a href=\"http:\/\/aldc.espais.iec.cat\/localitats-nova\/localitats\/134-torrevelilla\">Torrevelilla<\/a><\/li>\n<li><a href=\"http:\/\/aldc.espais.iec.cat\/localitats-nova\/localitats\/135-horta-de-sant-joan\">Horta de Sant Joan<\/a><\/li>\n<li><a href=\"http:\/\/aldc.espais.iec.cat\/localitats-nova\/localitats\/136-vall-de-roures\">Vall-de-roures<\/a><\/li>\n<li><a href=\"http:\/\/aldc.espais.iec.cat\/localitats-nova\/localitats\/137-bellmunt-de-mesqui\">Bellmunt de Mesqu\u00ed<\/a><\/li>\n<li><a href=\"http:\/\/aldc.espais.iec.cat\/localitats-nova\/localitats\/138-la-ginebrosa\">La Ginebrosa<\/a><\/li>\n<li><a href=\"http:\/\/aldc.espais.iec.cat\/localitats-nova\/localitats\/139-aiguaviva-de-bergantes\">Aiguaviva de Bergantes<\/a><\/li>\n<li><a href=\"http:\/\/aldc.espais.iec.cat\/localitats-nova\/localitats\/140-roquetes\">Roquetes<\/a><\/li>\n<li><a href=\"http:\/\/aldc.espais.iec.cat\/localitats-nova\/localitats\/141-mas-de-barberans\">Mas de Barberans<\/a><\/li>\n<li><a href=\"http:\/\/aldc.espais.iec.cat\/localitats-nova\/localitats\/142-sorita\">Sorita<\/a><\/li>\n<li><a href=\"http:\/\/aldc.espais.iec.cat\/localitats-nova\/localitats\/143-amposta\">Amposta<\/a><\/li>\n<li><a href=\"http:\/\/aldc.espais.iec.cat\/localitats-nova\/localitats\/144-xiva-de-morella\">Xiva de Morella<\/a><\/li>\n<li><a href=\"http:\/\/aldc.espais.iec.cat\/localitats-nova\/localitats\/145-ulldecona\">Ulldecona<\/a><\/li>\n<li><a href=\"http:\/\/aldc.espais.iec.cat\/localitats-nova\/localitats\/146-rossell\">Rossell<\/a><\/li>\n<li><a href=\"http:\/\/aldc.espais.iec.cat\/localitats-nova\/localitats\/147-vinaros\">Vinar\u00f2s<\/a><\/li>\n<li><a href=\"http:\/\/aldc.espais.iec.cat\/localitats-nova\/localitats\/148-sant-mateu-del-maestrat\">Sant Mateu del Maestrat<\/a><\/li>\n<li><a href=\"http:\/\/aldc.espais.iec.cat\/localitats-nova\/localitats\/149-vilafranca-del-maestrat\">Vilafranca del Maestrat<\/a><\/li>\n<li><a href=\"http:\/\/aldc.espais.iec.cat\/localitats-nova\/localitats\/150-albocasser\">Alboc\u00e0sser<\/a><\/li>\n<li><a href=\"http:\/\/aldc.espais.iec.cat\/localitats-nova\/localitats\/151-alcala-de-xivert\">Alcal\u00e0 de Xivert<\/a><\/li>\n<li><a href=\"http:\/\/aldc.espais.iec.cat\/localitats-nova\/localitats\/152-atzeneta-del-maestrat\">Atzeneta del Maestrat<\/a><\/li>\n<li><a href=\"http:\/\/aldc.espais.iec.cat\/localitats-nova\/localitats\/153-cabanes-de-larc\">Cabanes de l\u2019Arc<\/a><\/li>\n<li><a href=\"http:\/\/aldc.espais.iec.cat\/localitats-nova\/localitats\/154-castello-de-la-plana\">Castell\u00f3 de la Plana<\/a><\/li>\n<li><a href=\"http:\/\/aldc.espais.iec.cat\/localitats-nova\/localitats\/155-borriana\">Borriana<\/a><\/li>\n<li><a href=\"http:\/\/aldc.espais.iec.cat\/localitats-nova\/localitats\/156-fondeguilla\">Fondeguilla<\/a><\/li>\n<li><a href=\"http:\/\/aldc.espais.iec.cat\/localitats-nova\/localitats\/157-la-llosa-de-la-plana\">La Llosa de la Plana<\/a><\/li>\n<li><a href=\"http:\/\/aldc.espais.iec.cat\/localitats-nova\/localitats\/158-algimia-de-la-baronia\">Alg\u00edmia de la Baronia<\/a><\/li>\n<li><a href=\"http:\/\/aldc.espais.iec.cat\/localitats-nova\/localitats\/159-benifairo-de-les-valls\">Benifair\u00f3 de les Valls<\/a><\/li>\n<li><a href=\"http:\/\/aldc.espais.iec.cat\/localitats-nova\/localitats\/160-casinos\">Casinos<\/a><\/li>\n<li><a href=\"http:\/\/aldc.espais.iec.cat\/localitats-nova\/localitats\/161-el-puig-de-santa-maria\">El Puig de Santa Maria<\/a><\/li>\n<li><a href=\"http:\/\/aldc.espais.iec.cat\/localitats-nova\/localitats\/162-vilamarxant\">Vilamarxant<\/a><\/li>\n<li><a href=\"http:\/\/aldc.espais.iec.cat\/localitats-nova\/localitats\/163-valencia\">Val\u00e8ncia<\/a><\/li>\n<li><a href=\"http:\/\/aldc.espais.iec.cat\/localitats-nova\/localitats\/164-alfafar\">Alfafar<\/a><\/li>\n<li><a href=\"http:\/\/aldc.espais.iec.cat\/localitats-nova\/localitats\/165-picassent\">Picassent<\/a><\/li>\n<li><a href=\"http:\/\/aldc.espais.iec.cat\/localitats-nova\/localitats\/166-toris\">Tor\u00eds<\/a><\/li>\n<li><a href=\"http:\/\/aldc.espais.iec.cat\/localitats-nova\/localitats\/167-sollana\">Sollana<\/a><\/li>\n<li><a href=\"http:\/\/aldc.espais.iec.cat\/localitats-nova\/localitats\/168-lalcudia-de-carlet\">L\u2019Alc\u00fadia de Carlet<\/a><\/li>\n<li><a href=\"http:\/\/aldc.espais.iec.cat\/localitats-nova\/localitats\/169-albalat-de-la-ribera\">Albalat de la Ribera<\/a><\/li>\n<li><a href=\"http:\/\/aldc.espais.iec.cat\/localitats-nova\/localitats\/170-alzira\">Alzira<\/a><\/li>\n<li><a href=\"http:\/\/aldc.espais.iec.cat\/localitats-nova\/localitats\/171-alberic\">Alberic<\/a><\/li>\n<li><a href=\"http:\/\/aldc.espais.iec.cat\/localitats-nova\/localitats\/172-sallent-de-xativa\">Sallent de X\u00e0tiva<\/a><\/li>\n<li><a href=\"http:\/\/aldc.espais.iec.cat\/localitats-nova\/localitats\/173-simat-de-valldigna\">Simat de Valldigna<\/a><\/li>\n<li><a href=\"http:\/\/aldc.espais.iec.cat\/localitats-nova\/localitats\/174-lalqueria-de-la-comtessa\">L\u2019Alqueria de la Comtessa<\/a><\/li>\n<li><a href=\"http:\/\/aldc.espais.iec.cat\/localitats-nova\/localitats\/175-beniganim\">Benig\u00e0nim<\/a><\/li>\n<li><a href=\"http:\/\/aldc.espais.iec.cat\/localitats-nova\/localitats\/176-montesa\">Montesa<\/a><\/li>\n<li><a href=\"http:\/\/aldc.espais.iec.cat\/localitats-nova\/localitats\/177-la-font-de-la-figuera\">La Font de la Figuera<\/a><\/li>\n<li><a href=\"http:\/\/aldc.espais.iec.cat\/localitats-nova\/localitats\/178-ontinyent\">Ontinyent<\/a><\/li>\n<li><a href=\"http:\/\/aldc.espais.iec.cat\/localitats-nova\/localitats\/179-pego\">Pego<\/a><\/li>\n<li><a href=\"http:\/\/aldc.espais.iec.cat\/localitats-nova\/localitats\/180-xabia\">X\u00e0bia<\/a><\/li>\n<li><a href=\"http:\/\/aldc.espais.iec.cat\/localitats-nova\/localitats\/181-muro-del-comtat\">Muro del Comtat<\/a><\/li>\n<li><a href=\"http:\/\/aldc.espais.iec.cat\/localitats-nova\/localitats\/182-tarbena\">T\u00e0rbena<\/a><\/li>\n<li><a href=\"http:\/\/aldc.espais.iec.cat\/localitats-nova\/localitats\/183-beneixama\">Beneixama<\/a><\/li>\n<li><a href=\"http:\/\/aldc.espais.iec.cat\/localitats-nova\/localitats\/184-altea\">Altea<\/a><\/li>\n<li><a href=\"http:\/\/aldc.espais.iec.cat\/localitats-nova\/localitats\/185-torremancanes\">Torreman\u00e7anes<\/a><\/li>\n<li><a href=\"http:\/\/aldc.espais.iec.cat\/localitats-nova\/localitats\/186-novelda\">Novelda<\/a><\/li>\n<li><a href=\"http:\/\/aldc.espais.iec.cat\/localitats-nova\/localitats\/187-el-pinos-de-monover\">El Pin\u00f3s de Mon\u00f2ver<\/a><\/li>\n<li><a href=\"http:\/\/aldc.espais.iec.cat\/localitats-nova\/localitats\/188-alacant\">Alacant<\/a><\/li>\n<li><a href=\"http:\/\/aldc.espais.iec.cat\/localitats-nova\/localitats\/189-crevillent\">Crevillent<\/a><\/li>\n<li><a href=\"http:\/\/aldc.espais.iec.cat\/localitats-nova\/localitats\/190-guardamar\">Guardamar<\/a><\/li>\n<\/ol>\n","protected":false},"excerpt":{"rendered":"<p>\u00cdndex num\u00e8ric dels punts d&#8217;enquesta de l&#8217;Atles ling\u00fc\u00edstic del domini catal\u00e0 Les xifres permeten identificar les localitats sobre els mapes de l&#8217;atles. Hem mantingut els enlla\u00e7os a la informaci\u00f3 oferida del punt oferida pel web de l&#8217;aldc. Salses Estagell Perpiny\u00e0 Mosset Sant Cebri\u00e0 de Rossell\u00f3 J\u00f3c Formiguera Montoriol Cornell\u00e0 de Conflent Port\u00e8 Prats de Balaguer [&hellip;]<\/p>\n","protected":false},"author":1,"featured_media":0,"parent":0,"menu_order":0,"comment_status":"closed","ping_status":"closed","template":"","meta":{"footnotes":""},"class_list":["post-5337","page","type-page","status-publish","hentry"],"post_mailing_queue_ids":[],"_links":{"self":[{"href":"https:\/\/www.cdlpv.org\/fitxes\/wp-json\/wp\/v2\/pages\/5337","targetHints":{"allow":["GET"]}}],"collection":[{"href":"https:\/\/www.cdlpv.org\/fitxes\/wp-json\/wp\/v2\/pages"}],"about":[{"href":"https:\/\/www.cdlpv.org\/fitxes\/wp-json\/wp\/v2\/types\/page"}],"author":[{"embeddable":true,"href":"https:\/\/www.cdlpv.org\/fitxes\/wp-json\/wp\/v2\/users\/1"}],"replies":[{"embeddable":true,"href":"https:\/\/www.cdlpv.org\/fitxes\/wp-json\/wp\/v2\/comments?post=5337"}],"version-history":[{"count":1,"href":"https:\/\/www.cdlpv.org\/fitxes\/wp-json\/wp\/v2\/pages\/5337\/revisions"}],"predecessor-version":[{"id":5338,"href":"https:\/\/www.cdlpv.org\/fitxes\/wp-json\/wp\/v2\/pages\/5337\/revisions\/5338"}],"wp:attachment":[{"href":"https:\/\/www.cdlpv.org\/fitxes\/wp-json\/wp\/v2\/media?parent=5337"}],"curies":[{"name":"wp","href":"https:\/\/api.w.org\/{rel}","templated":true}]}}