{"id":49,"date":"2022-05-12T20:30:42","date_gmt":"2022-05-12T18:30:42","guid":{"rendered":"http:\/\/www.cdlpv.org\/fitxes\/?page_id=49"},"modified":"2023-03-21T14:36:41","modified_gmt":"2023-03-21T13:36:41","slug":"l","status":"publish","type":"page","link":"https:\/\/www.cdlpv.org\/fitxes\/l\/","title":{"rendered":"[L]"},"content":{"rendered":"<ol>\n<li><a href=\"https:\/\/www.cdlpv.org\/fitxes\/?p=3969&amp;preview=true\" target=\"_blank\" rel=\"noopener noreferrer\">L, l<\/a><\/li>\n<li><a href=\"http:\/\/www.cdlpv.org\/fitxes\/lactivisme\/\" target=\"_blank\" rel=\"noopener noreferrer\">lactivisme<\/a><\/li>\n<li><a href=\"http:\/\/www.einesdellengua.com\/Fitxes\/Textos\/L\/lagunaje.htm\" target=\"_blank\" rel=\"noopener noreferrer\"><em>lagunaje<\/em>*<\/a><\/li>\n<li><a href=\"http:\/\/www.cdlpv.org\/fitxes\/lampara\/\" target=\"_blank\" rel=\"noopener noreferrer\">l\u00e0mpada<\/a><\/li>\n<li><a href=\"http:\/\/www.cdlpv.org\/fitxes\/lampara\/\" target=\"_blank\" rel=\"noopener noreferrer\">l\u00e0mpara<\/a><\/li>\n<li><a href=\"http:\/\/www.einesdellengua.com\/Fitxes\/Textos\/L\/lampista.htm\" target=\"_blank\" rel=\"noopener noreferrer\">lampista<\/a><\/li>\n<li><a href=\"http:\/\/www.einesdellengua.com\/Fitxes\/Textos\/L\/lapidatge.htm\" target=\"_blank\" rel=\"noopener noreferrer\">lapidatge<\/a><\/li>\n<li><a href=\"http:\/\/www.einesdellengua.com\/Fitxes\/Textos\/L\/lasquarri.htm\" target=\"_blank\" rel=\"noopener noreferrer\">Lasquarri<\/a><\/li>\n<li><a href=\"https:\/\/www.cdlpv.org\/fitxes\/falca\/\" target=\"_blank\" rel=\"noopener\"><em>latiguillo<\/em><\/a><\/li>\n<li><a href=\"http:\/\/www.einesdellengua.com\/Fitxes\/Textos\/L\/leasing.htm\" target=\"_blank\" rel=\"noopener noreferrer\"><em>leasing<\/em><\/a><\/li>\n<li><a href=\"http:\/\/www.einesdellengua.com\/Fitxes\/Textos\/L\/legorragia.htm\" target=\"_blank\" rel=\"noopener noreferrer\">legorr\u00e0gia*<\/a><\/li>\n<li><a href=\"http:\/\/www.einesdellengua.com\/Fitxes\/Textos\/L\/Leq.htm\" target=\"_blank\" rel=\"noopener noreferrer\">Leq<\/a>*<\/li>\n<li><a href=\"http:\/\/www.cdlpv.org\/fitxes\/lirili\/\" target=\"_blank\" rel=\"noopener noreferrer\"><em>lerele<\/em><\/a><\/li>\n<li><a href=\"http:\/\/www.einesdellengua.com\/Fitxes\/Textos\/L\/levantamiento.htm\" target=\"_blank\" rel=\"noopener noreferrer\"><em>levantamiento<\/em><\/a><\/li>\n<li><a href=\"https:\/\/www.cdlpv.org\/fitxes\/lgtbi-fobia\/\" target=\"_blank\" rel=\"noopener\"><span class=\"versaleta\">lgtbi<\/span>-f\u00f2bia<\/a><\/li>\n<li><a href=\"https:\/\/www.cdlpv.org\/fitxes\/lgtbi-fobia\/\" target=\"_blank\" rel=\"noopener\"><span class=\"versaleta\">lgtbi<\/span>-f\u00f2bic -ca<\/a><\/li>\n<li><a href=\"http:\/\/www.einesdellengua.com\/Fitxes\/Textos\/L\/liberalitzacio.htm\" target=\"_blank\" rel=\"noopener noreferrer\">liberalitzaci\u00f3<\/a><\/li>\n<li><a href=\"http:\/\/www.einesdellengua.com\/Fitxes\/Textos\/L\/liberalitzar.htm\" target=\"_blank\" rel=\"noopener noreferrer\">liberalitzar<\/a><\/li>\n<li><a href=\"http:\/\/www.einesdellengua.com\/Fitxes\/Textos\/L\/libor.htm\" target=\"_blank\" rel=\"noopener noreferrer\">l\u00edbor<\/a><\/li>\n<li><a href=\"http:\/\/www.einesdellengua.com\/Fitxes\/Textos\/L\/lliurar.htm\" target=\"_blank\" rel=\"noopener noreferrer\"><em>librar<\/em><\/a><\/li>\n<li><a href=\"http:\/\/www.einesdellengua.com\/Fitxes\/Textos\/L\/LIC.htm\" target=\"_blank\" rel=\"noopener noreferrer\">LIC<\/a><\/li>\n<li><a href=\"http:\/\/www.einesdellengua.com\/Fitxes\/Textos\/L\/licitar.htm\" target=\"_blank\" rel=\"noopener noreferrer\">licitar<\/a><\/li>\n<li><a href=\"http:\/\/www.einesdellengua.com\/Fitxes\/Textos\/L\/LIFE.htm\" target=\"_blank\" rel=\"noopener noreferrer\">LIFE<\/a><\/li>\n<li><a href=\"https:\/\/www.cdlpv.org\/fitxes\/cost-cicle-vida\/\" target=\"_blank\" rel=\"noopener noreferrer\"><em>life cycle cost<\/em><\/a><\/li>\n<li><a href=\"http:\/\/www.einesdellengua.com\/Fitxes\/Textos\/L\/limitdebremermann.htm\" target=\"_blank\" rel=\"noopener noreferrer\">l\u00edmit de Bremermann<\/a><\/li>\n<li><a href=\"http:\/\/www.einesdellengua.com\/Fitxes\/Textos\/L\/linguitzacio.htm\" target=\"_blank\" rel=\"noopener noreferrer\">ling\u00fcitzaci\u00f3<\/a><\/li>\n<li><a href=\"http:\/\/www.cdlpv.org\/fitxes\/lirili\/\" target=\"_blank\" rel=\"noopener noreferrer\"><em>lirili<\/em><\/a><\/li>\n<li><a href=\"http:\/\/www.einesdellengua.com\/Fitxes\/Textos\/L\/lising.htm\" target=\"_blank\" rel=\"noopener noreferrer\">l\u00edsing<\/a><\/li>\n<li><a href=\"http:\/\/www.einesdellengua.com\/Fitxes\/Textos\/L\/litigiositat.htm\" target=\"_blank\" rel=\"noopener noreferrer\">litigiositat<\/a><\/li>\n<li><a href=\"http:\/\/www.einesdellengua.com\/Fitxes\/Textos\/L\/litotriptor.htm\" target=\"_blank\" rel=\"noopener noreferrer\"><em>litotricia<\/em><\/a><\/li>\n<li><a href=\"http:\/\/www.einesdellengua.com\/Fitxes\/Textos\/L\/litotriptor.htm\" target=\"_blank\" rel=\"noopener noreferrer\"><em>litotrictor<\/em><\/a><\/li>\n<li><a href=\"http:\/\/www.einesdellengua.com\/Fitxes\/Textos\/L\/litotriptor.htm\" target=\"_blank\" rel=\"noopener noreferrer\">litotr\u00edpsia<\/a><\/li>\n<li><a href=\"http:\/\/www.einesdellengua.com\/Fitxes\/Textos\/L\/litotriptor.htm\" target=\"_blank\" rel=\"noopener noreferrer\">litotriptor<\/a><\/li>\n<li><a href=\"https:\/\/www.cdlpv.org\/fitxes\/?p=3969&amp;preview=true\" target=\"_blank\" rel=\"noopener noreferrer\">litre<\/a><\/li>\n<li><a href=\"http:\/\/www.einesdellengua.com\/Fitxes\/Textos\/L\/llacor.htm\" target=\"_blank\" rel=\"noopener noreferrer\">llacor<\/a><\/li>\n<li><a href=\"http:\/\/www.einesdellengua.com\/Fitxes\/Textos\/L\/llacunatge.htm\" target=\"_blank\" rel=\"noopener noreferrer\">llacunatge<\/a>*<\/li>\n<li><a href=\"http:\/\/www.cdlpv.org\/fitxes\/lladrit\/\" target=\"_blank\" rel=\"noopener noreferrer\">lladrit<\/a>*<\/li>\n<li><a href=\"http:\/\/www.einesdellengua.com\/Fitxes\/Textos\/L\/llaga.htm\" target=\"_blank\" rel=\"noopener noreferrer\"><em>llaga<\/em><\/a><\/li>\n<li><a href=\"http:\/\/www.einesdellengua.com\/Fitxes\/Textos\/L\/llanaxurra.htm\" target=\"_blank\" rel=\"noopener noreferrer\">llana xurra<\/a><\/li>\n<li><a href=\"http:\/\/www.einesdellengua.com\/Fitxes\/Textos\/L\/llandar.htm\" target=\"_blank\" rel=\"noopener noreferrer\">llandar<\/a>*<\/li>\n<li><a href=\"http:\/\/www.cdlpv.org\/fitxes\/llanfarnada\/\" target=\"_blank\" rel=\"noopener noreferrer\">llanfarnada<\/a><\/li>\n<li><a href=\"http:\/\/www.einesdellengua.com\/Fitxes\/Textos\/L\/llanterner.htm\" target=\"_blank\" rel=\"noopener noreferrer\">llanterner -ra<\/a><\/li>\n<li><a href=\"http:\/\/www.einesdellengua.com\/Fitxes\/Textos\/L\/llastar.htm\" target=\"_blank\" rel=\"noopener noreferrer\">llastar<\/a><\/li>\n<li><a href=\"http:\/\/www.cdlpv.org\/fitxes\/llata\/\" target=\"_blank\" rel=\"noopener noreferrer\">llata<\/a><\/li>\n<li><a href=\"http:\/\/www.einesdellengua.com\/Fitxes\/Textos\/L\/llatinismes.htm\" target=\"_blank\" rel=\"noopener noreferrer\">llatinismes<\/a><\/li>\n<li><a href=\"http:\/\/www.einesdellengua.com\/Fitxes\/Textos\/L\/llauner.htm\" target=\"_blank\" rel=\"noopener noreferrer\">llauner -ra<\/a><\/li>\n<li><a href=\"http:\/\/www.einesdellengua.com\/Fitxes\/Textos\/L\/llautxar.htm\" target=\"_blank\" rel=\"noopener noreferrer\">llautxar<\/a>*<\/li>\n<li><a href=\"http:\/\/www.einesdellengua.com\/Fitxes\/Textos\/L\/llaveenmano.htm\" target=\"_blank\" rel=\"noopener noreferrer\"><em>llave en mano<\/em><\/a><\/li>\n<li><a href=\"http:\/\/www.einesdellengua.com\/Fitxes\/Textos\/L\/lledoner.htm\" target=\"_blank\" rel=\"noopener noreferrer\">lledoner<\/a><\/li>\n<li><a href=\"http:\/\/www.einesdellengua.com\/Fitxes\/Textos\/L\/lleifabra.htm\" target=\"_blank\" rel=\"noopener noreferrer\">llei Fabra<\/a>*<\/li>\n<li><a href=\"http:\/\/www.einesdellengua.com\/Fitxes\/Textos\/L\/llemosi.htm\" target=\"_blank\" rel=\"noopener noreferrer\">llemos\u00ed<\/a><\/li>\n<li><a href=\"http:\/\/www.einesdellengua.com\/Fitxes\/Textos\/L\/llenca.htm\" target=\"_blank\" rel=\"noopener noreferrer\">llen\u00e7a<\/a><\/li>\n<li><a href=\"http:\/\/www.einesdellengua.com\/Fitxes\/Textos\/L\/llenguacomuna.htm\" target=\"_blank\" rel=\"noopener noreferrer\">llengua comuna<\/a><\/li>\n<li><a href=\"http:\/\/www.einesdellengua.com\/Fitxes\/Textos\/L\/llenguapropia.htm\" target=\"_blank\" rel=\"noopener noreferrer\">llengua pr\u00f2pia<\/a><\/li>\n<li><a href=\"http:\/\/www.einesdellengua.com\/Fitxes\/Textos\/L\/llenguatges.htm\" target=\"_blank\" rel=\"noopener noreferrer\">llenguatges<\/a><\/li>\n<li><a href=\"http:\/\/www.einesdellengua.com\/Fitxes\/Textos\/A\/africa.htm\" target=\"_blank\" rel=\"noopener noreferrer\">lleng\u00fces d&#8217;\u00c0frica<\/a><\/li>\n<li><a href=\"http:\/\/www.einesdellengua.com\/Fitxes\/Textos\/F\/floc.htm\" target=\"_blank\" rel=\"noopener noreferrer\">llepet<\/a><\/li>\n<li><a href=\"http:\/\/www.einesdellengua.com\/Fitxes\/Textos\/F\/floc.htm\" target=\"_blank\" rel=\"noopener noreferrer\">llepada<\/a><\/li>\n<li><a href=\"http:\/\/www.einesdellengua.com\/Fitxes\/Textos\/L\/llera.htm\" target=\"_blank\" rel=\"noopener noreferrer\">llera<\/a><\/li>\n<li><a href=\"http:\/\/www.einesdellengua.com\/Fitxes\/Textos\/L\/lletradepalsec.htm\" target=\"_blank\" rel=\"noopener noreferrer\">lletra de pal sec<\/a><\/li>\n<li><a href=\"http:\/\/www.einesdellengua.com\/Fitxes\/Textos\/L\/llibreta.htm\" target=\"_blank\" rel=\"noopener noreferrer\">llibreta<\/a><\/li>\n<li><a href=\"http:\/\/www.einesdellengua.com\/Fitxes\/Textos\/L\/llinyola.htm\" target=\"_blank\" rel=\"noopener noreferrer\">llinyola<\/a><\/li>\n<li><a href=\"https:\/\/www.cdlpv.org\/fitxes\/llit-familiar\/\" target=\"_blank\" rel=\"noopener\">llit familiar<\/a><\/li>\n<li><a href=\"http:\/\/www.einesdellengua.com\/Fitxes\/Textos\/L\/lliuranca.htm\" target=\"_blank\" rel=\"noopener noreferrer\">lliuran\u00e7a<\/a><\/li>\n<li><a href=\"http:\/\/www.einesdellengua.com\/Fitxes\/Textos\/L\/lliurar.htm\" target=\"_blank\" rel=\"noopener noreferrer\">lliurar<\/a><\/li>\n<li><a href=\"http:\/\/www.einesdellengua.com\/Fitxes\/Textos\/L\/Lloma.htm\" target=\"_blank\" rel=\"noopener noreferrer\">Lloma<\/a><\/li>\n<li><a href=\"http:\/\/www.einesdellengua.com\/Fitxes\/Textos\/L\/llop.htm\" target=\"_blank\" rel=\"noopener noreferrer\">Llop, barranc del<\/a><\/li>\n<li><a href=\"http:\/\/www.einesdellengua.com\/Fitxes\/Textos\/L\/Llucena.htm\" target=\"_blank\" rel=\"noopener noreferrer\">Llucena<\/a><\/li>\n<li><a href=\"http:\/\/www.einesdellengua.com\/Fitxes\/Textos\/L\/LMT.htm\" target=\"_blank\" rel=\"noopener noreferrer\">LMT<\/a><\/li>\n<li><a href=\"http:\/\/www.einesdellengua.com\/Fitxes\/Textos\/L\/lock-up.htm\" target=\"_blank\" rel=\"noopener noreferrer\"><em>lock-up<\/em><\/a><\/li>\n<li><a href=\"http:\/\/www.einesdellengua.com\/Fitxes\/Textos\/L\/logical.htm\" target=\"_blank\" rel=\"noopener noreferrer\"><em>logical<\/em><\/a><\/li>\n<li><a href=\"http:\/\/www.einesdellengua.com\/Fitxes\/Textos\/L\/lomqe.htm\" target=\"_blank\" rel=\"noopener noreferrer\"><span class=\"versaleta\">lomce<\/span><\/a><\/li>\n<li><a href=\"http:\/\/www.einesdellengua.com\/Fitxes\/Textos\/L\/lomqe.htm\" target=\"_blank\" rel=\"noopener noreferrer\"><span class=\"versaleta\">lomqe<\/span><\/a><\/li>\n<li><a href=\"http:\/\/www.einesdellengua.com\/Fitxes\/Textos\/L\/lorza.htm\" target=\"_blank\" rel=\"noopener noreferrer\"><em>lorza<\/em><\/a><\/li>\n<li><a href=\"http:\/\/www.einesdellengua.com\/Fitxes\/Textos\/L\/LRAU.htm\" target=\"_blank\" rel=\"noopener noreferrer\">LRAU<\/a><\/li>\n<li><a href=\"http:\/\/www.einesdellengua.com\/Fitxes\/Textos\/L\/lucernario.htm\" target=\"_blank\" rel=\"noopener noreferrer\"><em>lucernario<\/em><\/a><\/li>\n<li><a href=\"http:\/\/www.einesdellengua.com\/Fitxes\/Textos\/L\/lucre.htm\" target=\"_blank\" rel=\"noopener noreferrer\">lucre cessant<\/a><\/li>\n<li><a href=\"http:\/\/www.einesdellengua.com\/Fitxes\/Textos\/L\/lues.htm\" target=\"_blank\" rel=\"noopener noreferrer\">lues<\/a><\/li>\n<li><em><a href=\"http:\/\/www.einesdellengua.com\/Fitxes\/Textos\/L\/lugar.htm\" target=\"_blank\" rel=\"noopener noreferrer\">lugar<\/a><\/em><\/li>\n<\/ol>\n","protected":false},"excerpt":{"rendered":"<p>L, l lactivisme lagunaje* l\u00e0mpada l\u00e0mpara lampista lapidatge Lasquarri latiguillo leasing legorr\u00e0gia* Leq* lerele levantamiento lgtbi-f\u00f2bia lgtbi-f\u00f2bic -ca liberalitzaci\u00f3 liberalitzar l\u00edbor librar LIC licitar LIFE life cycle cost l\u00edmit de Bremermann ling\u00fcitzaci\u00f3 lirili l\u00edsing litigiositat litotricia litotrictor litotr\u00edpsia litotriptor litre llacor llacunatge* lladrit* llaga llana xurra llandar* llanfarnada llanterner -ra llastar llata llatinismes llauner -ra [&hellip;]<\/p>\n","protected":false},"author":1,"featured_media":0,"parent":0,"menu_order":12,"comment_status":"closed","ping_status":"closed","template":"","meta":{"footnotes":""},"class_list":["post-49","page","type-page","status-publish","hentry"],"post_mailing_queue_ids":[],"_links":{"self":[{"href":"https:\/\/www.cdlpv.org\/fitxes\/wp-json\/wp\/v2\/pages\/49","targetHints":{"allow":["GET"]}}],"collection":[{"href":"https:\/\/www.cdlpv.org\/fitxes\/wp-json\/wp\/v2\/pages"}],"about":[{"href":"https:\/\/www.cdlpv.org\/fitxes\/wp-json\/wp\/v2\/types\/page"}],"author":[{"embeddable":true,"href":"https:\/\/www.cdlpv.org\/fitxes\/wp-json\/wp\/v2\/users\/1"}],"replies":[{"embeddable":true,"href":"https:\/\/www.cdlpv.org\/fitxes\/wp-json\/wp\/v2\/comments?post=49"}],"version-history":[{"count":16,"href":"https:\/\/www.cdlpv.org\/fitxes\/wp-json\/wp\/v2\/pages\/49\/revisions"}],"predecessor-version":[{"id":5509,"href":"https:\/\/www.cdlpv.org\/fitxes\/wp-json\/wp\/v2\/pages\/49\/revisions\/5509"}],"wp:attachment":[{"href":"https:\/\/www.cdlpv.org\/fitxes\/wp-json\/wp\/v2\/media?parent=49"}],"curies":[{"name":"wp","href":"https:\/\/api.w.org\/{rel}","templated":true}]}}