{"id":47,"date":"2020-02-26T20:30:40","date_gmt":"2020-02-26T19:30:40","guid":{"rendered":"http:\/\/www.cdlpv.org\/fitxes\/?page_id=47"},"modified":"2022-05-18T12:34:38","modified_gmt":"2022-05-18T10:34:38","slug":"k","status":"publish","type":"page","link":"https:\/\/www.cdlpv.org\/fitxes\/k\/","title":{"rendered":"[K]"},"content":{"rendered":"<ol>\n<li><a href=\"http:\/\/www.einesdellengua.com\/Fitxes\/Textos\/K\/kufiya.htm\" target=\"_blank\" rel=\"noopener noreferrer\"><em>kaff\u012byah<\/em><\/a><\/li>\n<li><a href=\"http:\/\/www.einesdellengua.com\/Fitxes\/Textos\/K\/karatxai.htm\" target=\"_blank\" rel=\"noopener noreferrer\">karatxai<\/a><\/li>\n<li><a href=\"https:\/\/www.cdlpv.org\/fitxes\/queli\/\" target=\"_blank\" rel=\"noopener\"><em>kelly<\/em><\/a><\/li>\n<li><a href=\"http:\/\/www.einesdellengua.com\/Fitxes\/Textos\/K\/ketman.htm\" target=\"_blank\" rel=\"noopener noreferrer\"><em>ketm\u00e1n<\/em><\/a><\/li>\n<li><a href=\"http:\/\/www.einesdellengua.com\/Fitxes\/Textos\/K\/KG.htm\" target=\"_blank\" rel=\"noopener noreferrer\">KG<\/a><\/li>\n<li><a href=\"http:\/\/www.einesdellengua.com\/Fitxes\/Textos\/K\/KGB.htm\" target=\"_blank\" rel=\"noopener noreferrer\">KGB<\/a><\/li>\n<li><a href=\"http:\/\/www.einesdellengua.com\/Fitxes\/Textos\/K\/khoikhoi.htm\" target=\"_blank\" rel=\"noopener noreferrer\">khoikhoi<\/a><\/li>\n<li><a href=\"http:\/\/www.einesdellengua.com\/Fitxes\/Textos\/K\/kipa.htm\" target=\"_blank\" rel=\"noopener noreferrer\"><em>kip\u00e1<\/em><\/a><\/li>\n<li><a href=\"http:\/\/www.cdlpv.org\/fitxes\/kixlak\/\" target=\"_blank\" rel=\"noopener noreferrer\">kixlak<\/a>*<\/li>\n<li><a href=\"http:\/\/www.cdlpv.org\/fitxes\/kixlak\/\" target=\"_blank\" rel=\"noopener noreferrer\"><em>kishlak<\/em><\/a><\/li>\n<li><a href=\"http:\/\/www.einesdellengua.com\/Fitxes\/Textos\/K\/kit.htm\" target=\"_blank\" rel=\"noopener noreferrer\"><em>kit<\/em><\/a><\/li>\n<li><a href=\"http:\/\/www.cdlpv.org\/fitxes\/kitkat\/\" target=\"_blank\" rel=\"noopener noreferrer\">kitkat<\/a>*<\/li>\n<li><a href=\"http:\/\/www.einesdellengua.com\/Fitxes\/Textos\/K\/Kosovo.htm\" target=\"_blank\" rel=\"noopener noreferrer\">Kosovo<\/a><\/li>\n<li><a href=\"http:\/\/www.einesdellengua.com\/Fitxes\/Textos\/K\/krovnayamest.htm\" target=\"_blank\" rel=\"noopener noreferrer\"><em>kr\u00f3vnaya mest<\/em><\/a><\/li>\n<li><a href=\"http:\/\/www.einesdellengua.com\/Fitxes\/Textos\/K\/kufiya.htm\" target=\"_blank\" rel=\"noopener noreferrer\"><em>kufiya<\/em><\/a><\/li>\n<li><a href=\"http:\/\/www.cdlpv.org\/fitxes\/kyoto\/\" target=\"_blank\" rel=\"noopener noreferrer\">Kyoto<\/a><\/li>\n<\/ol>\n","protected":false},"excerpt":{"rendered":"<p>kaff\u012byah karatxai kelly ketm\u00e1n KG KGB khoikhoi kip\u00e1 kixlak* kishlak kit kitkat* Kosovo kr\u00f3vnaya mest kufiya Kyoto<\/p>\n","protected":false},"author":1,"featured_media":0,"parent":0,"menu_order":11,"comment_status":"closed","ping_status":"closed","template":"","meta":{"footnotes":""},"class_list":["post-47","page","type-page","status-publish","hentry"],"post_mailing_queue_ids":[],"_links":{"self":[{"href":"https:\/\/www.cdlpv.org\/fitxes\/wp-json\/wp\/v2\/pages\/47","targetHints":{"allow":["GET"]}}],"collection":[{"href":"https:\/\/www.cdlpv.org\/fitxes\/wp-json\/wp\/v2\/pages"}],"about":[{"href":"https:\/\/www.cdlpv.org\/fitxes\/wp-json\/wp\/v2\/types\/page"}],"author":[{"embeddable":true,"href":"https:\/\/www.cdlpv.org\/fitxes\/wp-json\/wp\/v2\/users\/1"}],"replies":[{"embeddable":true,"href":"https:\/\/www.cdlpv.org\/fitxes\/wp-json\/wp\/v2\/comments?post=47"}],"version-history":[{"count":8,"href":"https:\/\/www.cdlpv.org\/fitxes\/wp-json\/wp\/v2\/pages\/47\/revisions"}],"predecessor-version":[{"id":4857,"href":"https:\/\/www.cdlpv.org\/fitxes\/wp-json\/wp\/v2\/pages\/47\/revisions\/4857"}],"wp:attachment":[{"href":"https:\/\/www.cdlpv.org\/fitxes\/wp-json\/wp\/v2\/media?parent=47"}],"curies":[{"name":"wp","href":"https:\/\/api.w.org\/{rel}","templated":true}]}}