{"id":41,"date":"2024-02-10T20:30:57","date_gmt":"2024-02-10T19:30:57","guid":{"rendered":"http:\/\/www.cdlpv.org\/fitxes\/?page_id=41"},"modified":"2024-02-10T11:38:05","modified_gmt":"2024-02-10T10:38:05","slug":"h","status":"publish","type":"page","link":"https:\/\/www.cdlpv.org\/fitxes\/h\/","title":{"rendered":"[H]"},"content":{"rendered":"<ol>\n<li><a href=\"http:\/\/www.cdlpv.org\/fitxes\/habitatge\/\" target=\"_blank\" rel=\"noopener noreferrer\">habg.<\/a>*<\/li>\n<li><a href=\"https:\/\/www.cdlpv.org\/fitxes\/habitacular\/\" target=\"_blank\" rel=\"noopener noreferrer\"><em>habitacional<\/em><\/a><\/li>\n<li><a href=\"https:\/\/www.cdlpv.org\/fitxes\/habitacular\/\" target=\"_blank\" rel=\"noopener noreferrer\">habitacular<\/a><\/li>\n<li><a href=\"http:\/\/www.einesdellengua.com\/Fitxes\/Textos\/H\/habitanca.htm\" target=\"_blank\" rel=\"noopener noreferrer\">habitan\u00e7a<\/a><\/li>\n<li><a href=\"http:\/\/www.cdlpv.org\/fitxes\/habitatge\/\" target=\"_blank\" rel=\"noopener noreferrer\">habitatge<\/a><\/li>\n<li><a href=\"http:\/\/www.einesdellengua.com\/Fitxes\/Textos\/P\/parapeu.htm#hincapie\"><em>hacer hincapi\u00e9<\/em><\/a><\/li>\n<li><a href=\"http:\/\/www.einesdellengua.com\/Fitxes\/Textos\/H\/hacinamiento.htm\" target=\"_blank\" rel=\"noopener noreferrer\"><em>hacinamiento<\/em><\/a><\/li>\n<li><a href=\"http:\/\/www.einesdellengua.com\/Fitxes\/Textos\/H\/hadal.htm\" target=\"_blank\" rel=\"noopener noreferrer\">hadal<\/a><\/li>\n<li><a href=\"http:\/\/www.einesdellengua.com\/Fitxes\/Textos\/H\/hadith.htm\" target=\"_blank\" rel=\"noopener noreferrer\"><em>hadith<\/em><\/a><\/li>\n<li><a href=\"http:\/\/www.einesdellengua.com\/Fitxes\/Textos\/A\/arab.htm#hamas\">Ham\u00e0s<\/a><\/li>\n<li><a href=\"https:\/\/www.cdlpv.org\/fitxes\/hand-out\" target=\"_blank\" rel=\"noopener noreferrer\"><em>hand-out<\/em><\/a><\/li>\n<li><a href=\"http:\/\/www.einesdellengua.com\/Fitxes\/Textos\/H\/harca.htm\" target=\"_blank\" rel=\"noopener noreferrer\">harca<\/a><\/li>\n<li><a href=\"http:\/\/www.einesdellengua.com\/Fitxes\/Textos\/H\/harpagofito.htm\" target=\"_blank\" rel=\"noopener noreferrer\"><em>harpagofito<\/em><\/a><\/li>\n<li><a href=\"http:\/\/www.cdlpv.org\/fitxes\/hashejar\/\" target=\"_blank\" rel=\"noopener noreferrer\">hashejar<\/a>*<\/li>\n<li><a href=\"http:\/\/www.cdlpv.org\/fitxes\/hashing\/\" target=\"_blank\" rel=\"noopener noreferrer\"><em>hashing<\/em><\/a><\/li>\n<li><a href=\"http:\/\/www.einesdellengua.com\/Fitxes\/Textos\/H\/hattrick.htm\" target=\"_blank\" rel=\"noopener noreferrer\"><em>hat trick<\/em><\/a><\/li>\n<li><a href=\"http:\/\/www.einesdellengua.com\/Fitxes\/Textos\/H\/haure.htm\" target=\"_blank\" rel=\"noopener noreferrer\">haure<\/a><\/li>\n<li><a href=\"http:\/\/www.einesdellengua.com\/Fitxes\/Textos\/C\/concordanca.htm\" target=\"_blank\" rel=\"noopener noreferrer\">haver<\/a> (concordan\u00e7a)<\/li>\n<li><a href=\"http:\/\/www.einesdellengua.com\/Fitxes\/Textos\/H\/Heisenberg.htm\" target=\"_blank\" rel=\"noopener noreferrer\">Heisenberg<\/a><\/li>\n<li><a href=\"http:\/\/www.einesdellengua.com\/Fitxes\/Textos\/H\/hercio.htm\" target=\"_blank\" rel=\"noopener noreferrer\"><em>hercio<\/em><\/a><\/li>\n<li><a href=\"http:\/\/www.einesdellengua.com\/Fitxes\/Textos\/H\/hermina.htm\" target=\"_blank\" rel=\"noopener noreferrer\">hermina<\/a><\/li>\n<li><a href=\"http:\/\/www.einesdellengua.com\/Fitxes\/Textos\/H\/hertz.htm\" target=\"_blank\" rel=\"noopener noreferrer\">hertz<\/a><\/li>\n<li><a href=\"http:\/\/www.einesdellengua.com\/Fitxes\/Textos\/H\/heuresete.htm\" target=\"_blank\" rel=\"noopener noreferrer\"><em>heureset\u00e9<\/em><\/a><\/li>\n<li><a href=\"http:\/\/www.einesdellengua.com\/Fitxes\/Textos\/H\/hidrant.htm\" target=\"_blank\" rel=\"noopener noreferrer\">hidrant<\/a><\/li>\n<li><a href=\"http:\/\/www.einesdellengua.com\/Fitxes\/Textos\/H\/hidrantdeperico.htm\" target=\"_blank\" rel=\"noopener noreferrer\">hidrant de peric\u00f3<\/a><\/li>\n<li><a href=\"http:\/\/www.einesdellengua.com\/Fitxes\/Textos\/H\/hidrante.htm\" target=\"_blank\" rel=\"noopener noreferrer\"><em>hidrante<\/em><\/a><\/li>\n<li><a href=\"http:\/\/www.einesdellengua.com\/Fitxes\/Textos\/H\/hidrocucio.htm\" target=\"_blank\" rel=\"noopener noreferrer\">hidrocuci\u00f3<\/a><\/li>\n<li><a href=\"http:\/\/www.einesdellengua.com\/Fitxes\/Textos\/H\/Hieraaetus.htm\" target=\"_blank\" rel=\"noopener noreferrer\"><em>Hieraaetus<\/em><\/a><\/li>\n<li><a href=\"http:\/\/www.einesdellengua.com\/Fitxes\/Textos\/H\/hinterland.htm\" target=\"_blank\" rel=\"noopener noreferrer\">hinterland<\/a><\/li>\n<li><a href=\"http:\/\/www.einesdellengua.com\/Fitxes\/Textos\/T\/toponimia.htm\" target=\"_blank\" rel=\"noopener noreferrer\">hipocor\u00edstics<\/a><\/li>\n<li><a href=\"http:\/\/www.einesdellengua.com\/Fitxes\/Textos\/H\/hircania.htm\" target=\"_blank\" rel=\"noopener noreferrer\">Hirc\u00e0nia<\/a><\/li>\n<li><a href=\"http:\/\/www.einesdellengua.com\/Fitxes\/Textos\/H\/hockey.htm\" target=\"_blank\" rel=\"noopener noreferrer\"><em>hockey<\/em><\/a><\/li>\n<li><a href=\"http:\/\/www.einesdellengua.com\/Fitxes\/Textos\/H\/hojadeaprecio.htm\" target=\"_blank\" rel=\"noopener noreferrer\"><em>hoja de aprecio<\/em><\/a><\/li>\n<li><a href=\"http:\/\/www.einesdellengua.com\/Fitxes\/Textos\/H\/holistic.htm\" target=\"_blank\" rel=\"noopener noreferrer\">hol\u00edstic<\/a>*<\/li>\n<li><a href=\"http:\/\/www.cdlpv.org\/fitxes\/holodomor\/\" target=\"_blank\" rel=\"noopener noreferrer\">Holodomor<\/a><\/li>\n<li><a href=\"http:\/\/www.einesdellengua.com\/Fitxes\/Textos\/H\/hominids.htm\" target=\"_blank\" rel=\"noopener noreferrer\">hom\u00ednids<\/a><\/li>\n<li><a href=\"http:\/\/www.einesdellengua.com\/Fitxes\/Textos\/H\/homologar.htm\" target=\"_blank\" rel=\"noopener noreferrer\">homologar<\/a><\/li>\n<li><a href=\"https:\/\/www.cdlpv.org\/fitxes\/hores\/\" target=\"_blank\" rel=\"noopener noreferrer\">hores<\/a><\/li>\n<li><a href=\"http:\/\/www.einesdellengua.com\/Fitxes\/Textos\/H\/Hortdelpoll.htm\" target=\"_blank\" rel=\"noopener noreferrer\">Hort del Poll<\/a><\/li>\n<li><a href=\"http:\/\/www.einesdellengua.com\/Fitxes\/Textos\/H\/Horta.htm\" target=\"_blank\" rel=\"noopener noreferrer\">Horta, cap de l&#8217;<\/a><\/li>\n<li><a href=\"http:\/\/www.einesdellengua.com\/Fitxes\/Textos\/H\/hortera.htm\" target=\"_blank\" rel=\"noopener noreferrer\"><em>hortera<\/em><\/a><\/li>\n<li><a href=\"http:\/\/www.einesdellengua.com\/Fitxes\/Textos\/H\/Hortisella.htm\" target=\"_blank\" rel=\"noopener noreferrer\">Hortisella<\/a><\/li>\n<li><a href=\"http:\/\/www.einesdellengua.com\/Fitxes\/Textos\/H\/htge.htm\" target=\"_blank\" rel=\"noopener noreferrer\">htge.<\/a>*<\/li>\n<li><a href=\"http:\/\/www.einesdellengua.com\/Fitxes\/Textos\/H\/hub.htm\" target=\"_blank\" rel=\"noopener noreferrer\"><em>hub<\/em><\/a><\/li>\n<li><a href=\"http:\/\/www.einesdellengua.com\/Fitxes\/Textos\/S\/segles.htm\" target=\"_blank\" rel=\"noopener noreferrer\">huit-cents<\/a><\/li>\n<li><a href=\"http:\/\/www.einesdellengua.com\/Fitxes\/Textos\/H\/huracans.htm\" target=\"_blank\" rel=\"noopener noreferrer\">huracans<\/a><\/li>\n<li><a href=\"https:\/\/www.cdlpv.org\/fitxes\/huthi\/\" target=\"_blank\" rel=\"noopener\">huthi<\/a><\/li>\n<li><a href=\"http:\/\/www.einesdellengua.com\/Fitxes\/Textos\/H\/hutu.htm\" target=\"_blank\" rel=\"noopener noreferrer\">hutu<\/a><\/li>\n<\/ol>\n","protected":false},"excerpt":{"rendered":"<p>habg.* habitacional habitacular habitan\u00e7a habitatge hacer hincapi\u00e9 hacinamiento hadal hadith Ham\u00e0s hand-out harca harpagofito hashejar* hashing hat trick haure haver (concordan\u00e7a) Heisenberg hercio hermina hertz heureset\u00e9 hidrant hidrant de peric\u00f3 hidrante hidrocuci\u00f3 Hieraaetus hinterland hipocor\u00edstics Hirc\u00e0nia hockey hoja de aprecio hol\u00edstic* Holodomor hom\u00ednids homologar hores Hort del Poll Horta, cap de l&#8217; hortera Hortisella htge.* [&hellip;]<\/p>\n","protected":false},"author":1,"featured_media":0,"parent":0,"menu_order":8,"comment_status":"closed","ping_status":"closed","template":"","meta":{"footnotes":""},"class_list":["post-41","page","type-page","status-publish","hentry"],"post_mailing_queue_ids":[],"_links":{"self":[{"href":"https:\/\/www.cdlpv.org\/fitxes\/wp-json\/wp\/v2\/pages\/41","targetHints":{"allow":["GET"]}}],"collection":[{"href":"https:\/\/www.cdlpv.org\/fitxes\/wp-json\/wp\/v2\/pages"}],"about":[{"href":"https:\/\/www.cdlpv.org\/fitxes\/wp-json\/wp\/v2\/types\/page"}],"author":[{"embeddable":true,"href":"https:\/\/www.cdlpv.org\/fitxes\/wp-json\/wp\/v2\/users\/1"}],"replies":[{"embeddable":true,"href":"https:\/\/www.cdlpv.org\/fitxes\/wp-json\/wp\/v2\/comments?post=41"}],"version-history":[{"count":14,"href":"https:\/\/www.cdlpv.org\/fitxes\/wp-json\/wp\/v2\/pages\/41\/revisions"}],"predecessor-version":[{"id":6589,"href":"https:\/\/www.cdlpv.org\/fitxes\/wp-json\/wp\/v2\/pages\/41\/revisions\/6589"}],"wp:attachment":[{"href":"https:\/\/www.cdlpv.org\/fitxes\/wp-json\/wp\/v2\/media?parent=41"}],"curies":[{"name":"wp","href":"https:\/\/api.w.org\/{rel}","templated":true}]}}