{"id":39,"date":"2023-12-16T20:30:36","date_gmt":"2023-12-16T18:30:36","guid":{"rendered":"http:\/\/www.cdlpv.org\/fitxes\/?page_id=39"},"modified":"2025-08-14T10:26:07","modified_gmt":"2025-08-14T08:26:07","slug":"g","status":"publish","type":"page","link":"https:\/\/www.cdlpv.org\/fitxes\/g\/","title":{"rendered":"[G]"},"content":{"rendered":"<ol>\n<li><a href=\"https:\/\/www.cdlpv.org\/fitxes\/gabia\/\" target=\"_blank\" rel=\"noopener noreferrer\">g\u00e0bia<\/a><\/li>\n<li><a href=\"http:\/\/www.einesdellengua.com\/Fitxes\/Textos\/G\/gabiot.htm\" target=\"_blank\" rel=\"noopener noreferrer\">gabiot<\/a>*<\/li>\n<li><a href=\"http:\/\/www.einesdellengua.com\/Fitxes\/Textos\/G\/galgat.htm\" target=\"_blank\" rel=\"noopener noreferrer\">galgat<\/a><\/li>\n<li><a href=\"http:\/\/www.cdlpv.org\/fitxes\/gallampi\/\" target=\"_blank\" rel=\"noopener noreferrer\">gallamp\u00ed<\/a>*<\/li>\n<li><a href=\"http:\/\/www.einesdellengua.com\/Fitxes\/Textos\/B\/bufa.htm\" target=\"_blank\" rel=\"noopener noreferrer\">Gamba, ser la bufa de la<\/a><\/li>\n<li><a href=\"http:\/\/www.einesdellengua.com\/Fitxes\/Textos\/G\/galayo.htm\" target=\"_blank\" rel=\"noopener noreferrer\"><em>galaio<\/em><\/a><\/li>\n<li><a href=\"http:\/\/www.einesdellengua.com\/Fitxes\/Textos\/G\/galayo.htm\" target=\"_blank\" rel=\"noopener noreferrer\"><em>galayo<\/em><\/a><\/li>\n<li><a href=\"https:\/\/www.cdlpv.org\/fitxes\/paps\" target=\"_blank\" rel=\"noopener\">galteres<\/a><\/li>\n<li><a href=\"http:\/\/www.einesdellengua.com\/Fitxes\/Textos\/G\/Gandia.htm\" target=\"_blank\" rel=\"noopener noreferrer\">Gandia<\/a><\/li>\n<li><a href=\"http:\/\/www.cdlpv.org\/fitxes\/garaig\/\" target=\"_blank\" rel=\"noopener noreferrer\">garaig<\/a>*<\/li>\n<li><a href=\"http:\/\/www.einesdellengua.com\/Fitxes\/Textos\/G\/garantiment.htm\" target=\"_blank\" rel=\"noopener noreferrer\">garantiment<\/a>*<\/li>\n<li><a href=\"http:\/\/www.einesdellengua.com\/Fitxes\/Textos\/G\/garantista.htm\" target=\"_blank\" rel=\"noopener noreferrer\">garantisme<\/a>*<\/li>\n<li><a href=\"http:\/\/www.einesdellengua.com\/Fitxes\/Textos\/G\/garantista.htm\" target=\"_blank\" rel=\"noopener noreferrer\">garantista<\/a>*<\/li>\n<li><a href=\"http:\/\/www.cdlpv.org\/fitxes\/garaig\/\" target=\"_blank\" rel=\"noopener noreferrer\">garatge<\/a><\/li>\n<li><a href=\"http:\/\/www.einesdellengua.com\/Fitxes\/Textos\/G\/garbagetime.htm\" target=\"_blank\" rel=\"noopener noreferrer\"><em>garbage time<\/em><\/a><\/li>\n<li><a href=\"https:\/\/www.cdlpv.org\/fitxes\/garguilot\/\" target=\"_blank\" rel=\"noopener\">garguilot<\/a><\/li>\n<li><a href=\"https:\/\/www.cdlpv.org\/fitxes\/garguilot\/\" target=\"_blank\" rel=\"noopener\">garguirol<\/a>*<\/li>\n<li><a href=\"http:\/\/www.cdlpv.org\/fitxes\/garita\/\" target=\"_blank\" rel=\"noopener noreferrer\">garita<\/a>*<\/li>\n<li><a href=\"http:\/\/www.cdlpv.org\/fitxes\/garritx\/\" target=\"_blank\" rel=\"noopener noreferrer\">garric<\/a><\/li>\n<li><a href=\"http:\/\/www.cdlpv.org\/fitxes\/garritx\/\" target=\"_blank\" rel=\"noopener noreferrer\">garritx<\/a>*<\/li>\n<li><a href=\"http:\/\/www.einesdellengua.com\/Fitxes\/Textos\/G\/garro.htm\" target=\"_blank\" rel=\"noopener noreferrer\">Garr\u00f3, m\u00e9s fam que<\/a><\/li>\n<li><a href=\"https:\/\/www.cdlpv.org\/fitxes\/garrofa\/\" target=\"_blank\" rel=\"noopener\">garrofa<\/a><\/li>\n<li><a href=\"https:\/\/www.cdlpv.org\/fitxes\/garrofa\/\" target=\"_blank\" rel=\"noopener\">garrofer -ra<\/a><\/li>\n<li><a href=\"https:\/\/www.cdlpv.org\/fitxes\/garrofa\/\" target=\"_blank\" rel=\"noopener\">garrova<\/a><\/li>\n<li><a href=\"https:\/\/www.cdlpv.org\/fitxes\/garrofa\/\" target=\"_blank\" rel=\"noopener\">garrover -ra<\/a><\/li>\n<li><a href=\"http:\/\/www.einesdellengua.com\/Fitxes\/Textos\/G\/gasela.htm\" target=\"_blank\" rel=\"noopener noreferrer\">gasela<\/a><\/li>\n<li><a href=\"https:\/\/www.cdlpv.org\/fitxes\/gasistic\/\" target=\"_blank\" rel=\"noopener noreferrer\">gasista<\/a><\/li>\n<li><a href=\"https:\/\/www.cdlpv.org\/fitxes\/gasistic\/\" target=\"_blank\" rel=\"noopener noreferrer\">gas\u00edstic -ca<\/a>*<\/li>\n<li><a href=\"https:\/\/www.cdlpv.org\/fitxes\/gasointensiu\/\" target=\"_blank\" rel=\"noopener noreferrer\"><em>gasointensiu -iva<\/em><\/a><\/li>\n<li><a href=\"http:\/\/www.einesdellengua.com\/Fitxes\/Textos\/G\/gasset.htm\" target=\"_blank\" rel=\"noopener noreferrer\">Gasset<\/a><\/li>\n<li><a href=\"http:\/\/www.einesdellengua.com\/Fitxes\/Textos\/G\/gateway.htm\" target=\"_blank\" rel=\"noopener noreferrer\"><em>gateway<\/em><\/a><\/li>\n<li><a href=\"http:\/\/www.einesdellengua.com\/Fitxes\/Textos\/G\/GDLC.htm\" target=\"_blank\" rel=\"noopener noreferrer\"><span class=\"versaleta\"><em>gdlc<\/em><\/span><\/a><\/li>\n<li><a href=\"http:\/\/www.einesdellengua.com\/Fitxes\/Textos\/G\/gecekondu.htm\" target=\"_blank\" rel=\"noopener noreferrer\"><em>gecekondu<\/em><\/a><\/li>\n<li><a href=\"http:\/\/www.einesdellengua.com\/Fitxes\/Textos\/G\/gecko.htm\" target=\"_blank\" rel=\"noopener noreferrer\"><em>gecko<\/em><\/a><\/li>\n<li><a href=\"http:\/\/www.einesdellengua.com\/Fitxes\/Textos\/G\/gelat.htm\" target=\"_blank\" rel=\"noopener noreferrer\">gelat<\/a><\/li>\n<li><a href=\"http:\/\/www.einesdellengua.com\/Fitxes\/Textos\/G\/genere.htm\" target=\"_blank\" rel=\"noopener noreferrer\">g\u00e8nere<\/a><\/li>\n<li><a href=\"http:\/\/www.einesdellengua.com\/Fitxes\/Textos\/G\/genlock.htm\" target=\"_blank\" rel=\"noopener noreferrer\"><em>genlock<\/em><\/a><\/li>\n<li><a href=\"http:\/\/www.einesdellengua.com\/Fitxes\/Textos\/G\/gentilicis.htm\" target=\"_blank\" rel=\"noopener noreferrer\">gentilicis<\/a><\/li>\n<li><a href=\"http:\/\/www.einesdellengua.com\/Fitxes\/Textos\/G\/gerent.htm\" target=\"_blank\" rel=\"noopener noreferrer\">gerent<\/a><\/li>\n<li><a href=\"http:\/\/www.einesdellengua.com\/Fitxes\/Textos\/G\/gerenciar.htm\" target=\"_blank\" rel=\"noopener noreferrer\"><em>gerenciar<\/em><\/a><\/li>\n<li><a href=\"http:\/\/www.einesdellengua.com\/Fitxes\/Textos\/G\/gerent.htm\" target=\"_blank\" rel=\"noopener noreferrer\">gerent<\/a><\/li>\n<li><a href=\"http:\/\/www.einesdellengua.com\/Fitxes\/Textos\/G\/germademitat.htm\" target=\"_blank\" rel=\"noopener noreferrer\">germ\u00e0 de mitat<\/a><\/li>\n<li><a href=\"http:\/\/www.einesdellengua.com\/Fitxes\/Textos\/G\/gerrymandering.htm\" target=\"_blank\" rel=\"noopener noreferrer\"><em>gerrymandering<\/em><\/a><\/li>\n<li><a href=\"http:\/\/www.einesdellengua.com\/Fitxes\/Textos\/G\/gerundi.htm\" target=\"_blank\" rel=\"noopener noreferrer\">gerundi<\/a><\/li>\n<li><a href=\"http:\/\/www.cdlpv.org\/fitxes\/gerundi-predicatiu-sn\/\" target=\"_blank\" rel=\"noopener noreferrer\">gerundi predicatiu del sintagma nominal<\/a><\/li>\n<li><a href=\"http:\/\/www.einesdellengua.com\/Fitxes\/Textos\/G\/GIDOT.htm\" target=\"_blank\" rel=\"noopener noreferrer\">GIDOT<\/a><\/li>\n<li><a href=\"http:\/\/www.einesdellengua.com\/Fitxes\/Textos\/G\/GIMUT.htm\" target=\"_blank\" rel=\"noopener noreferrer\">GIMUT<\/a><\/li>\n<li><a href=\"http:\/\/www.einesdellengua.com\/Fitxes\/Textos\/G\/girar.htm\" target=\"_blank\" rel=\"noopener noreferrer\">girar<\/a><\/li>\n<li><a href=\"http:\/\/www.einesdellengua.com\/Fitxes\/Textos\/G\/GIS.htm\" target=\"_blank\" rel=\"noopener noreferrer\">GIS<\/a><\/li>\n<li><a href=\"http:\/\/www.einesdellengua.com\/Fitxes\/Textos\/G\/globoflexia.htm\" target=\"_blank\" rel=\"noopener noreferrer\">globofl\u00e8xia<\/a><\/li>\n<li><a href=\"http:\/\/www.cdlpv.org\/fitxes\/go-west-1940\/\" target=\"_blank\" rel=\"noopener noreferrer\"><em>Go West<\/em><\/a> (1940)<\/li>\n<li><a href=\"http:\/\/www.einesdellengua.com\/Fitxes\/Textos\/G\/gobanilla.htm\" target=\"_blank\" rel=\"noopener noreferrer\">gobanella<\/a><\/li>\n<li><a href=\"http:\/\/www.einesdellengua.com\/Fitxes\/Textos\/G\/gobanilla.htm\" target=\"_blank\" rel=\"noopener noreferrer\">gobanilla<\/a><\/li>\n<li><a href=\"http:\/\/www.einesdellengua.com\/Fitxes\/Textos\/G\/goceydisfrute.htm\" target=\"_blank\" rel=\"noopener noreferrer\"><em>goce y disfrute<\/em><\/a><\/li>\n<li><a href=\"http:\/\/www.einesdellengua.com\/Fitxes\/Textos\/G\/godet.htm\" target=\"_blank\" rel=\"noopener noreferrer\"><em>godet<\/em><\/a><\/li>\n<li><a href=\"http:\/\/www.einesdellengua.com\/Fitxes\/Textos\/G\/gofra.htm\" target=\"_blank\" rel=\"noopener noreferrer\">gofra<\/a><\/li>\n<li><a href=\"http:\/\/www.einesdellengua.com\/Fitxes\/Textos\/G\/gofre.htm\" target=\"_blank\" rel=\"noopener noreferrer\">gofre<\/a>*<\/li>\n<li><a href=\"http:\/\/www.einesdellengua.com\/Fitxes\/Textos\/M\/mentirperlagola.htm\" target=\"_blank\" rel=\"noopener noreferrer\">gola, mentir per la<\/a><\/li>\n<li><a href=\"http:\/\/www.cdlpv.org\/fitxes\/gomatic\/\" target=\"_blank\" rel=\"noopener noreferrer\"><em>gom\u00e0tic<\/em><\/a>*<\/li>\n<li><a href=\"https:\/\/www.cdlpv.org\/fitxes\/gorg\/\" target=\"_blank\" rel=\"noopener\">gorg<\/a><\/li>\n<li><a href=\"http:\/\/www.einesdellengua.com\/Fitxes\/Textos\/G\/gorro.htm\" target=\"_blank\" rel=\"noopener noreferrer\"><em>gorro<\/em><\/a><\/li>\n<li><a href=\"http:\/\/www.cdlpv.org\/fitxes\/gorronera\/\" target=\"_blank\" rel=\"noopener noreferrer\">gorronera<\/a><\/li>\n<li><a href=\"http:\/\/www.einesdellengua.com\/Fitxes\/Textos\/G\/gotero.htm\" target=\"_blank\" rel=\"noopener noreferrer\"><em>gotero<\/em><\/a>*<\/li>\n<li><a href=\"http:\/\/www.einesdellengua.com\/Fitxes\/Textos\/G\/gobanilla.htm\" target=\"_blank\" rel=\"noopener noreferrer\">govanella<\/a><\/li>\n<li><a href=\"http:\/\/www.einesdellengua.com\/Fitxes\/Textos\/G\/governance.htm\" target=\"_blank\" rel=\"noopener noreferrer\">governan\u00e7a<\/a>*<\/li>\n<li><a href=\"http:\/\/www.einesdellengua.com\/Fitxes\/Textos\/G\/governance.htm\" target=\"_blank\" rel=\"noopener noreferrer\"><em>governance<\/em><\/a><\/li>\n<li><a href=\"http:\/\/www.einesdellengua.com\/Fitxes\/Textos\/G\/grafiar.htm\" target=\"_blank\" rel=\"noopener noreferrer\"><em>grafiado<\/em><\/a>*<\/li>\n<li><a href=\"http:\/\/www.cdlpv.org\/fitxes\/grafiar\/\" target=\"_blank\" rel=\"noopener noreferrer\">grafiar<\/a><\/li>\n<li><a href=\"http:\/\/www.einesdellengua.com\/Fitxes\/Textos\/G\/granpoma.htm\" target=\"_blank\" rel=\"noopener noreferrer\">gran poma, la<\/a><\/li>\n<li><a href=\"http:\/\/www.cdlpv.org\/fitxes\/granel\/\" target=\"_blank\" rel=\"noopener noreferrer\">granel<\/a><\/li>\n<li><a href=\"https:\/\/www.cdlpv.org\/fitxes\/baula-perduda\/\" target=\"_blank\" rel=\"noopener noreferrer\">gra\u00f3 perdut<\/a><\/li>\n<li><a href=\"http:\/\/www.einesdellengua.com\/Fitxes\/Textos\/G\/grasada.htm\" target=\"_blank\" rel=\"noopener noreferrer\">grasada<\/a><\/li>\n<li><a href=\"http:\/\/www.einesdellengua.com\/Fitxes\/Textos\/G\/Graullers.htm\" target=\"_blank\" rel=\"noopener noreferrer\">Graullers<\/a><\/li>\n<li><a href=\"http:\/\/www.einesdellengua.com\/Fitxes\/Textos\/G\/gray.htm\" target=\"_blank\" rel=\"noopener noreferrer\"><em>gray<\/em><\/a><\/li>\n<li><a href=\"http:\/\/www.einesdellengua.com\/Fitxes\/Textos\/G\/greenshoe.htm\" target=\"_blank\" rel=\"noopener noreferrer\"><em>green shoe<\/em><\/a><\/li>\n<li><a href=\"http:\/\/www.einesdellengua.com\/Fitxes\/Textos\/R\/rodeno.htm\" target=\"_blank\" rel=\"noopener noreferrer\"><em>gres roig<\/em><\/a><\/li>\n<li><a href=\"http:\/\/www.einesdellengua.com\/Fitxes\/Textos\/G\/grilloparlante.htm\" target=\"_blank\" rel=\"noopener noreferrer\">Grillo-parlante<\/a><\/li>\n<li><a href=\"http:\/\/www.einesdellengua.com\/Fitxes\/Textos\/G\/grimori.htm\" target=\"_blank\" rel=\"noopener noreferrer\">grimori<\/a>*<\/li>\n<li><a href=\"http:\/\/www.einesdellengua.com\/Fitxes\/Textos\/G\/grum.htm\" target=\"_blank\" rel=\"noopener noreferrer\">grum<\/a><\/li>\n<li><a href=\"http:\/\/www.einesdellengua.com\/Fitxes\/Textos\/C\/capicular.htm\" target=\"_blank\" rel=\"noopener noreferrer\">gualdrapear<\/a><\/li>\n<li><a href=\"http:\/\/www.einesdellengua.com\/Fitxes\/Textos\/G\/Guardamar.htm\" target=\"_blank\" rel=\"noopener noreferrer\">Guardamar del Segura<\/a><\/li>\n<li><a href=\"http:\/\/www.einesdellengua.com\/Fitxes\/Textos\/G\/guardarrail.htm\" target=\"_blank\" rel=\"noopener noreferrer\"><em>guardarra\u00edl<\/em><\/a><\/li>\n<li><a href=\"http:\/\/www.einesdellengua.com\/Fitxes\/Textos\/G\/gueridon.htm\" target=\"_blank\" rel=\"noopener noreferrer\"><em>gu\u00e9ridon<\/em><\/a><\/li>\n<li><a href=\"http:\/\/www.cdlpv.org\/fitxes\/guetitzacio\/\" target=\"_blank\" rel=\"noopener noreferrer\">guetitzaci\u00f3<\/a><\/li>\n<li><a href=\"http:\/\/www.einesdellengua.com\/Fitxes\/Textos\/G\/guio.htm\" target=\"_blank\" rel=\"noopener noreferrer\">gui\u00f3<\/a><\/li>\n<li><a href=\"http:\/\/www.cdlpv.org\/fitxes\/guionet\/\" target=\"_blank\" rel=\"noopener noreferrer\">guionet<\/a><\/li>\n<li><a href=\"https:\/\/www.cdlpv.org\/fitxes\/guixarot\/\" target=\"_blank\" rel=\"noopener\">guixarot<\/a><\/li>\n<li><a href=\"https:\/\/www.cdlpv.org\/fitxes\/guixarot\/\" target=\"_blank\" rel=\"noopener\">guixerot<\/a><\/li>\n<li><a href=\"http:\/\/www.einesdellengua.com\/Fitxes\/Textos\/G\/guixeta.htm\" target=\"_blank\" rel=\"noopener noreferrer\">guixeta<\/a>*<\/li>\n<li><a href=\"http:\/\/www.einesdellengua.com\/Fitxes\/Textos\/G\/guteroni.htm\" target=\"_blank\" rel=\"noopener noreferrer\">guteroni<\/a>*<\/li>\n<li><a href=\"http:\/\/www.einesdellengua.com\/Fitxes\/Textos\/G\/Guyot.htm\" target=\"_blank\" rel=\"noopener noreferrer\">Guyot<\/a><\/li>\n<\/ol>\n","protected":false},"excerpt":{"rendered":"<p>g\u00e0bia gabiot* galgat gallamp\u00ed* Gamba, ser la bufa de la galaio galayo galteres Gandia garaig* garantiment* garantisme* garantista* garatge garbage time garguilot garguirol* garita* garric garritx* Garr\u00f3, m\u00e9s fam que garrofa garrofer -ra garrova garrover -ra gasela gasista gas\u00edstic -ca* gasointensiu -iva Gasset gateway gdlc gecekondu gecko gelat g\u00e8nere genlock gentilicis gerent gerenciar gerent germ\u00e0 [&hellip;]<\/p>\n","protected":false},"author":1,"featured_media":0,"parent":0,"menu_order":7,"comment_status":"closed","ping_status":"closed","template":"","meta":{"footnotes":""},"class_list":["post-39","page","type-page","status-publish","hentry"],"post_mailing_queue_ids":[],"_links":{"self":[{"href":"https:\/\/www.cdlpv.org\/fitxes\/wp-json\/wp\/v2\/pages\/39","targetHints":{"allow":["GET"]}}],"collection":[{"href":"https:\/\/www.cdlpv.org\/fitxes\/wp-json\/wp\/v2\/pages"}],"about":[{"href":"https:\/\/www.cdlpv.org\/fitxes\/wp-json\/wp\/v2\/types\/page"}],"author":[{"embeddable":true,"href":"https:\/\/www.cdlpv.org\/fitxes\/wp-json\/wp\/v2\/users\/1"}],"replies":[{"embeddable":true,"href":"https:\/\/www.cdlpv.org\/fitxes\/wp-json\/wp\/v2\/comments?post=39"}],"version-history":[{"count":26,"href":"https:\/\/www.cdlpv.org\/fitxes\/wp-json\/wp\/v2\/pages\/39\/revisions"}],"predecessor-version":[{"id":7650,"href":"https:\/\/www.cdlpv.org\/fitxes\/wp-json\/wp\/v2\/pages\/39\/revisions\/7650"}],"wp:attachment":[{"href":"https:\/\/www.cdlpv.org\/fitxes\/wp-json\/wp\/v2\/media?parent=39"}],"curies":[{"name":"wp","href":"https:\/\/api.w.org\/{rel}","templated":true}]}}