{"id":26,"date":"2025-07-31T20:30:33","date_gmt":"2025-07-31T18:30:33","guid":{"rendered":"http:\/\/www.cdlpv.org\/fitxes\/?page_id=26"},"modified":"2025-07-31T09:46:18","modified_gmt":"2025-07-31T07:46:18","slug":"d","status":"publish","type":"page","link":"https:\/\/www.cdlpv.org\/fitxes\/d\/","title":{"rendered":"[D]"},"content":{"rendered":"<ol>\n<li><a href=\"https:\/\/www.cdlpv.org\/fitxes\/de-rapafuig\/\" target=\"_blank\" rel=\"noopener noreferrer\">d&#8217;arrapa-fuig<\/a><\/li>\n<li><a href=\"https:\/\/www.cdlpv.org\/fitxes\/de-rapafuig\/\" target=\"_blank\" rel=\"noopener noreferrer\">d&#8217;arrapa-i-fuig<\/a><\/li>\n<li><a href=\"https:\/\/www.cdlpv.org\/fitxes\/de-rapafuig\/\" target=\"_blank\" rel=\"noopener noreferrer\">d&#8217;arrapafuig<\/a><\/li>\n<li><a href=\"https:\/\/www.cdlpv.org\/fitxes\/de-rapafuig\/\" target=\"_blank\" rel=\"noopener noreferrer\">d&#8217;arrapa i fuig<\/a><\/li>\n<li><a href=\"http:\/\/www.cdlpv.org\/fitxes\/dentre\/\" target=\"_blank\" rel=\"noopener noreferrer\">d&#8217;entre<\/a><\/li>\n<li><a href=\"http:\/\/www.einesdellengua.com\/Fitxes\/Textos\/S\/sopar.htm\" target=\"_blank\" rel=\"noopener noreferrer\">d&#8217;entrep\u00e0<\/a><\/li>\n<li><a href=\"http:\/\/www.cdlpv.org\/fitxes\/victor-dhondt\/\" target=\"_blank\" rel=\"noopener noreferrer\">D&#8217;Hondt, Victor<\/a><\/li>\n<li><a href=\"https:\/\/www.cdlpv.org\/fitxes\/dimmediat\/\" target=\"_blank\" rel=\"noopener noreferrer\">d&#8217;immediat<\/a><\/li>\n<li><a href=\"https:\/\/www.cdlpv.org\/fitxes\/daix\/\" target=\"_blank\" rel=\"noopener noreferrer\"><em>Daesh<\/em><\/a><\/li>\n<li><a href=\"https:\/\/www.cdlpv.org\/fitxes\/daix\/\" target=\"_blank\" rel=\"noopener noreferrer\">Daix<\/a><\/li>\n<li><a href=\"https:\/\/www.cdlpv.org\/fitxes\/daix\/\" target=\"_blank\" rel=\"noopener noreferrer\">D\u00e0\u00efx<\/a><\/li>\n<li><a href=\"https:\/\/www.cdlpv.org\/fitxes\/dauat-ada\" target=\"_blank\" rel=\"noopener\">dauat -ada<\/a><\/li>\n<li><a href=\"http:\/\/www.cdlpv.org\/fitxes\/dempeus\/\" target=\"_blank\" rel=\"noopener noreferrer\">de peus<\/a><\/li>\n<li><a href=\"http:\/\/www.einesdellengua.com\/Fitxes\/Textos\/S\/sopar.htm\" target=\"_blank\" rel=\"noopener noreferrer\"><em>de sobaquillo<\/em><\/a><\/li>\n<li><a href=\"https:\/\/www.cdlpv.org\/fitxes\/dalit\/\" target=\"_blank\" rel=\"noopener noreferrer\">d\u00e0lit<\/a><\/li>\n<li><a href=\"http:\/\/www.cdlpv.org\/fitxes\/dalmata\/\" target=\"_blank\" rel=\"noopener noreferrer\">d\u00e0lmata<\/a><\/li>\n<li><a href=\"http:\/\/www.einesdellengua.com\/Fitxes\/Textos\/D\/DAO.htm\" target=\"_blank\" rel=\"noopener noreferrer\">DAO<\/a><\/li>\n<li><a href=\"http:\/\/www.einesdellengua.com\/Fitxes\/Textos\/D\/donargust.htm\" target=\"_blank\" rel=\"noopener noreferrer\"><em>dar gusto<\/em><\/a><\/li>\n<li><a href=\"http:\/\/www.cdlpv.org\/fitxes\/dasboot\/\" target=\"_blank\" rel=\"noopener noreferrer\"><em>Das Boot ist voll<\/em><\/a><\/li>\n<li><a href=\"http:\/\/www.cdlpv.org\/fitxes\/data\/\" target=\"_blank\" rel=\"noopener noreferrer\">data<\/a><\/li>\n<li><a href=\"http:\/\/www.einesdellengua.com\/Fitxes\/Textos\/D\/datildemar.htm\" target=\"_blank\" rel=\"noopener noreferrer\">d\u00e0til de mar<\/a><\/li>\n<li><a href=\"https:\/\/www.cdlpv.org\/fitxes\/de-acuerdo-a\/\" target=\"_blank\" rel=\"noopener noreferrer\">de acuerdo a<\/a><\/li>\n<li><a href=\"http:\/\/www.einesdellengua.com\/Fitxes\/Textos\/D\/decaber.htm\" target=\"_blank\" rel=\"noopener noreferrer\"><em>de caber<\/em><\/a><\/li>\n<li><a href=\"http:\/\/www.einesdellengua.com\/Fitxes\/Textos\/D\/decaraa.htm\" target=\"_blank\" rel=\"noopener noreferrer\">de cara a<\/a><\/li>\n<li><a href=\"http:\/\/www.einesdellengua.com\/Fitxes\/Textos\/D\/delordrede.htm\" target=\"_blank\" rel=\"noopener noreferrer\">de l&#8217;ordre de<\/a><\/li>\n<li><a href=\"https:\/\/www.cdlpv.org\/fitxes\/de-la-granja-a-la-taula\/\" target=\"_blank\" rel=\"noopener\">\u00abDe la granja a la taula\u00bb<\/a><\/li>\n<li><a href=\"http:\/\/www.einesdellengua.com\/Fitxes\/Textos\/C\/contrari.htm\" target=\"_blank\" rel=\"noopener noreferrer\"><em>de lo contrario<\/em><\/a><\/li>\n<li><a href=\"https:\/\/www.cdlpv.org\/fitxes\/de-minimis\/\" target=\"_blank\" rel=\"noopener noreferrer\"><em>de minimis<\/em><\/a><\/li>\n<li><a href=\"http:\/\/www.einesdellengua.com\/Fitxes\/Textos\/D\/deparet.htm\" target=\"_blank\" rel=\"noopener noreferrer\">de paret<\/a><\/li>\n<li><a href=\"http:\/\/www.cdlpv.org\/fitxes\/de-per-si\/\" target=\"_blank\" rel=\"noopener noreferrer\">de per si<\/a><\/li>\n<li><a href=\"http:\/\/www.einesdellengua.com\/Fitxes\/Textos\/D\/depeu.htm\" target=\"_blank\" rel=\"noopener noreferrer\">de peu<\/a><\/li>\n<li><a href=\"http:\/\/www.cdlpv.org\/fitxes\/de-per-si\/\" target=\"_blank\" rel=\"noopener noreferrer\"><em>de por s\u00ed<\/em><\/a><\/li>\n<li><a href=\"https:\/\/www.cdlpv.org\/fitxes\/de-rapafuig\/\" target=\"_blank\" rel=\"noopener\">de rampa i fuig<\/a><\/li>\n<li><a href=\"https:\/\/www.cdlpv.org\/fitxes\/de-rapafuig\/\" target=\"_blank\" rel=\"noopener\">de rapa-fuig<\/a><\/li>\n<li><a href=\"http:\/\/www.einesdellengua.com\/Fitxes\/Textos\/D\/darrapafuig.htm\" target=\"_blank\" rel=\"noopener noreferrer\">de rapafuig<\/a><\/li>\n<li><a href=\"http:\/\/www.cdlpv.org\/fitxes\/resultes\/\" target=\"_blank\" rel=\"noopener noreferrer\">de resultes de<\/a><\/li>\n<li><a href=\"https:\/\/www.cdlpv.org\/fitxes\/de-sa-llei\/\" target=\"_blank\" rel=\"noopener noreferrer\">de sa llei<\/a><\/li>\n<li><a href=\"http:\/\/www.einesdellengua.com\/Fitxes\/Textos\/D\/desobaquillo.htm\" target=\"_blank\" rel=\"noopener noreferrer\"><em>de sobaquillo<\/em><\/a><\/li>\n<li><a href=\"https:\/\/www.cdlpv.org\/fitxes\/de-tarus\/\" target=\"_blank\" rel=\"noopener\">de tar\u00fas<\/a><\/li>\n<li><a href=\"http:\/\/www.einesdellengua.com\/Fitxes\/Textos\/D\/dealingroom.htm\" target=\"_blank\" rel=\"noopener noreferrer\"><em>dealing room<\/em><\/a><\/li>\n<li><a href=\"http:\/\/www.einesdellengua.com\/Fitxes\/Textos\/D\/debellirse.htm\" target=\"_blank\" rel=\"noopener noreferrer\">debellir-se<\/a><\/li>\n<li><a href=\"https:\/\/www.cdlpv.org\/fitxes\/decaer\/\" target=\"_blank\" rel=\"noopener noreferrer\"><em>decaer<\/em><\/a><\/li>\n<li><a href=\"https:\/\/www.cdlpv.org\/fitxes\/decaer\/\" target=\"_blank\" rel=\"noopener noreferrer\">decaure<\/a><\/li>\n<li><a href=\"http:\/\/www.einesdellengua.com\/Fitxes\/Textos\/D\/decalaje.htm\" target=\"_blank\" rel=\"noopener noreferrer\"><em>decalaje<\/em><\/a><\/li>\n<li><a href=\"http:\/\/www.einesdellengua.com\/Fitxes\/Textos\/D\/decimononic.htm\" target=\"_blank\" rel=\"noopener noreferrer\">decimon\u00f2nic -ca<\/a>*<\/li>\n<li><a href=\"http:\/\/www.einesdellengua.com\/Fitxes\/Textos\/D\/declinar.htm\" target=\"_blank\" rel=\"noopener noreferrer\"><em>declinar<\/em><\/a><\/li>\n<li><a href=\"http:\/\/www.einesdellengua.com\/Fitxes\/Textos\/D\/decretllei.htm\" target=\"_blank\" rel=\"noopener noreferrer\">decret llei<\/a><\/li>\n<li><a href=\"http:\/\/www.einesdellengua.com\/Fitxes\/Textos\/D\/decretazo.htm\" target=\"_blank\" rel=\"noopener noreferrer\">decretada*<\/a><\/li>\n<li><a href=\"http:\/\/www.einesdellengua.com\/Fitxes\/Textos\/D\/decretazo.htm\" target=\"_blank\" rel=\"noopener noreferrer\"><em>decretazo<\/em><\/a><\/li>\n<li><a href=\"http:\/\/www.einesdellengua.com\/Fitxes\/Textos\/D\/deduir.htm\" target=\"_blank\" rel=\"noopener noreferrer\">deduir<\/a><\/li>\n<li><a href=\"https:\/\/www.cdlpv.org\/fitxes\/defalliment\/\" target=\"_blank\" rel=\"noopener\">defalliment<\/a><\/li>\n<li><a href=\"http:\/\/www.einesdellengua.com\/Fitxes\/Textos\/D\/defecte.htm\" target=\"_blank\" rel=\"noopener noreferrer\">defecte<\/a><\/li>\n<li><a href=\"http:\/\/www.einesdellengua.com\/Fitxes\/Textos\/D\/defensoria.htm\" target=\"_blank\" rel=\"noopener noreferrer\"><em>defensor\u00eda<\/em><\/a><\/li>\n<li><a href=\"http:\/\/www.cdlpv.org\/fitxes\/deficit-comptable\/\" target=\"_blank\" rel=\"noopener noreferrer\">d\u00e8ficit comptable<\/a><\/li>\n<li><a href=\"http:\/\/www.einesdellengua.com\/Fitxes\/Textos\/D\/definicio.htm\" target=\"_blank\" rel=\"noopener noreferrer\">definici\u00f3<\/a><\/li>\n<li><a href=\"http:\/\/www.einesdellengua.com\/Fitxes\/Textos\/D\/definicions.htm\" target=\"_blank\" rel=\"noopener noreferrer\">definicions<\/a><\/li>\n<li><a href=\"http:\/\/www.einesdellengua.com\/Fitxes\/Textos\/D\/deflactar.htm\" target=\"_blank\" rel=\"noopener noreferrer\">deflactar<\/a><\/li>\n<li><a href=\"http:\/\/www.cdlpv.org\/fitxes\/degut-a\/\" target=\"_blank\" rel=\"noopener noreferrer\">degut a<\/a><\/li>\n<li><a href=\"http:\/\/www.cdlpv.org\/fitxes\/deisi\/\" target=\"_blank\" rel=\"noopener noreferrer\">deisi<\/a><\/li>\n<li><a href=\"http:\/\/www.cdlpv.org\/fitxes\/deisi\/\" target=\"_blank\" rel=\"noopener noreferrer\">d\u00e8isi<\/a>*<\/li>\n<li><a href=\"http:\/\/www.cdlpv.org\/fitxes\/final-de-servei\/\" target=\"_blank\" rel=\"noopener noreferrer\">deixa<\/a><\/li>\n<li><a href=\"http:\/\/www.cdlpv.org\/fitxes\/final-de-servei\/\" target=\"_blank\" rel=\"noopener noreferrer\"><em>deje<\/em><\/a><\/li>\n<li><a href=\"http:\/\/www.einesdellengua.com\/Fitxes\/Textos\/C\/contrari.htm\" target=\"_blank\" rel=\"noopener noreferrer\">*del contrari<\/a><\/li>\n<li><a href=\"http:\/\/www.cdlpv.org\/fitxes\/delegant\/\" target=\"_blank\" rel=\"noopener noreferrer\">delegant<\/a><\/li>\n<li><a href=\"http:\/\/www.einesdellengua.com\/Fitxes\/Textos\/D\/delfinari.htm\" target=\"_blank\" rel=\"noopener noreferrer\">delfinari*<\/a><\/li>\n<li><a href=\"http:\/\/www.einesdellengua.com\/Fitxes\/Textos\/D\/demani.htm\" target=\"_blank\" rel=\"noopener noreferrer\">demani<\/a><\/li>\n<li><a href=\"http:\/\/www.einesdellengua.com\/Fitxes\/Textos\/D\/demanial.htm\" target=\"_blank\" rel=\"noopener noreferrer\">demanial<\/a><\/li>\n<li><a href=\"http:\/\/www.einesdellengua.com\/Fitxes\/Textos\/D\/demonizar.htm\" target=\"_blank\" rel=\"noopener noreferrer\"><em>demonizar<\/em><\/a><\/li>\n<li><a href=\"http:\/\/www.cdlpv.org\/fitxes\/dempeus\/\" target=\"_blank\" rel=\"noopener noreferrer\">dempeus<\/a><\/li>\n<li><a href=\"http:\/\/www.einesdellengua.com\/Fitxes\/Textos\/D\/deneu.htm\" target=\"_blank\" rel=\"noopener noreferrer\">d\u00e8neu<\/a><\/li>\n<li><a href=\"http:\/\/www.einesdellengua.com\/Fitxes\/Textos\/D\/Denia.htm\" target=\"_blank\" rel=\"noopener noreferrer\">D\u00e9nia<\/a><\/li>\n<li><a href=\"http:\/\/www.einesdellengua.com\/Fitxes\/Textos\/D\/derechoahacerlo.htm\" target=\"_blank\" rel=\"noopener noreferrer\"><em>derecho a hacerlo por s\u00ed<\/em><\/a><\/li>\n<li><a href=\"http:\/\/www.einesdellengua.com\/Fitxes\/Textos\/D\/derechodevuelo.htm\" target=\"_blank\" rel=\"noopener noreferrer\"><em>derecho de vuelo<\/em><\/a><\/li>\n<li><a href=\"https:\/\/www.cdlpv.org\/fitxes\/derelicte\/\" target=\"_blank\" rel=\"noopener noreferrer\">derelicte<\/a><\/li>\n<li><a href=\"http:\/\/www.einesdellengua.com\/Fitxes\/Textos\/D\/derogacio.htm\" target=\"_blank\" rel=\"noopener noreferrer\">derogaci\u00f3<\/a><\/li>\n<li><a href=\"http:\/\/www.einesdellengua.com\/Fitxes\/Textos\/D\/derrabe.htm\" target=\"_blank\" rel=\"noopener noreferrer\"><em>derrabe<\/em><\/a><\/li>\n<li><a href=\"http:\/\/www.einesdellengua.com\/Fitxes\/Textos\/D\/desarrollismo.htm\" target=\"_blank\" rel=\"noopener noreferrer\"><em>desarrollismo<\/em><\/a><\/li>\n<li><a href=\"http:\/\/www.einesdellengua.com\/Fitxes\/Textos\/D\/desatencio.htm\" target=\"_blank\" rel=\"noopener noreferrer\">desatenci\u00f3 benigna<\/a><\/li>\n<li><a href=\"http:\/\/www.einesdellengua.com\/Fitxes\/Textos\/D\/desbalafiar.htm\" target=\"_blank\" rel=\"noopener noreferrer\">desbalafiar<\/a>*<\/li>\n<li><a href=\"http:\/\/www.einesdellengua.com\/Fitxes\/Textos\/D\/desbarafustar.htm\" target=\"_blank\" rel=\"noopener noreferrer\">desbarafustar<\/a>*<\/li>\n<li><a href=\"http:\/\/www.einesdellengua.com\/Fitxes\/Textos\/D\/desbrozo.htm\" target=\"_blank\" rel=\"noopener noreferrer\"><em>desbrozo<\/em><\/a><\/li>\n<li><a href=\"http:\/\/www.einesdellengua.com\/Fitxes\/Textos\/D\/Descartes.htm\" target=\"_blank\" rel=\"noopener noreferrer\">Descartes<\/a><\/li>\n<li><a href=\"https:\/\/www.cdlpv.org\/fitxes\/descerebrat-ada\/\" target=\"_blank\" rel=\"noopener\">descerebrat -ada<\/a><\/li>\n<li><a href=\"https:\/\/www.cdlpv.org\/fitxes\/descerebrat-ada\/\" target=\"_blank\" rel=\"noopener\">descervellat -ada<\/a><\/li>\n<li><a href=\"http:\/\/www.einesdellengua.com\/Fitxes\/Textos\/D\/desechable.htm\" target=\"_blank\" rel=\"noopener noreferrer\"><em>desechable<\/em><\/a><\/li>\n<li><a href=\"http:\/\/www.einesdellengua.com\/Fitxes\/Textos\/D\/desemboirar.htm\" target=\"_blank\" rel=\"noopener noreferrer\">desemboirar<\/a><\/li>\n<li><a href=\"http:\/\/www.einesdellengua.com\/Fitxes\/Textos\/D\/desemboldre.htm\" target=\"_blank\" rel=\"noopener noreferrer\">desemboldre<\/a><\/li>\n<li><a href=\"http:\/\/www.cdlpv.org\/fitxes\/desembosc\/\" target=\"_blank\" rel=\"noopener noreferrer\">desembosc<\/a><\/li>\n<li><a href=\"http:\/\/www.einesdellengua.com\/Fitxes\/Textos\/D\/desemparanca.htm\" target=\"_blank\" rel=\"noopener noreferrer\">desemparan\u00e7a apresa<\/a><\/li>\n<li><a href=\"http:\/\/www.einesdellengua.com\/Fitxes\/Textos\/D\/desentendimiento.htm\" target=\"_blank\" rel=\"noopener noreferrer\">*desentendiment<\/a><\/li>\n<li><a href=\"http:\/\/www.einesdellengua.com\/Fitxes\/Textos\/D\/desentendimiento.htm\" target=\"_blank\" rel=\"noopener noreferrer\"><em>desentendimiento<\/em><\/a><\/li>\n<li><a href=\"http:\/\/www.einesdellengua.com\/Fitxes\/Textos\/D\/desenvolupar.htm\" target=\"_blank\" rel=\"noopener noreferrer\">desenvolupar<\/a><\/li>\n<li><a href=\"http:\/\/www.einesdellengua.com\/Fitxes\/Textos\/D\/designs.htm\" target=\"_blank\" rel=\"noopener noreferrer\"><em>designs<\/em><\/a><\/li>\n<li><a href=\"http:\/\/www.einesdellengua.com\/Fitxes\/Textos\/D\/desemboldre.htm\" target=\"_blank\" rel=\"noopener noreferrer\">desimboldre<\/a><\/li>\n<li><a href=\"https:\/\/www.cdlpv.org\/fitxes\/desinencia-a-ada\/\" target=\"_blank\" rel=\"noopener\"><em>desin\u00e8ncies<\/em> -\u00e0 <em>i<\/em> -aor-<\/a><\/li>\n<li><a href=\"http:\/\/www.cdlpv.org\/fitxes\/desistir\/\" target=\"_blank\" rel=\"noopener noreferrer\">desistir<\/a><\/li>\n<li><a href=\"http:\/\/www.einesdellengua.com\/Fitxes\/Textos\/D\/deslavazado.htm\" target=\"_blank\" rel=\"noopener noreferrer\"><em>deslavazado<\/em><\/a><\/li>\n<li><a href=\"http:\/\/www.einesdellengua.com\/Fitxes\/Textos\/D\/deslinde.htm\" target=\"_blank\" rel=\"noopener noreferrer\">deslinde<\/a><\/li>\n<li><a href=\"http:\/\/www.einesdellengua.com\/Fitxes\/Textos\/D\/desnortar.htm\" target=\"_blank\" rel=\"noopener noreferrer\">desnortar<\/a>*<\/li>\n<li><a href=\"http:\/\/www.einesdellengua.com\/Fitxes\/Textos\/D\/despiece.htm\" target=\"_blank\" rel=\"noopener noreferrer\">despiece<\/a><\/li>\n<li><a href=\"http:\/\/www.einesdellengua.com\/Fitxes\/Textos\/D\/destarifo.htm\" target=\"_blank\" rel=\"noopener noreferrer\">destarifo<\/a>*<\/li>\n<li><a href=\"http:\/\/www.einesdellengua.com\/Fitxes\/Textos\/D\/desti.htm\" target=\"_blank\" rel=\"noopener noreferrer\">dest\u00ed<\/a><\/li>\n<li><a href=\"http:\/\/www.einesdellengua.com\/Fitxes\/Textos\/D\/desviaciodepoder.htm\" target=\"_blank\" rel=\"noopener noreferrer\">desviaci\u00f3 de poder<\/a><\/li>\n<li><a href=\"http:\/\/www.einesdellengua.com\/Fitxes\/Textos\/D\/detache.htm\" target=\"_blank\" rel=\"noopener noreferrer\"><em>d\u00e9tach\u00e9<\/em><\/a><\/li>\n<li><a href=\"https:\/\/www.cdlpv.org\/fitxes\/detras\" target=\"_blank\" rel=\"noopener noreferrer\">detr\u00e0s<\/a><\/li>\n<li><a href=\"http:\/\/www.einesdellengua.com\/Fitxes\/Textos\/D\/deuteodios.htm\" target=\"_blank\" rel=\"noopener noreferrer\">deute odi\u00f3s<\/a><\/li>\n<li><a href=\"http:\/\/www.einesdellengua.com\/Fitxes\/Textos\/D\/deunido.htm\" target=\"_blank\" rel=\"noopener noreferrer\">deunid\u00f3<\/a>*<\/li>\n<li><a href=\"https:\/\/www.cdlpv.org\/fitxes\/el-dia-seguent\/\" target=\"_blank\" rel=\"noopener noreferrer\">dia seg\u00fcent, el<\/a><\/li>\n<li><a href=\"http:\/\/www.einesdellengua.com\/Fitxes\/Textos\/D\/diadefortuna.htm\" target=\"_blank\" rel=\"noopener noreferrer\"><em>d\u00eda de fortuna<\/em><\/a><\/li>\n<li><a href=\"http:\/\/www.einesdellengua.com\/Fitxes\/Textos\/D\/diabletasmania.htm\" target=\"_blank\" rel=\"noopener noreferrer\">diable de Tasm\u00e0nia<\/a><\/li>\n<li><a href=\"http:\/\/www.cdlpv.org\/fitxes\/diacritic\/\" target=\"_blank\" rel=\"noopener noreferrer\">diacr\u00edtic -ca<\/a><\/li>\n<li><a href=\"http:\/\/www.einesdellengua.com\/Fitxes\/Textos\/V\/vocabularis.htm\" target=\"_blank\" rel=\"noopener noreferrer\">diccionaris<\/a><\/li>\n<li><a href=\"http:\/\/www.einesdellengua.com\/Fitxes\/Textos\/I\/iec.htm\" target=\"_blank\" rel=\"noopener noreferrer\">DIEC2<\/a><\/li>\n<li><a href=\"http:\/\/www.einesdellengua.com\/Fitxes\/Textos\/D\/dieresi.htm\" target=\"_blank\" rel=\"noopener noreferrer\">di\u00e8resi<\/a><\/li>\n<li><a href=\"http:\/\/www.einesdellengua.com\/Fitxes\/Textos\/D\/diesel.htm\" target=\"_blank\" rel=\"noopener noreferrer\">di\u00e8sel<\/a><\/li>\n<li><a href=\"http:\/\/www.einesdellengua.com\/Fitxes\/Textos\/D\/diferentitzacio.htm\" target=\"_blank\" rel=\"noopener noreferrer\">diferentitzaci\u00f3<\/a>*<\/li>\n<li><a href=\"http:\/\/www.einesdellengua.com\/Fitxes\/Textos\/D\/diferiment.htm\" target=\"_blank\" rel=\"noopener noreferrer\">diferiment<\/a><\/li>\n<li><a href=\"http:\/\/www.einesdellengua.com\/Fitxes\/Textos\/D\/diferir.htm\" target=\"_blank\" rel=\"noopener noreferrer\">diferir<\/a><\/li>\n<li><a href=\"http:\/\/www.einesdellengua.com\/Fitxes\/Textos\/D\/dimensionado.htm\" target=\"_blank\" rel=\"noopener noreferrer\"><em>dimensionado<\/em><\/a>*<\/li>\n<li><a href=\"http:\/\/www.einesdellengua.com\/Fitxes\/Textos\/D\/diluvi.htm\" target=\"_blank\" rel=\"noopener noreferrer\">diluvi<\/a><\/li>\n<li><a href=\"http:\/\/www.einesdellengua.com\/Fitxes\/Textos\/D\/dimensionar.htm\" target=\"_blank\" rel=\"noopener noreferrer\">dimensionar<\/a><\/li>\n<li><a href=\"http:\/\/www.einesdellengua.com\/Fitxes\/Textos\/D\/dimensionat.htm\" target=\"_blank\" rel=\"noopener noreferrer\">dimensionat<\/a>*<\/li>\n<li><a href=\"http:\/\/www.einesdellengua.com\/Fitxes\/Textos\/D\/DIN.htm\" target=\"_blank\" rel=\"noopener noreferrer\">DIN<\/a><\/li>\n<li><a href=\"http:\/\/www.einesdellengua.com\/Fitxes\/Textos\/D\/dindi.htm\" target=\"_blank\" rel=\"noopener noreferrer\">dindi d\u00edndia<\/a><\/li>\n<li><a href=\"http:\/\/www.cdlpv.org\/fitxes\/diputats-valencians\/\" target=\"_blank\" rel=\"noopener noreferrer\">diputats valencians<\/a><\/li>\n<li><a href=\"http:\/\/www.einesdellengua.com\/Fitxes\/Textos\/D\/directiva.htm\" target=\"_blank\" rel=\"noopener noreferrer\">directiva<\/a><\/li>\n<li><a href=\"http:\/\/www.einesdellengua.com\/Fitxes\/Textos\/D\/directriu.htm\" target=\"_blank\" rel=\"noopener noreferrer\">directriu<\/a><\/li>\n<li><a href=\"http:\/\/www.einesdellengua.com\/Fitxes\/Textos\/D\/dirham.htm\" target=\"_blank\" rel=\"noopener noreferrer\">d\u00edrham<\/a><\/li>\n<li><a href=\"http:\/\/www.einesdellengua.com\/Fitxes\/Textos\/D\/discapacitat.htm\" target=\"_blank\" rel=\"noopener noreferrer\">discapacitat<\/a><\/li>\n<li><a href=\"http:\/\/www.einesdellengua.com\/Fitxes\/Textos\/D\/discjoquei.htm\" target=\"_blank\" rel=\"noopener noreferrer\">discj\u00f2quei<\/a><\/li>\n<li><a href=\"http:\/\/www.cdlpv.org\/fitxes\/disfobia\/\" target=\"_blank\" rel=\"noopener noreferrer\">disf\u00f2bia<\/a><\/li>\n<li><a href=\"http:\/\/www.einesdellengua.com\/Fitxes\/Textos\/D\/disfrutar.htm\" target=\"_blank\" rel=\"noopener noreferrer\">disfrutar<\/a>*<\/li>\n<li><a href=\"http:\/\/www.einesdellengua.com\/Fitxes\/Textos\/D\/dispersitat.htm\" target=\"_blank\" rel=\"noopener noreferrer\">dispersitat<\/a>*<\/li>\n<li><a href=\"http:\/\/www.einesdellengua.com\/Fitxes\/Textos\/D\/disseccionar.htm\" target=\"_blank\" rel=\"noopener noreferrer\">disseccionar<\/a>*<\/li>\n<li><a href=\"http:\/\/www.einesdellengua.com\/Fitxes\/Textos\/D\/dissentir.htm\" target=\"_blank\" rel=\"noopener noreferrer\">dissentir<\/a><\/li>\n<li><a href=\"http:\/\/www.cdlpv.org\/fitxes\/dissocial\/\" target=\"_blank\" rel=\"noopener noreferrer\">dissocial<\/a><\/li>\n<li><a href=\"https:\/\/www.cdlpv.org\/fitxes\/ditxos-ditxosa\/\" target=\"_blank\" rel=\"noopener\"><em>ditx\u00f3s ditxosa<\/em><\/a><\/li>\n<li><a href=\"http:\/\/www.einesdellengua.com\/Fitxes\/Textos\/D\/discjoquei.htm\" target=\"_blank\" rel=\"noopener noreferrer\"><em>DJ<\/em> o <em>dj<\/em><\/a><\/li>\n<li><a href=\"http:\/\/www.einesdellengua.com\/Fitxes\/Textos\/D\/DNI.htm\" target=\"_blank\" rel=\"noopener noreferrer\">DNI<\/a><\/li>\n<li><a href=\"http:\/\/www.einesdellengua.com\/Fitxes\/Textos\/D\/doblament.htm\" target=\"_blank\" rel=\"noopener noreferrer\">doblament<\/a><\/li>\n<li><a href=\"http:\/\/www.einesdellengua.com\/Fitxes\/Textos\/D\/doc.htm\" target=\"_blank\" rel=\"noopener noreferrer\">doc<\/a><\/li>\n<li><a href=\"http:\/\/www.einesdellengua.com\/Fitxes\/Textos\/D\/DOCE.htm\" target=\"_blank\" rel=\"noopener noreferrer\">DOCE<\/a><\/li>\n<li><a href=\"http:\/\/www.einesdellengua.com\/Fitxes\/Textos\/D\/dock.htm\" target=\"_blank\" rel=\"noopener noreferrer\"><em>dock<\/em><\/a>*<\/li>\n<li><a href=\"http:\/\/www.einesdellengua.com\/Fitxes\/Textos\/D\/documentadmissio.htm\" target=\"_blank\" rel=\"noopener noreferrer\">document d&#8217;admissi\u00f3<\/a><\/li>\n<li><a href=\"http:\/\/www.einesdellengua.com\/Fitxes\/Textos\/D\/DOGV.htm\" target=\"_blank\" rel=\"noopener noreferrer\">DOGV<\/a><\/li>\n<li><a href=\"http:\/\/www.einesdellengua.com\/Fitxes\/Textos\/D\/doladizo.htm\" target=\"_blank\" rel=\"noopener noreferrer\"><em>doladizo<\/em><\/a>*<\/li>\n<li><a href=\"http:\/\/www.einesdellengua.com\/Fitxes\/Textos\/D\/dolchstosslegende.htm\" target=\"_blank\" rel=\"noopener noreferrer\"><em>Dolchsto\u00dflegende<\/em><\/a><\/li>\n<li><a href=\"http:\/\/www.einesdellengua.com\/Fitxes\/Textos\/D\/dominada.htm\" target=\"_blank\" rel=\"noopener noreferrer\"><em>dominada<\/em><\/a>*<\/li>\n<li><a href=\"http:\/\/www.einesdellengua.com\/Fitxes\/Textos\/D\/dominguero.htm\" target=\"_blank\" rel=\"noopener noreferrer\"><em>dominguero<\/em><\/a><\/li>\n<li><a href=\"http:\/\/www.einesdellengua.com\/Fitxes\/Textos\/C\/carabassa.htm\" target=\"_blank\" rel=\"noopener noreferrer\">donar carabassa<\/a><\/li>\n<li><a href=\"http:\/\/www.einesdellengua.com\/Fitxes\/Textos\/D\/donarclasse.htm\" target=\"_blank\" rel=\"noopener noreferrer\">donar classe<\/a><\/li>\n<li><a href=\"http:\/\/www.einesdellengua.com\/Fitxes\/Textos\/D\/donargust.htm\" target=\"_blank\" rel=\"noopener noreferrer\">donar gust<\/a><\/li>\n<li><a href=\"http:\/\/www.cdlpv.org\/fitxes\/donat-ada\/\" target=\"_blank\" rel=\"noopener noreferrer\">donat -ada<\/a><\/li>\n<li><a href=\"http:\/\/www.cdlpv.org\/fitxes\/donat-que\/\" target=\"_blank\" rel=\"noopener noreferrer\">donat que<\/a><\/li>\n<li><a href=\"http:\/\/www.einesdellengua.com\/Fitxes\/Textos\/D\/Doncel.htm\" target=\"_blank\" rel=\"noopener noreferrer\">Doncel, el<\/a><\/li>\n<li><a href=\"http:\/\/www.einesdellengua.com\/Fitxes\/Textos\/D\/donzell.htm\" target=\"_blank\" rel=\"noopener noreferrer\">donzell<\/a><\/li>\n<li><a href=\"http:\/\/www.einesdellengua.com\/Fitxes\/Textos\/D\/dosier.htm\" target=\"_blank\" rel=\"noopener noreferrer\"><em>dosier<\/em><\/a><\/li>\n<li><a href=\"http:\/\/www.einesdellengua.com\/Fitxes\/Textos\/D\/dosier.htm\" target=\"_blank\" rel=\"noopener noreferrer\"><em>dossier<\/em><\/a>*<\/li>\n<li><a href=\"http:\/\/www.einesdellengua.com\/Fitxes\/Textos\/D\/dotacional.htm\" target=\"_blank\" rel=\"noopener noreferrer\">dotacional<\/a><\/li>\n<li><a href=\"http:\/\/www.einesdellengua.com\/Fitxes\/Textos\/D\/downsizing.htm\" target=\"_blank\" rel=\"noopener noreferrer\"><em>downsizing<\/em><\/a><\/li>\n<li><a href=\"http:\/\/www.einesdellengua.com\/Fitxes\/Textos\/D\/dren.htm\" target=\"_blank\" rel=\"noopener noreferrer\">dren<\/a><\/li>\n<li><a href=\"http:\/\/www.einesdellengua.com\/Fitxes\/Textos\/D\/vdret.htm\" target=\"_blank\" rel=\"noopener noreferrer\">dret<\/a> (vocabulari)<\/li>\n<li><a href=\"http:\/\/www.einesdellengua.com\/Fitxes\/Textos\/D\/dreta.htm\" target=\"_blank\" rel=\"noopener noreferrer\">dret a<\/a> (loc. prep.)<\/li>\n<li><a href=\"http:\/\/www.einesdellengua.com\/Fitxes\/Textos\/D\/dretade.htm\" target=\"_blank\" rel=\"noopener noreferrer\">dret a \/ dret de<\/a><\/li>\n<li><a href=\"http:\/\/www.einesdellengua.com\/Fitxes\/Textos\/D\/dretarbrat.htm\" target=\"_blank\" rel=\"noopener noreferrer\">dret sobre l&#8217;arbrat<\/a><\/li>\n<li><a href=\"http:\/\/www.einesdellengua.com\/Fitxes\/Textos\/D\/dretdevolada.htm\" target=\"_blank\" rel=\"noopener noreferrer\">dret de volada<\/a><\/li>\n<li><a href=\"http:\/\/www.cdlpv.org\/fitxes\/dropshipping\/\" target=\"_blank\" rel=\"noopener noreferrer\"><em>dropshipping<\/em><\/a><\/li>\n<li><a href=\"http:\/\/www.einesdellengua.com\/Fitxes\/Textos\/D\/dumper.htm\" target=\"_blank\" rel=\"noopener noreferrer\">d\u00famper<\/a><\/li>\n<li><a href=\"http:\/\/www.cdlpv.org\/fitxes\/duxelles\/\" target=\"_blank\" rel=\"noopener noreferrer\"><em>duxel<\/em><\/a><\/li>\n<li><a href=\"http:\/\/www.cdlpv.org\/fitxes\/duxelles\/\" target=\"_blank\" rel=\"noopener noreferrer\"><em>duxelle<\/em><\/a><\/li>\n<\/ol>\n","protected":false},"excerpt":{"rendered":"<p>d&#8217;arrapa-fuig d&#8217;arrapa-i-fuig d&#8217;arrapafuig d&#8217;arrapa i fuig d&#8217;entre d&#8217;entrep\u00e0 D&#8217;Hondt, Victor d&#8217;immediat Daesh Daix D\u00e0\u00efx dauat -ada de peus de sobaquillo d\u00e0lit d\u00e0lmata DAO dar gusto Das Boot ist voll data d\u00e0til de mar de acuerdo a de caber de cara a de l&#8217;ordre de \u00abDe la granja a la taula\u00bb de lo contrario de minimis [&hellip;]<\/p>\n","protected":false},"author":1,"featured_media":0,"parent":0,"menu_order":4,"comment_status":"closed","ping_status":"closed","template":"","meta":{"footnotes":""},"class_list":["post-26","page","type-page","status-publish","hentry"],"post_mailing_queue_ids":[],"_links":{"self":[{"href":"https:\/\/www.cdlpv.org\/fitxes\/wp-json\/wp\/v2\/pages\/26","targetHints":{"allow":["GET"]}}],"collection":[{"href":"https:\/\/www.cdlpv.org\/fitxes\/wp-json\/wp\/v2\/pages"}],"about":[{"href":"https:\/\/www.cdlpv.org\/fitxes\/wp-json\/wp\/v2\/types\/page"}],"author":[{"embeddable":true,"href":"https:\/\/www.cdlpv.org\/fitxes\/wp-json\/wp\/v2\/users\/1"}],"replies":[{"embeddable":true,"href":"https:\/\/www.cdlpv.org\/fitxes\/wp-json\/wp\/v2\/comments?post=26"}],"version-history":[{"count":55,"href":"https:\/\/www.cdlpv.org\/fitxes\/wp-json\/wp\/v2\/pages\/26\/revisions"}],"predecessor-version":[{"id":7611,"href":"https:\/\/www.cdlpv.org\/fitxes\/wp-json\/wp\/v2\/pages\/26\/revisions\/7611"}],"wp:attachment":[{"href":"https:\/\/www.cdlpv.org\/fitxes\/wp-json\/wp\/v2\/media?parent=26"}],"curies":[{"name":"wp","href":"https:\/\/api.w.org\/{rel}","templated":true}]}}