{"id":1790,"date":"2018-05-29T11:10:02","date_gmt":"2018-05-29T10:10:02","guid":{"rendered":"http:\/\/www.cdlpv.org\/fitxes\/?page_id=1790"},"modified":"2022-08-16T08:40:38","modified_gmt":"2022-08-16T06:40:38","slug":"politica-de-privadesa","status":"publish","type":"page","link":"https:\/\/www.cdlpv.org\/fitxes\/politica-de-privadesa\/","title":{"rendered":"Pol\u00edtica de privadesa"},"content":{"rendered":"<h2>Qui som<\/h2>\n<p>La nostra adre\u00e7a web \u00e9s: http:\/\/www.cdlpv.org\/fitxes.<\/p>\n<h2>Quines dades personals recollim i per qu\u00e8<\/h2>\n<h3>Comentaris<\/h3>\n<p>Quan els visitants deixen comentaris a la web, arrepleguem les dades que es mostren en el formulari de contacte i tamb\u00e9 l&#8217;adre\u00e7a IP del visitant i la cadena de l&#8217;agent de l&#8217;usuari del navegador per a ajudar a la detecci\u00f3 de missatges brossa.<\/p>\n<p>Una cadena anonimitzada creada a partir del correu electr\u00f2nic (tamb\u00e9 nomenat un <em>hash<\/em>) pot proporcionar-se al servei Gravatar per a comprovar si l&#8217;esteu usant. La pol\u00edtica de privadesa del servei Gravatar est\u00e0 disponible aqu\u00ed: https:\/\/automattic.com\/privacy\/. Una vegada aprovat el comentari, la imatge del vostre perfil \u00e9s visible al p\u00fablic al context del comentari.<\/p>\n<h3>M\u00e8dia<\/h3>\n<p>Si pugeu imatges al lloc web, heu d&#8217;evitar pujar imatges que incloguin dades de geolocalitzaci\u00f3 (EXIF GPS) incrustades. Els visitants del lloc web poden descarregar i extreure qualsevol informaci\u00f3 de les imatges de la web.<\/p>\n<h3>Formularis de contacte<\/h3>\n<p>Actualment no n&#8217;utilitzem.<\/p>\n<h3>Galletes<\/h3>\n<p>Si deixeu un comentari en la p\u00e0gina web, podeu optar per al\u00e7ar el nom, l&#8217;adre\u00e7a de correu electr\u00f2nic i la p\u00e0gina web en les galletes. Aix\u00f2 \u00e9s per comoditat, per a que no hajau d&#8217;omplir les dades de nou quan feu un altre comentari. Estes galletes duren un any.<\/p>\n<p>Si teniu un compte i inicieu sessi\u00f3 en esta p\u00e0gina web, es definir\u00e0 una galleta temporal per a determinar si el navegador accepta galletes. La galleta no cont\u00e9 dades personals i ser\u00e0 descartada quan tanqueu el navegador.<\/p>\n<p>Quan inicieu sessi\u00f3, tamb\u00e9 es configuraran diverses galletes per a al\u00e7ar la informaci\u00f3 d&#8217;inici de sessi\u00f3 i les opcions de visualitzaci\u00f3 de la pantalla. Les galletes d&#8217;inici de sessi\u00f3 duren dos dies i les galletes de les opcions de pantalla duren un any. Si seleccioneu \u00abRecordeu-me\u00bb, l&#8217;inici de sessi\u00f3 persistir\u00e0 durant dos setmanes. Si finalitzeu la sessi\u00f3, les galletes d&#8217;inici de sessi\u00f3 seran suprimides.<\/p>\n<p>Si editeu o publiqueu un article, el navegador al\u00e7ar\u00e0 una galleta addicional. Esta galleta no inclou dades personals i simplement indica l&#8217;identificador de l&#8217;entrada que acabeu d&#8217;editar. Expira al cap d&#8217;un dia.<\/p>\n<h3>Contingut incrustat d&#8217;altres llocs web<\/h3>\n<p>Els articles en esta p\u00e0gina web inclouen contingut incrustat (per exemple, v\u00eddeos, imatges, articles, etc.). El contingut incrustat des d&#8217;altres p\u00e0gines web es comporta exactament de la mateixa manera que si el visitant estiguera visitant l&#8217;altra p\u00e0gina web.<\/p>\n<p>Estes p\u00e0gines web poden recollir dades sobre v\u00f3s, fer servir galletes, incrustar seguiment addicional de terceres parts i monitoritzar la interacci\u00f3 amb el contingut incrustat, incloent-hi la tra\u00e7a de la interacci\u00f3 amb el contingut incrustat si teniu un compte i heu iniciat sessi\u00f3 en esta p\u00e0gina web.<\/p>\n<h3>Anal\u00edtiques<\/h3>\n<p>Actualment no n&#8217;utilitzem.<\/p>\n<h2>Amb qui compartim les vostres dades<\/h2>\n<p>Actualment no les compartim.<\/p>\n<h2>Quant de temps retenim les dades<\/h2>\n<p>Si deixeu un comentari, el comentari i les dades <em>meta<\/em> es retenen indefinidament. Aix\u00f2 \u00e9s per a poder recon\u00e9ixer i aprovar autom\u00e0ticament qualsevol comentari de seguiment en lloc de mantenir-los en la cua de moderaci\u00f3.<\/p>\n<p>Per als usuaris que es registren en la web (si n&#8217;hi han), tamb\u00e9 emmagatzemem la informaci\u00f3 personal que proporcionen en el seu perfil d&#8217;usuari. Tots els usuaris poden vore, editar o suprimir la seua informaci\u00f3 personal en qualsevol moment (excepte que no poden canviar el seu nom d&#8217;usuari). Els administradors de la p\u00e0gina web poden tamb\u00e9 editar eixa informaci\u00f3.<\/p>\n<h2>Quins drets teniu sobre les vostres dades<\/h2>\n<p>Si teniu un compte en este lloc web o hi heu deixat comentaris, podeu demanar que vos enviem un fitxer d&#8217;exportaci\u00f3 de les vostres dades personals, incloent-hi totes les dades que mos hajau proporcionat. Tamb\u00e9 podeu demanar que esborrem qualsevol dada personal vostra que tingam. Aix\u00f2 no inclou les dades que estigam obligats a conservar amb prop\u00f2sits administratius, legals o de seguretat.<\/p>\n<h2>On enviem les vostres dades<\/h2>\n<p>Els comentaris dels visitants han de ser comprovats mitjan\u00e7ant un servei de detecci\u00f3 de brossa automatitzat.<\/p>\n<h2>Informaci\u00f3 de contacte<\/h2>\n<p>Miquel Boronat Cogollos: <a href=\"mailto:gollsgolls@gmail.com\" target=\"_blank\" rel=\"noopener\">gollsgolls@gmail.com<\/a>.<\/p>\n","protected":false},"excerpt":{"rendered":"<p>Qui som La nostra adre\u00e7a web \u00e9s: http:\/\/www.cdlpv.org\/fitxes. Quines dades personals recollim i per qu\u00e8 Comentaris Quan els visitants deixen comentaris a la web, arrepleguem les dades que es mostren en el formulari de contacte i tamb\u00e9 l&#8217;adre\u00e7a IP del visitant i la cadena de l&#8217;agent de l&#8217;usuari del navegador per a ajudar a la [&hellip;]<\/p>\n","protected":false},"author":1,"featured_media":0,"parent":0,"menu_order":0,"comment_status":"closed","ping_status":"closed","template":"","meta":{"footnotes":""},"class_list":["post-1790","page","type-page","status-publish","hentry"],"post_mailing_queue_ids":[],"_links":{"self":[{"href":"https:\/\/www.cdlpv.org\/fitxes\/wp-json\/wp\/v2\/pages\/1790","targetHints":{"allow":["GET"]}}],"collection":[{"href":"https:\/\/www.cdlpv.org\/fitxes\/wp-json\/wp\/v2\/pages"}],"about":[{"href":"https:\/\/www.cdlpv.org\/fitxes\/wp-json\/wp\/v2\/types\/page"}],"author":[{"embeddable":true,"href":"https:\/\/www.cdlpv.org\/fitxes\/wp-json\/wp\/v2\/users\/1"}],"replies":[{"embeddable":true,"href":"https:\/\/www.cdlpv.org\/fitxes\/wp-json\/wp\/v2\/comments?post=1790"}],"version-history":[{"count":2,"href":"https:\/\/www.cdlpv.org\/fitxes\/wp-json\/wp\/v2\/pages\/1790\/revisions"}],"predecessor-version":[{"id":5085,"href":"https:\/\/www.cdlpv.org\/fitxes\/wp-json\/wp\/v2\/pages\/1790\/revisions\/5085"}],"wp:attachment":[{"href":"https:\/\/www.cdlpv.org\/fitxes\/wp-json\/wp\/v2\/media?parent=1790"}],"curies":[{"name":"wp","href":"https:\/\/api.w.org\/{rel}","templated":true}]}}