{"id":68,"date":"2007-04-30T11:22:08","date_gmt":"2007-04-30T10:22:08","guid":{"rendered":"http:\/\/www.cdlpv.org\/dtl\/?page_id=68"},"modified":"2007-04-30T11:22:08","modified_gmt":"2007-04-30T10:22:08","slug":"hemeroteca","status":"publish","type":"page","link":"https:\/\/www.cdlpv.org\/dtl\/hemeroteca\/","title":{"rendered":"Hemeroteca"},"content":{"rendered":"<h1>Hemeroteca<\/h1>\n<p>Les not\u00edcies i dades anteriors referents a diversos temes es troben agrupades en una part diferent del projecte global <a href=\"http:\/\/www.einesdellengua.com\/\">Eines de Llengua<\/a>. A continuaci\u00f3 teniu els enlla\u00e7os corresponents:<\/p>\n<p>&mdash;<a href=\"http:\/\/www.einesdellengua.com\/Legis\/Arxius\/AVL\/AVLnormes.htm\" target=\"_blank\">AVL: not\u00edcies<\/a> (fins al 02.04.2007)<br \/>\n&mdash;<a href=\"http:\/\/www.einesdellengua.com\/Requisit.htm\" target=\"_blank\">Requisit ling\u00fc\u00edstic<\/a> (fins al 17.02.2007)<\/p>\n","protected":false},"excerpt":{"rendered":"<p>Hemeroteca Les not\u00edcies i dades anteriors referents a diversos temes es troben agrupades en una part diferent del projecte global Eines de Llengua. A continuaci\u00f3 teniu els enlla\u00e7os corresponents: &mdash;AVL: not\u00edcies (fins al 02.04.2007) &mdash;Requisit ling\u00fc\u00edstic (fins al 17.02.2007)<\/p>\n","protected":false},"author":2,"featured_media":0,"parent":0,"menu_order":0,"comment_status":"open","ping_status":"open","template":"","meta":{"footnotes":""},"class_list":["post-68","page","type-page","status-publish","hentry"],"_links":{"self":[{"href":"https:\/\/www.cdlpv.org\/dtl\/wp-json\/wp\/v2\/pages\/68","targetHints":{"allow":["GET"]}}],"collection":[{"href":"https:\/\/www.cdlpv.org\/dtl\/wp-json\/wp\/v2\/pages"}],"about":[{"href":"https:\/\/www.cdlpv.org\/dtl\/wp-json\/wp\/v2\/types\/page"}],"author":[{"embeddable":true,"href":"https:\/\/www.cdlpv.org\/dtl\/wp-json\/wp\/v2\/users\/2"}],"replies":[{"embeddable":true,"href":"https:\/\/www.cdlpv.org\/dtl\/wp-json\/wp\/v2\/comments?post=68"}],"version-history":[{"count":1,"href":"https:\/\/www.cdlpv.org\/dtl\/wp-json\/wp\/v2\/pages\/68\/revisions"}],"predecessor-version":[{"id":3631,"href":"https:\/\/www.cdlpv.org\/dtl\/wp-json\/wp\/v2\/pages\/68\/revisions\/3631"}],"wp:attachment":[{"href":"https:\/\/www.cdlpv.org\/dtl\/wp-json\/wp\/v2\/media?parent=68"}],"curies":[{"name":"wp","href":"https:\/\/api.w.org\/{rel}","templated":true}]}}