{"id":562,"date":"2006-08-20T21:35:42","date_gmt":"2006-08-20T19:35:42","guid":{"rendered":"http:\/\/www.cdlpv.org\/dtl\/?page_id=4"},"modified":"2006-08-20T21:35:42","modified_gmt":"2006-08-20T19:35:42","slug":"cdlpv-finalitats","status":"publish","type":"page","link":"https:\/\/www.cdlpv.org\/dtl\/cdlpv-finalitats\/","title":{"rendered":"CDLPV: finalitats"},"content":{"rendered":"<h2>Finalitats de la CDLPV<\/h2>\n<p> La finalitat principal de l&#8217;associaci\u00f3 \u00e9s coordinar i difondre actuacions, activitats, treballs i estudis sobre la dinamitzaci\u00f3 ling\u00fc\u00edstica del valenci\u00e0, per tal d&#8217;aconseguir una societat m\u00e9s justa respecte dels drets ling\u00fc\u00edstics de la ciutadania i fomentar, alhora, l&#8217;\u00fas del valenci\u00e0.<\/p>\n<p> Aquesta finalitat gen\u00e8rica es concreta en les seg\u00fcents finalitats espec\u00edfiques:<\/p>\n<blockquote>\n<p>\n<br \/><em>a<\/em>) Difondre les activitats de l&#8217;associaci\u00f3.<\/p>\n<p><em>b<\/em>) Defendre els drets laborals de les persones que es dediquen a la dinamitzaci\u00f3 del valenci\u00e0 (en qualsevol dels camps esmentats abans).  <\/p>\n<p><em>c<\/em>) Orientar sobre q\u00fcestions ling\u00fc\u00edstiques i de dret ling\u00fc\u00edstic. <\/p>\n<p><em>d<\/em>) Promoure l&#8217;\u00fas del valenci\u00e0 en tots els \u00e0mbits de la societat. <\/p>\n<p><em>e<\/em>) Promoure treballs d&#8217;investigaci\u00f3 al voltant de la correcci\u00f3, traducci\u00f3 i dinamitzaci\u00f3 del valenci\u00e0. <\/p>\n<p><em>f<\/em>) Establir acords de col\u00b7laboraci\u00f3 amb altres organitzacions per a la dinamitzaci\u00f3 ling\u00fc\u00edstica del valenci\u00e0. <\/p>\n<p><em>g<\/em>) Crear un \u00e0mbit de debat, d&#8217;informaci\u00f3 i d&#8217;intercanvi sobre drets i q\u00fcestions ling\u00fc\u00edstiques, mitjan\u00e7ant la publicaci\u00f3 d&#8217;un o de diversos butlletins o estudis sobre la mat\u00e8ria,  tant entre els socis i s\u00f2cies com en els mitjans de comunicaci\u00f3 o  sectors interessats.\n<\/p>\n<\/blockquote>\n<h2>Membres: <\/h2>\n<p>Pot adquirir la condici\u00f3 de membre de la Coordinadora de Dinamitzaci\u00f3 Ling\u00fc\u00edstica del Pa\u00eds Valenci\u00e0 tota persona que tinga inter\u00e9s en els fins d&#8217;aquesta associaci\u00f3 i que complisca els requisits seg\u00fcents:<\/p>\n<blockquote>\n<p>\n<br \/><em>a<\/em>) Ser major d&#8217;edat. <\/p>\n<p><em>b<\/em>) Estar vinculat al camp de la correcci\u00f3, traducci\u00f3 i dinamitzaci\u00f3 del valenci\u00e0 en institucions, empreses p\u00fabliques o privades, associacions o altres entitats. <\/p>\n<p><em>c<\/em>) Presentar una sol\u00b7licitud per escrit a la Junta Directiva. <\/p>\n<p><em>d<\/em>) Rebre la resoluci\u00f3 positiva d&#8217;admissi\u00f3 de la Junta Directiva, la qual est\u00e0 obligada a resoldre en el termini de 90 dies.\n<\/p>\n<\/blockquote>\n","protected":false},"excerpt":{"rendered":"<p>Finalitats de la CDLPV La finalitat principal de l&#8217;associaci\u00f3 \u00e9s coordinar i difondre actuacions, activitats, treballs i estudis sobre la dinamitzaci\u00f3 ling\u00fc\u00edstica del valenci\u00e0, per tal d&#8217;aconseguir una societat m\u00e9s justa respecte dels drets ling\u00fc\u00edstics de la ciutadania i fomentar, alhora, l&#8217;\u00fas del valenci\u00e0. Aquesta finalitat gen\u00e8rica es concreta en les seg\u00fcents finalitats espec\u00edfiques: a) [&hellip;]<\/p>\n","protected":false},"author":2,"featured_media":0,"parent":0,"menu_order":1,"comment_status":"open","ping_status":"open","template":"","meta":{"footnotes":""},"class_list":["post-562","page","type-page","status-publish","hentry"],"_links":{"self":[{"href":"https:\/\/www.cdlpv.org\/dtl\/wp-json\/wp\/v2\/pages\/562","targetHints":{"allow":["GET"]}}],"collection":[{"href":"https:\/\/www.cdlpv.org\/dtl\/wp-json\/wp\/v2\/pages"}],"about":[{"href":"https:\/\/www.cdlpv.org\/dtl\/wp-json\/wp\/v2\/types\/page"}],"author":[{"embeddable":true,"href":"https:\/\/www.cdlpv.org\/dtl\/wp-json\/wp\/v2\/users\/2"}],"replies":[{"embeddable":true,"href":"https:\/\/www.cdlpv.org\/dtl\/wp-json\/wp\/v2\/comments?post=562"}],"version-history":[{"count":0,"href":"https:\/\/www.cdlpv.org\/dtl\/wp-json\/wp\/v2\/pages\/562\/revisions"}],"wp:attachment":[{"href":"https:\/\/www.cdlpv.org\/dtl\/wp-json\/wp\/v2\/media?parent=562"}],"curies":[{"name":"wp","href":"https:\/\/api.w.org\/{rel}","templated":true}]}}