{"id":3614,"date":"2019-08-19T12:05:51","date_gmt":"2019-08-19T11:05:51","guid":{"rendered":"http:\/\/www.cdlpv.org\/dtl\/?page_id=3614"},"modified":"2021-08-12T08:26:59","modified_gmt":"2021-08-12T07:26:59","slug":"legis-pactes","status":"publish","type":"page","link":"https:\/\/www.cdlpv.org\/dtl\/legislacio-linguistica\/legis-pactes\/","title":{"rendered":"Legislaci\u00f3 ling\u00fc\u00edstica (PV): regulacions, pactes i acords estatals i internacionals"},"content":{"rendered":"<p>Recull de normes rellevants pel que fa als drets ling\u00fc\u00edstics. Podeu trobar m\u00e9s dades en el <a href=\"http:\/\/www.bibiloni.net\/legislacio\/index.html\" target=\"_blank\" rel=\"noopener noreferrer\">recull de legislaci\u00f3 ling\u00fc\u00edstica<\/a> de Gabriel Bibiloni.<\/p>\n<p><a name=\"estatal\"><\/a><b>1. <\/b><b>Normes estatals<\/b><\/p>\n<table style=\"width: 100%; border-style: solid hidden; height: 66px;\">\n<tbody>\n<tr style=\"height: 22px;\">\n<td style=\"width: 50%; height: 22px;\">Reforma del Reglament del Senat espanyol. [<a href=\"http:\/\/www.einesdellengua.com\/Legis\/Arxius\/estatal\/reglsenat2010.htm\" target=\"_blank\" rel=\"nofollow noopener\">Arxiu<\/a>] [<a href=\"http:\/\/www.einesdellengua.com\/Legis\/Arxius\/estatal\/reglsenat-2010.pdf\" target=\"_blank\" rel=\"nofollow noopener\"><span class=\"versaleta\">pdf<\/span><\/a>]<\/td>\n<td style=\"width: 50%; height: 22px;\">2010.07.21<\/td>\n<\/tr>\n<tr style=\"height: 22px;\">\n<td style=\"width: 50%; height: 22px;\">Reforma del Reglament del Senat espanyol. [<a href=\"http:\/\/www.einesdellengua.com\/Legis\/Arxius\/estatal\/2005reglsenat.htm\" target=\"_blank\" rel=\"nofollow noopener\">Arxiu<\/a>] [<a href=\"http:\/\/www.einesdellengua.com\/Legis\/Arxius\/estatal\/2005.pdf\"><span class=\"versaleta\">pdf<\/span><\/a>]<\/td>\n<td style=\"width: 50%; height: 22px;\">2005.07.04<\/td>\n<\/tr>\n<tr style=\"height: 22px;\">\n<td style=\"width: 50%; height: 22px;\">Reglament del Senat espanyol. [<a href=\"http:\/\/www.einesdellengua.com\/Legis\/Arxius\/estatal\/reglsenat.htm\" target=\"_blank\" rel=\"nofollow noopener\">En catal\u00e0<\/a>] [<a href=\"http:\/\/www.euskadi.net\/euskara_araubidea\/Legedia\/legeak\/gaztelan\/espainia\/re94b05.pdf\" target=\"_blank\" rel=\"nofollow noopener\">PDF<\/a>]<\/td>\n<td style=\"width: 50%; height: 22px;\">1994.05.03<\/td>\n<\/tr>\n<\/tbody>\n<\/table>\n<p><a name=\"pactes\"><\/a><b>2. <\/b><b>Pactes i acords internacionals<\/b><\/p>\n<table style=\"height: 256px; width: 100%; border-style: solid hidden; cellspacing: 1; cellpadding: 5;\">\n<tbody>\n<tr style=\"height: 256px;\">\n<td style=\"height: 256px;\">Acord administratiu entre la Comissi\u00f3 Europea i el Regne d&#8217;Espanya, de 21 de desembre del 2005, per a permetre l&#8217;\u00fas oficial en la Comissi\u00f3, a m\u00e9s de l&#8217;espanyol\/castell\u00e0*, de les altres lleng\u00fces l&#8217;estatut de les quals \u00e9s reconegut per la Constituci\u00f3 espanyola [<a href=\"http:\/\/europa.eu.int\/eur-lex\/lex\/LexUriServ\/site\/es\/oj\/2006\/c_073\/c_07320060325es00140015.pdf\">PDF en espanyol<\/a>: DOUE 25.03.2006; ref. 2006\/C 73\/06] [<a href=\"http:\/\/europa.eu.int\/eur-lex\/lex\/LexUriServ\/LexUriServ.do?uri=OJ:C:2006:040:0002:0003:FR:PDF\">PDF en franc\u00e9s<\/a>: JOUE 17.02.2006; ref. 2006\/C 40\/02]\n<p class=\"nota\">* Eixe \u00e9s el nom de la llengua en la versi\u00f3 francesa; en la versi\u00f3 espanyola \u00e9s \u00abespa\u00f1ol o castellano\u00bb.<\/p>\n<\/td>\n<td style=\"height: 256px;\" valign=\"top\" width=\"21%\">2005.12.21<\/td>\n<\/tr>\n<tr>\n<td>Carta europea de les lleng\u00fces regionals o minorit\u00e0ries. [<a href=\"http:\/\/www.einesdellengua.com\/Legis\/Arxius\/UE\/cartaue.htm\" target=\"_blank\" rel=\"nofollow noopener\">En catal\u00e0<\/a>] [<a href=\"http:\/\/conventions.coe.int\/Treaty\/FR\/WhatYouWant.asp?NT=148&amp;CM=1&amp;DF=01\/08\/01\">Consell d&#8217;Europa<\/a>] [Instrument de ratificaci\u00f3 espanyola (BOE 15.09.2001) veg. <a href=\"http:\/\/noticias.juridicas.com\/base_datos\/Admin\/ir030901-1-je.html\" target=\"_blank\" rel=\"noopener noreferrer\">NJ<\/a>]<\/td>\n<td>1992.01.05<\/td>\n<\/tr>\n<\/tbody>\n<\/table>\n<p><a name=\"europees\"><\/a><b>3. Tractats i normes europeus<\/b><\/p>\n<table style=\"height: 256px; width: 100%; border-style: solid hidden; cellspacing: 1; cellpadding: 5;\">\n<tbody>\n<tr>\n<td>Llei org\u00e0nica 3\/2001, de 6 de novembre, per la qual s&#8217;autoritza la ratificaci\u00f3 per Espanya del Tractat de Ni\u00e7a pel qual es modifiquen el Tractat de la Uni\u00f3 Europea, els Tractats Constitutius de les Comunitats Europees i determinats actes connexos, firmat a Ni\u00e7a el dia 26 de febrer del 2001. [<a href=\"http:\/\/noticias.juridicas.com\/base_datos\/Admin\/lo3-2001.html\">Web jur\u00eddic<\/a>]<\/td>\n<td>2001.11.06<\/td>\n<\/tr>\n<tr>\n<td valign=\"top\" width=\"79%\">Tractat constitutiu de la Uni\u00f3 Europea [<a href=\"http:\/\/www.einesdellengua.com\/Legis\/Arxius\/UE\/tcue.htm\" target=\"_blank\" rel=\"nofollow noopener\">Arxiu<\/a>]<\/td>\n<td valign=\"top\" width=\"21%\">Versi\u00f3 consolidada (1997-2001)<\/td>\n<\/tr>\n<tr>\n<td valign=\"top\" width=\"79%\">Instrument de ratificaci\u00f3 de la Carta Europea de les Lleng\u00fces Regionals o Minorit\u00e0ries, feta a Estrasburg el 5 de novembre de 1992. [<a href=\"http:\/\/www.noticias.juridicas.com\/base_datos\/Admin\/ir030901-1-je.html\">Web jur\u00eddic<\/a>]<\/td>\n<td valign=\"top\" width=\"21%\">2001.09.15<\/td>\n<\/tr>\n<\/tbody>\n<\/table>\n<p><a name=\"parlament\"><\/a><b>4. Parlament Europeu<\/b><\/p>\n<table style=\"height: 256px; width: 100%; border-style: solid hidden; cellspacing: 1; cellpadding: 5;\">\n<tbody>\n<tr>\n<td><b>4.1 Resolucions normatives<\/b><\/td>\n<td><\/td>\n<\/tr>\n<tr>\n<td>\u00abArranjament administratiu\u00bb (!!)<br \/>\n<a href=\"http:\/\/www.einesdellengua.com\/Legis\/Arxius\/Requisit\/ep050613.htm\" target=\"_blank\" rel=\"noopener noreferrer\">13.06.2005<\/a> \/ 27.04.2006Reglament intern del Parlament Europeu (art. 45, 128 i 163) [<a href=\"http:\/\/www.einesdellengua.com\/Legis\/Arxius\/UE\/Parlament\/normatius\/Reglamentintern.htm\" target=\"_blank\" rel=\"nofollow noopener\">Arxiu<\/a>]<\/td>\n<td>2005.06.13 &#8211; &#8230;<\/td>\n<\/tr>\n<tr>\n<td valign=\"top\" width=\"79%\">Resoluci\u00f3 162\/94 sobre el dret a l&#8217;\u00fas de la pr\u00f2pia llengua, de 25 de juliol de 1994 [<a href=\"http:\/\/www.einesdellengua.com\/Legis\/Arxius\/UE\/Parlament\/normatius\/R162-1994.htm\" target=\"_blank\" rel=\"nofollow noopener\">Arxiu<\/a>]<\/td>\n<td valign=\"top\" width=\"21%\">1994.07.25<\/td>\n<\/tr>\n<tr>\n<td valign=\"top\" width=\"79%\">Resoluci\u00f3 1235\/90 del Parlament Europeu sobre la situaci\u00f3 de les lleng\u00fces a la Comunitat i de la llengua catalana, d&#8217;11 de desembre de 1990 [<a href=\"http:\/\/www.einesdellengua.com\/Legis\/Arxius\/UE\/Parlament\/normatius\/R1235-1990.htm\" target=\"_blank\" rel=\"nofollow noopener\">Arxiu<\/a>]<\/td>\n<td valign=\"top\" width=\"21%\">1990.12.11<\/td>\n<\/tr>\n<tr>\n<td valign=\"top\" width=\"79%\">Reglament n\u00famero 1, del Consell, pel qual es fixa el r\u00e8gim ling\u00fc\u00edstic de la Comunitat Econ\u00f2mica Europea [<a href=\"http:\/\/www.einesdellengua.com\/Legis\/Arxius\/UE\/Consell\/r1958consell.htm\" target=\"_blank\" rel=\"nofollow noopener\">Arxiu<\/a>]<\/td>\n<td valign=\"top\" width=\"21%\">1958.04.15<\/td>\n<\/tr>\n<tr>\n<td valign=\"top\" width=\"79%\"><b>4.2 Resolucions no normatives<\/b><\/td>\n<td valign=\"top\" width=\"21%\"><\/td>\n<\/tr>\n<tr>\n<td valign=\"top\" width=\"79%\">Resoluci\u00f3 del Parlament Europeu sobre les lleng\u00fces europees regionals i menys difoses [<a href=\"http:\/\/www.einesdellengua.com\/Legis\/Arxius\/UE\/Parlament\/nonormatius\/R011213.htm\" target=\"_blank\" rel=\"nofollow noopener\">Arxiu<\/a>]<\/td>\n<td valign=\"top\" width=\"21%\">2001.12.13<\/td>\n<\/tr>\n<tr>\n<td valign=\"top\" width=\"79%\">European Parliament Resolution on linguistic and cultural minorities in the European Community (Resolution prepared by Mark Killilea and adopted by the European Parliament on February 1994.) [<a href=\"http:\/\/www.einesdellengua.com\/Legis\/Arxius\/UE\/Parlament\/nonormatius\/killilea.htm\" target=\"_blank\" rel=\"nofollow noopener\">Arxiu<\/a>]<\/td>\n<td valign=\"top\" width=\"21%\">1994.02.09<\/td>\n<\/tr>\n<tr>\n<td valign=\"top\" width=\"79%\">Resoluci\u00f3 del Parlament Europeu de 30 d&#8217;octubre de 1987 sobre les lleng\u00fces i cultures de les minories regionals i \u00e8tniques de la Comunitat Europea (\u00abInforme Kuijpers\u00bb) [<a href=\"http:\/\/www.einesdellengua.com\/Legis\/Arxius\/UE\/Parlament\/nonormatius\/R1987-10-30.htm\" target=\"_blank\" rel=\"nofollow noopener\">Arxiu<\/a>]<\/td>\n<td valign=\"top\" width=\"21%\">1987.10.30<\/td>\n<\/tr>\n<tr>\n<td valign=\"top\" width=\"79%\">European Parliament Resolution on a Community charter of regional languages and cultures and on a charter of rights of ethnic minorities (Resolution prepared by Gaetano Arf\u00e9, and adopted by the European Parliament on 16 October 1981.) [<a href=\"http:\/\/www.einesdellengua.com\/Legis\/Arxius\/UE\/Parlament\/nonormatius\/arfe.htm\" target=\"_blank\" rel=\"nofollow noopener\">Arxiu<\/a>]<\/td>\n<td valign=\"top\" width=\"21%\">1981.10.16<\/td>\n<\/tr>\n<\/tbody>\n<\/table>\n<p><a name=\"onu\"><\/a><b>5. Nacions Unides (ONU)<\/b><\/p>\n<table style=\"height: 256px; width: 100%; border-style: solid hidden; cellspacing: 1; cellpadding: 5;\">\n<tbody>\n<tr>\n<td valign=\"top\" width=\"79%\"><a href=\"http:\/\/www.einesdellengua.com\/Legis\/Arxius\/ONU\/onu-pidcp.htm\" target=\"_blank\" rel=\"noopener noreferrer\">Pacte internacional de drets civils i pol\u00edtics<\/a> (Resoluci\u00f3 2.200 [XXI] A) adoptat per l&#8217;Assemblea General de les Nacions Unides de 19 de desembre de 1966<\/td>\n<td valign=\"top\" width=\"21%\">1966<\/td>\n<\/tr>\n<\/tbody>\n<\/table>\n<p>&nbsp;<\/p>\n","protected":false},"excerpt":{"rendered":"<p>Recull de normes rellevants pel que fa als drets ling\u00fc\u00edstics. Podeu trobar m\u00e9s dades en el recull de legislaci\u00f3 ling\u00fc\u00edstica de Gabriel Bibiloni. 1. Normes estatals Reforma del Reglament del Senat espanyol. [Arxiu] [pdf] 2010.07.21 Reforma del Reglament del Senat espanyol. [Arxiu] [pdf] 2005.07.04 Reglament del Senat espanyol. [En catal\u00e0] [PDF] 1994.05.03 2. Pactes i [&hellip;]<\/p>\n","protected":false},"author":56,"featured_media":0,"parent":3097,"menu_order":17,"comment_status":"closed","ping_status":"closed","template":"","meta":{"footnotes":""},"class_list":["post-3614","page","type-page","status-publish","hentry"],"_links":{"self":[{"href":"https:\/\/www.cdlpv.org\/dtl\/wp-json\/wp\/v2\/pages\/3614","targetHints":{"allow":["GET"]}}],"collection":[{"href":"https:\/\/www.cdlpv.org\/dtl\/wp-json\/wp\/v2\/pages"}],"about":[{"href":"https:\/\/www.cdlpv.org\/dtl\/wp-json\/wp\/v2\/types\/page"}],"author":[{"embeddable":true,"href":"https:\/\/www.cdlpv.org\/dtl\/wp-json\/wp\/v2\/users\/56"}],"replies":[{"embeddable":true,"href":"https:\/\/www.cdlpv.org\/dtl\/wp-json\/wp\/v2\/comments?post=3614"}],"version-history":[{"count":26,"href":"https:\/\/www.cdlpv.org\/dtl\/wp-json\/wp\/v2\/pages\/3614\/revisions"}],"predecessor-version":[{"id":4164,"href":"https:\/\/www.cdlpv.org\/dtl\/wp-json\/wp\/v2\/pages\/3614\/revisions\/4164"}],"up":[{"embeddable":true,"href":"https:\/\/www.cdlpv.org\/dtl\/wp-json\/wp\/v2\/pages\/3097"}],"wp:attachment":[{"href":"https:\/\/www.cdlpv.org\/dtl\/wp-json\/wp\/v2\/media?parent=3614"}],"curies":[{"name":"wp","href":"https:\/\/api.w.org\/{rel}","templated":true}]}}