{"id":3577,"date":"2019-08-19T09:29:57","date_gmt":"2019-08-19T08:29:57","guid":{"rendered":"http:\/\/www.cdlpv.org\/dtl\/?page_id=3577"},"modified":"2019-08-20T09:03:18","modified_gmt":"2019-08-20T08:03:18","slug":"legis-adm-local","status":"publish","type":"page","link":"https:\/\/www.cdlpv.org\/dtl\/legislacio-linguistica\/legis-adm-local\/","title":{"rendered":"Legislaci\u00f3 ling\u00fc\u00edstica (PV): administraci\u00f3 local"},"content":{"rendered":"<p>Temes relacionats amb la gesti\u00f3 ling\u00fc\u00edstica municipal:<\/p>\n<ol>\n<li class=\"inicial\"><a href=\"http:\/\/www.einesdellengua.com\/Legis\/Arxius\/admlocal\/informe.htm\" target=\"_blank\" rel=\"noopener noreferrer\">Informe<\/a> al <i>Defensor del Pueblo<\/i> sobre una prova obligat\u00f2ria i eliminat\u00f2ria en oposicions de policia local.<\/li>\n<li class=\"inicial\"><a href=\"http:\/\/www.einesdellengua.com\/Legis\/Arxius\/admlocal\/infcarcaixent.htm\" target=\"_blank\" rel=\"noopener noreferrer\">Informe<\/a> de la Direcci\u00f3 General d&#8217;Administraci\u00f3 Territorial sobre la validesa del requisit ling\u00fc\u00edstic a Carcaixent. \/ Annex: <a href=\"http:\/\/www.einesdellengua.com\/Legis\/Arxius\/admlocal\/rlid17.htm\" target=\"_blank\" rel=\"noopener noreferrer\">comentaris<\/a> a la STS de 22 de gener del 1991.<\/li>\n<li class=\"inicial\"><a href=\"http:\/\/www.einesdellengua.com\/Legis\/Arxius\/jurisp\/jurisp.htm\" target=\"_blank\" rel=\"noopener noreferrer\">Recull ampliat<\/a> de jurisprud\u00e8ncia ling\u00fc\u00edstica: cont\u00e9 les sent\u00e8ncies d&#8217;<a href=\"http:\/\/www.einesdellengua.com\/Legis\/Sentencies\/ontinyent.htm\" target=\"_blank\" rel=\"noopener noreferrer\">Ontinyent<\/a>, <a href=\"http:\/\/www.einesdellengua.com\/Legis\/Sentencies\/vinaros.htm\" target=\"_blank\" rel=\"noopener noreferrer\">Vinar\u00f2s<\/a>, <a href=\"http:\/\/www.einesdellengua.com\/Legis\/Sentencies\/xixona.htm\" target=\"_blank\" rel=\"noopener noreferrer\">Xixona<\/a> i <a href=\"http:\/\/www.einesdellengua.com\/Legis\/Sentencies\/STSJ765-2006.htm\" target=\"_blank\" rel=\"noopener noreferrer\">Carcaixent<\/a>.<\/li>\n<li><a href=\"http:\/\/www.cdlpv.org\/dtl\/legislacio-linguistica\/legis-requisit-linguistic\/\" rel=\"noopener noreferrer\">Requisit ling\u00fc\u00edstic<\/a>: not\u00edcies i dades.<\/li>\n<li class=\"inicial\"><a href=\"http:\/\/www.euskara.euskadi.net\/r59-734\/es\/\" target=\"_blank\" rel=\"noopener noreferrer\">Euskadi.net<\/a>: legislaci\u00f3 i documentaci\u00f3 diversa del Pa\u00eds Basc, aplicable en molts casos al Pa\u00eds Valenci\u00e0.<\/li>\n<li class=\"inicial\"><a href=\"http:\/\/www.einesdellengua.com\/ServeisL\/Entorn.htm\" target=\"_blank\" rel=\"noopener noreferrer\">Serveis ling\u00fc\u00edstics municipals<\/a>: \u00edndex variable de l&#8217;exist\u00e8ncia dels serveis ling\u00fc\u00edstics en els municipis valencians, i altres organismes.<\/li>\n<li class=\"inicial\"><a href=\"http:\/\/www.cdlpv.org\/dtl\/legislacio-linguistica\/legis-decrets-canvi\/\" target=\"_blank\" rel=\"noopener noreferrer\">Decrets<\/a> de canvis de denominaci\u00f3 dels municipis del Pa\u00eds Valenci\u00e0.<\/li>\n<li class=\"inicial\"><a href=\"http:\/\/www.cdlpv.org\/dtl\/legis-reglaments\/\" target=\"_blank\" rel=\"noopener noreferrer\">Reglaments<\/a> de gesti\u00f3 ling\u00fc\u00edstica de les administracions locals.<\/li>\n<li><a href=\"http:\/\/www.cdlpv.org\/dtl\/legislacio-linguistica\/legis-camins-ramaders\/\" target=\"_blank\" rel=\"noopener noreferrer\">Camins ramaders<\/a> del Pa\u00eds Valenci\u00e0: municipis que han publicat la classificaci\u00f3 dels camins ramaders o vies pecu\u00e0ries.<\/li>\n<li><a href=\"http:\/\/www.einesdellengua.com\/Legis\/Arxius\/Dretling.htm\" target=\"_blank\" rel=\"noopener noreferrer\">Miscel\u00b7l\u00e0nia (2002)<\/a> preparada pel servei ling\u00fc\u00edstic de l&#8217; Ajuntament de Sagunt.<\/li>\n<li class=\"inicial\">Articles sobre la tasca dels t\u00e8cnics locals:<br \/>\n\u2192 \u00abComprom\u00eds local per la llengua\u00bb (<i>El Punt<\/i>, <a href=\"http:\/\/www.einesdellengua.com\/Legis\/Arxius\/admlocal\/elpunt040118.htm\" target=\"_blank\" rel=\"noopener noreferrer\">18.01.2004<\/a>).<br \/>\n\u2192 \u00abS\u00f3lo 71 de los 542 ayuntamientos cuentan con oficina de promoci\u00f3n del valenciano\u00bb (<i>Levante<\/i>, <a href=\"http:\/\/www.einesdellengua.com\/Legis\/Arxius\/admlocal\/Levante-100502.pdf\" target=\"_blank\" rel=\"noopener noreferrer\">02.05.2010<\/a>).<\/li>\n<\/ol>\n<p>Podeu trobar m\u00e9s dades en la resta d&#8217;apunts del <em>Diari per a T\u00e8cnics Ling\u00fc\u00edstics<\/em> <a href=\"http:\/\/www.cdlpv.org\/dtl\/\" target=\"_blank\" rel=\"noopener noreferrer\"><span class=\"versaleta\"><em>(dtl)<\/em><\/span><\/a> que duen l&#8217;etiqueta \u00ab<a href=\"http:\/\/www.cdlpv.org\/dtl\/tag\/administracio-local\/\" target=\"_blank\" rel=\"noopener noreferrer\">administraci\u00f3 local<\/a>\u00bb.<\/p>\n","protected":false},"excerpt":{"rendered":"<p>Temes relacionats amb la gesti\u00f3 ling\u00fc\u00edstica municipal: Informe al Defensor del Pueblo sobre una prova obligat\u00f2ria i eliminat\u00f2ria en oposicions de policia local. Informe de la Direcci\u00f3 General d&#8217;Administraci\u00f3 Territorial sobre la validesa del requisit ling\u00fc\u00edstic a Carcaixent. \/ Annex: comentaris a la STS de 22 de gener del 1991. Recull ampliat de jurisprud\u00e8ncia ling\u00fc\u00edstica: [&hellip;]<\/p>\n","protected":false},"author":56,"featured_media":0,"parent":3097,"menu_order":14,"comment_status":"closed","ping_status":"closed","template":"","meta":{"footnotes":""},"class_list":["post-3577","page","type-page","status-publish","hentry"],"_links":{"self":[{"href":"https:\/\/www.cdlpv.org\/dtl\/wp-json\/wp\/v2\/pages\/3577","targetHints":{"allow":["GET"]}}],"collection":[{"href":"https:\/\/www.cdlpv.org\/dtl\/wp-json\/wp\/v2\/pages"}],"about":[{"href":"https:\/\/www.cdlpv.org\/dtl\/wp-json\/wp\/v2\/types\/page"}],"author":[{"embeddable":true,"href":"https:\/\/www.cdlpv.org\/dtl\/wp-json\/wp\/v2\/users\/56"}],"replies":[{"embeddable":true,"href":"https:\/\/www.cdlpv.org\/dtl\/wp-json\/wp\/v2\/comments?post=3577"}],"version-history":[{"count":11,"href":"https:\/\/www.cdlpv.org\/dtl\/wp-json\/wp\/v2\/pages\/3577\/revisions"}],"predecessor-version":[{"id":3645,"href":"https:\/\/www.cdlpv.org\/dtl\/wp-json\/wp\/v2\/pages\/3577\/revisions\/3645"}],"up":[{"embeddable":true,"href":"https:\/\/www.cdlpv.org\/dtl\/wp-json\/wp\/v2\/pages\/3097"}],"wp:attachment":[{"href":"https:\/\/www.cdlpv.org\/dtl\/wp-json\/wp\/v2\/media?parent=3577"}],"curies":[{"name":"wp","href":"https:\/\/api.w.org\/{rel}","templated":true}]}}