{"id":3533,"date":"2019-08-13T10:30:11","date_gmt":"2019-08-13T09:30:11","guid":{"rendered":"http:\/\/www.cdlpv.org\/dtl\/?page_id=3533"},"modified":"2019-08-13T10:49:28","modified_gmt":"2019-08-13T09:49:28","slug":"legis-acords","status":"publish","type":"page","link":"https:\/\/www.cdlpv.org\/dtl\/legislacio-linguistica\/legis-acords\/","title":{"rendered":"Legislaci\u00f3 ling\u00fc\u00edstica (PV): acords"},"content":{"rendered":"<p>&nbsp;<\/p>\n<table style=\"width: 100%;\" border=\"0\" width=\"400\" cellspacing=\"0\" cellpadding=\"5\">\n<tbody>\n<tr>\n<td style=\"width: 79%;\" valign=\"top\" width=\"79%\"><a href=\"http:\/\/www.einesdellengua.com\/Legis\/Arxius\/A020423.htm\">ACORD de 23 d&#8217;abril de 2002<\/a>, del Govern Valenci\u00e0, respecte a <a href=\"http:\/\/www.einesdellengua.com\/Legis\/Arxius\/AVL\/normaoficial.htm\">l&#8217;acord adoptat per l&#8217;Acad\u00e8mia Valenciana de la Llengua<\/a>. [2002\/4340] <i>(<span class=\"versaleta\">dogv<\/span> n\u00famero 4237, de data 26.04.2002)<\/i><\/td>\n<td style=\"width: 21%;\" valign=\"top\" width=\"21%\">2002.04.26<\/td>\n<\/tr>\n<\/tbody>\n<\/table>\n<p>&nbsp;<\/p>\n<p><a name=\"acordsestat\"><\/a><b><\/b><b>Acords estatals<\/b><b><\/b><\/p>\n<table border=\"0\" width=\"400\" cellspacing=\"0\" cellpadding=\"5\">\n<tbody>\n<tr>\n<td valign=\"top\" width=\"79%\"><a href=\"http:\/\/www.einesdellengua.com\/Legis\/Arxius\/estatal\/Aesp-and-univ.htm\">Acuerdo<\/a> en materia de acceso a la universidad entre el Reino de Espa\u00f1a y el Principado de Andorra <i>(<span class=\"versaleta\"><em>boe<\/em><\/span> n\u00famero 264, de data 01.11.2010)<\/i><\/td>\n<\/tr>\n<\/tbody>\n<\/table>\n","protected":false},"excerpt":{"rendered":"<p>&nbsp; ACORD de 23 d&#8217;abril de 2002, del Govern Valenci\u00e0, respecte a l&#8217;acord adoptat per l&#8217;Acad\u00e8mia Valenciana de la Llengua. [2002\/4340] (dogv n\u00famero 4237, de data 26.04.2002) 2002.04.26 &nbsp; Acords estatals Acuerdo en materia de acceso a la universidad entre el Reino de Espa\u00f1a y el Principado de Andorra (boe n\u00famero 264, de data 01.11.2010)<\/p>\n","protected":false},"author":56,"featured_media":0,"parent":3097,"menu_order":6,"comment_status":"closed","ping_status":"closed","template":"","meta":{"footnotes":""},"class_list":["post-3533","page","type-page","status-publish","hentry"],"_links":{"self":[{"href":"https:\/\/www.cdlpv.org\/dtl\/wp-json\/wp\/v2\/pages\/3533","targetHints":{"allow":["GET"]}}],"collection":[{"href":"https:\/\/www.cdlpv.org\/dtl\/wp-json\/wp\/v2\/pages"}],"about":[{"href":"https:\/\/www.cdlpv.org\/dtl\/wp-json\/wp\/v2\/types\/page"}],"author":[{"embeddable":true,"href":"https:\/\/www.cdlpv.org\/dtl\/wp-json\/wp\/v2\/users\/56"}],"replies":[{"embeddable":true,"href":"https:\/\/www.cdlpv.org\/dtl\/wp-json\/wp\/v2\/comments?post=3533"}],"version-history":[{"count":2,"href":"https:\/\/www.cdlpv.org\/dtl\/wp-json\/wp\/v2\/pages\/3533\/revisions"}],"predecessor-version":[{"id":3537,"href":"https:\/\/www.cdlpv.org\/dtl\/wp-json\/wp\/v2\/pages\/3533\/revisions\/3537"}],"up":[{"embeddable":true,"href":"https:\/\/www.cdlpv.org\/dtl\/wp-json\/wp\/v2\/pages\/3097"}],"wp:attachment":[{"href":"https:\/\/www.cdlpv.org\/dtl\/wp-json\/wp\/v2\/media?parent=3533"}],"curies":[{"name":"wp","href":"https:\/\/api.w.org\/{rel}","templated":true}]}}