{"id":3192,"date":"2018-01-17T14:31:21","date_gmt":"2018-01-17T13:31:21","guid":{"rendered":"http:\/\/www.cdlpv.org\/dtl\/?page_id=3192"},"modified":"2021-08-12T09:11:38","modified_gmt":"2021-08-12T08:11:38","slug":"legis-decrets","status":"publish","type":"page","link":"https:\/\/www.cdlpv.org\/dtl\/legislacio-linguistica\/legis-decrets\/","title":{"rendered":"Legislaci\u00f3 ling\u00fc\u00edstica (PV): decrets"},"content":{"rendered":"<table border=\"0\" width=\"100%\" cellspacing=\"0\" cellpadding=\"5\">\n<tbody>\n<tr>\n<td valign=\"top\" width=\"79%\">&#8226; <a href=\"http:\/\/www.dogv.gva.es\/datos\/2019\/02\/14\/pdf\/2019_1435.pdf\" target=\"_blank\" rel=\"noopener noreferrer\">Decret 13\/2019<\/a>, de 8 de febrer, del Consell, de creaci\u00f3 de la Xarxa P\u00fablica de Serveis Ling\u00fc\u00edstics Valencians.<\/td>\n<td valign=\"top\" width=\"21%\">14.02.2019<\/td>\n<\/tr>\n<tr>\n<td><a href=\"http:\/\/www.dogv.gva.es\/datos\/2018\/06\/13\/pdf\/2018_5798.pdf\" target=\"_blank\" rel=\"noopener noreferrer\">Decret 73\/2018<\/a>, de 8 de juny, del Consell, de creaci\u00f3 del Consell Social de les Lleng\u00fces.<\/td>\n<td>2018.06.13<\/td>\n<\/tr>\n<tr>\n<td valign=\"top\" width=\"79%\">&#8226; <a href=\"http:\/\/www.dogv.gva.es\/datos\/2017\/12\/18\/pdf\/2017_11479.pdf\" target=\"_blank\" rel=\"noopener noreferrer\">Decret 187\/2017<\/a>, de 24 de novembre, del Consell, pel qual es regula el funcionament de l\u2019Oficina de Drets Ling\u00fc\u00edstics.<\/td>\n<td valign=\"top\" width=\"21%\">2017.12.18<\/td>\n<\/tr>\n<tr>\n<td valign=\"top\" width=\"79%\">&#8226; <a href=\"http:\/\/www.dogv.gva.es\/datos\/2017\/06\/22\/pdf\/2017_5604.pdf\" target=\"_blank\" rel=\"noopener noreferrer\">Decret 69\/2017<\/a>, de 2 de juny, del Consell, de regulaci\u00f3 dels criteris i procediment per al canvi de denominaci\u00f3 dels municipis i altres entitats locals de la Comunitat Valenciana<\/td>\n<td valign=\"top\" width=\"21%\">2017.06.22<\/td>\n<\/tr>\n<tr>\n<td valign=\"top\" width=\"79%\">&#8226; <a href=\"https:\/\/www.dogv.gva.es\/datos\/2017\/05\/23\/pdf\/2017_4338.pdf\" target=\"_blank\" rel=\"noopener noreferrer\">Decret 61\/2017<\/a>, de 12 de maig, del Consell, pel qual es regulen els usos institucionals i administratius de les lleng\u00fces oficials en l\u2019administraci\u00f3 de la Generalitat<\/td>\n<td valign=\"top\" width=\"21%\">2017.05.23<\/td>\n<\/tr>\n<tr>\n<td valign=\"top\" width=\"79%\">&#8226; <a href=\"http:\/\/www.pre.gva.es\/L\/BASIS\/V\/DDW?W=D=%271963\/2002%27\" target=\"_blank\" rel=\"noopener noreferrer\">Decret 62\/2002<\/a>, de 25 d&#8217;abril, del Govern Valenci\u00e0, pel qual es regula l&#8217;acreditaci\u00f3 dels coneixements ling\u00fc\u00edstics per a l&#8217;acc\u00e9s i la provisi\u00f3 de llocs en la funci\u00f3 p\u00fablica docent no universit\u00e0ria a la Comunitat Valenciana. <i>(DOGV n\u00fam. 4240, de 2 de maig del 2002)<\/i><\/td>\n<td valign=\"top\" width=\"21%\">2002.05.02<\/td>\n<\/tr>\n<tr>\n<td valign=\"top\" width=\"79%\">&#8226; <a href=\"Arxius\\D33-1999.htm\" target=\"_blank\" rel=\"noopener noreferrer\">Decret 33\/1999<\/a>, de 9 de mar\u00e7, del Govern Valenci\u00e0, pel qual s&#8217;aprova el Reglament de selecci\u00f3, provisi\u00f3 de llocs de treball i carrera administrativa del personal compr\u00e9s en l&#8217;\u00e0mbit d&#8217;aplicaci\u00f3 de la Llei de funci\u00f3 p\u00fablica valenciana. <i>(DOGV n\u00fam. 3.477, de 20 d\u2019abril de 1999)<\/i> [Nom\u00e9s la refer\u00e8ncia ling\u00fc\u00edstica]<\/td>\n<td valign=\"top\" width=\"21%\">1999.04.20<\/td>\n<\/tr>\n<tr>\n<td valign=\"top\" width=\"79%\">&#8226; <a href=\"http:\/\/www.pre.gva.es\/L\/BASIS\/V\/DDW?W=D=%275001\/1997%27\" target=\"_blank\" rel=\"noopener noreferrer\">Decret 6\/1997<\/a>, de 28 de gener, del Govern Valenci\u00e0, pel qual regula el <i>Diari Oficial de la Generalitat Valenciana<\/i>. <i>(DOGV n\u00famero 2925, de data 07.02.1997)<\/i><\/td>\n<td valign=\"top\" width=\"21%\">1997.02.07<\/td>\n<\/tr>\n<tr>\n<td valign=\"top\" width=\"79%\">&#8226; <a href=\"http:\/\/www.pre.gva.es\/L\/BASIS\/V\/DDW?W=D=%271066\/1995%27\" target=\"_blank\" rel=\"noopener noreferrer\">Decret 10\/1995<\/a>, de 9 de maig, del president de la Generalitat Valenciana, pel qual es convoquen subvencions per la utilitzaci\u00f3 del valenci\u00e0 en els mitjans de comunicaci\u00f3 social. <i>(DOGV n\u00famero 2506, de data 12.05.1995)<\/i><\/td>\n<td valign=\"top\" width=\"21%\">1995.05.12<\/td>\n<\/tr>\n<tr>\n<td valign=\"top\" width=\"79%\">&#8226; <a href=\"Arxius\/admlocal\/D8_1995.htm\" target=\"_blank\" rel=\"noopener noreferrer\">Decret 8\/1995<\/a>, de 10 de gener, del Govern Valenci\u00e0, pel qual es regulen els m\u00e8rits que s&#8217;han d&#8217;aplicar en els concursos de funcionaris d&#8217;administraci\u00f3 local amb habilitaci\u00f3 de car\u00e0cter nacional, que corresponguen al coneixement de les especialitats de l&#8217;organitzaci\u00f3 territorial i normativa auton\u00f2mica. <i>(DOGV n\u00famero 2434, de data 24.01.1995)<\/i><\/p>\n<p>\u2014 Catalunya: <a href=\"http:\/\/www.gencat.net\/diari\/5232\/08275022.htm\" target=\"_blank\" rel=\"noopener noreferrer\">Decret 195\/2008<\/a>, <span class=\"versaleta\"><em>docv<\/em><\/span> 5.232, 09.10.2008.<\/td>\n<td valign=\"top\" width=\"21%\">1995.01.24<\/td>\n<\/tr>\n<tr>\n<td valign=\"top\" width=\"79%\">&#8226; <a href=\"http:\/\/www.pre.gva.es\/L\/BASIS\/V\/DDW?W=D=%272647\/1994%27\" target=\"_blank\" rel=\"noopener noreferrer\">Decret 238\/1994<\/a>, de 22 de novembre, de Govern Valenci\u00e0, pel qual es crea l&#8217;Institut Interuniversitari de Filologia Valenciana. <i>(DOGV n\u00famero 2397, de data 29.11.1994)<\/i><\/td>\n<td valign=\"top\" width=\"21%\">1994.11.29<\/td>\n<\/tr>\n<tr>\n<td valign=\"top\" width=\"79%\">&#8226; <a href=\"http:\/\/www.pre.gva.es\/L\/BASIS\/V\/DDW?W=D=%271533\/1994%27\" target=\"_blank\" rel=\"noopener noreferrer\">Decret 2\/1994<\/a>, de 4 de juliol, del President de la Generalitat Valenciana, pel qual es convoquen subvencions per la utilitzaci\u00f3 del valenci\u00e0 en els mitjans de comunicaci\u00f3 social. <i>(DOGV n\u00famero 2306, de data 08.07.1994)<\/i><\/td>\n<td valign=\"top\" width=\"21%\">1994.07.08<\/td>\n<\/tr>\n<tr>\n<td valign=\"top\" width=\"79%\">&#8226; <a href=\"http:\/\/www.pre.gva.es\/L\/BASIS\/V\/DDW?W=D=%271141\/1994%27\" target=\"_blank\" rel=\"noopener noreferrer\">Decret 88\/1994<\/a>, de 10 de maig, del Govern Valenci\u00e0, pel qual s&#8217;aprova la inclusi\u00f3 del I Simposi del Professorat d&#8217;Educaci\u00f3 Infantil i Prim\u00e0ria d&#8217;Ensenyaments en Valenci\u00e0 com a activitat susceptible de preu p\u00fablic i es fixa la seua quantia. <i>(DOGV n\u00famero 2271, de data 20.05.1994)<\/i><\/td>\n<td valign=\"top\" width=\"21%\">1994.05.20<\/td>\n<\/tr>\n<tr>\n<td valign=\"top\" width=\"79%\">&#8226; <a href=\"http:\/\/www.pre.gva.es\/L\/BASIS\/V\/DDW?W=D=%271473\/1993%27\" target=\"_blank\" rel=\"noopener noreferrer\">Decret 72\/1993<\/a>, de 14 de juny, del Govern Valenci\u00e0, pel qual aprova la inclusi\u00f3 del II Simposi del Professorat de Valenci\u00e0 com a activitat susceptible de preu p\u00fablic i se&#8217;n fixa la quantia. <i>(DOGV n\u00famero 2053, de data 24.06.1993)<\/i><\/td>\n<td valign=\"top\" width=\"21%\">1993.06.24<\/td>\n<\/tr>\n<tr>\n<td valign=\"top\" width=\"79%\">&#8226; <a href=\"http:\/\/www.pre.gva.es\/L\/BASIS\/V\/DDW?W=D=%271042\/1993%27\" target=\"_blank\" rel=\"noopener noreferrer\">Decret 5\/1993<\/a>, de 6 de maig, del President de la Generalitat Valenciana, pel qual es convoquen subvencions per la utilitzaci\u00f3 del valenci\u00e0 en els mitjans de comunicaci\u00f3 social. <i>(DOGV n\u00famero 2023, de data 13.05.1993)<\/i><\/td>\n<td valign=\"top\" width=\"21%\">1993.05.13<\/td>\n<\/tr>\n<tr>\n<td valign=\"top\" width=\"79%\">&#8226; Decret 48\/1993, de 5 d&#8217;abril, del Govern Valenci\u00e0, pel qual es regulen els objectius i els continguts del primer nivell dels ensenyaments de valenci\u00e0 en les escoles oficials d&#8217;idiomes de la Comunitat Valenciana. <i>(DOGV n\u00famero 2004, de data 15.04.1993)<\/i><\/td>\n<td valign=\"top\" width=\"21%\">1993.04.15<\/td>\n<\/tr>\n<tr>\n<td valign=\"top\" width=\"79%\">&#8226; <a href=\"http:\/\/www.pre.gva.es\/L\/BASIS\/V\/DDW?W=D=%271004\/1992%27\" target=\"_blank\" rel=\"noopener noreferrer\">Decret 58\/1992<\/a>, de 13 d&#8217;abril, del Govern valenci\u00e0, pel qual es regula el procediment per a l&#8217;alteraci\u00f3 del nom dels municipis. <i>(DOGV n\u00famero 1775, de data 05.05.1992)<\/i> [Deroga el Decret 74\/1984]<\/td>\n<td valign=\"top\" width=\"21%\">1992.05.05<\/td>\n<\/tr>\n<tr>\n<td valign=\"top\" width=\"79%\">&#8226; Decret 10\/1992, de 10 de setembre, del President de la Generalitat Valenciana, pel qual regula la concessi\u00f3 de subvencions per la utilitzaci\u00f3 del valenci\u00e0 en els mitjans de comunicaci\u00f3 social. <i>(DOGV n\u00famero 1865, de data 18.09.1992)<\/i><\/td>\n<td valign=\"top\" width=\"21%\">1992.09.18<\/td>\n<\/tr>\n<tr>\n<td valign=\"top\" width=\"79%\">&#8226; Decret 1\/1991, de 8 de gener, del President de la Generalitat Valenciana, pel qual es modifica l&#8217;article 4 del Decret 4\/1989, de 28 de juny, del President de la Generalitat Valenciana, regulador de les subvencions a empreses period\u00edstiques editores de publicacions escrites totalment o parcialmente en valenci\u00e0. <i>(DOGV n\u00famero 1462, de data 14.01.1991)<\/i><\/td>\n<td valign=\"top\" width=\"21%\">1991.01.14<\/td>\n<\/tr>\n<tr>\n<td valign=\"top\" width=\"79%\">&#8226; <a name=\"D50\/1991\"><\/a><a href=\"http:\/\/www.pre.gva.es\/L\/BASIS\/V\/DDW?W=D=%270848\/1991%27\" target=\"_blank\" rel=\"noopener noreferrer\">Decret 50\/1991<\/a>, de 27 de mar\u00e7, del Consell de la Generalitat Valenciana, pel qual s&#8217;adscriu la Direcci\u00f3 General de Pol\u00edtica Ling\u00fc\u00edstica a la Conselleria de Cultura, Educaci\u00f3 i Ci\u00e8ncia i se n&#8217;estableixen les funcions i l&#8217;estructura. <i>(DOGV n\u00famero 1517, de data 09.04.1991)<\/i><\/td>\n<td valign=\"top\" width=\"21%\">1991.01.14<\/td>\n<\/tr>\n<tr>\n<td valign=\"top\" width=\"79%\">&#8226; <a name=\"47\/1989\"><\/a><a href=\"http:\/\/www.pre.gva.es\/L\/BASIS\/V\/DDW?W=D=%270717\/1989%27\" target=\"_blank\" rel=\"noopener noreferrer\">Decret 47\/1989<\/a>, de 4 d&#8217;abril, del Consell de la Generalitat Valenciana, pel qual es regulen les funcions, composici\u00f3 i organitzaci\u00f3 del la Junta Qualificadora de Coneixements de Valenci\u00e0. <i>(DOGV n\u00famero 1039, de data 07.04.1989)<\/i> &#8211; <a href=\"http:\/\/www.pre.gva.es\/L\/BASIS\/V\/DDW?W=D=%270985\/1989%27\" target=\"_blank\" rel=\"noopener noreferrer\">Correcci\u00f3 d&#8217;errades<\/a> del Decret 47\/1989, de 4 d&#8217;abril, del Consell de la Generalitat Valenciana, pel qual es regulen les funcions, composici\u00f3 i organitzaci\u00f3 de la Junta Qualificadora de Coneixements de Valenci\u00e0.<i> (DOGV n\u00famero 3109, de data 10.05.1989)<\/i>. \/\/ Modificat pel <a href=\"#D50\/1991\" target=\"_self\" rel=\"noopener noreferrer\">Decret 50\/1991<\/a>. Desplegat per una <a href=\"ordres.htm#O22051989\">ordre de 22 de maig de 1989<\/a>.<\/td>\n<td valign=\"top\" width=\"21%\">1989.04.07<\/td>\n<\/tr>\n<tr>\n<td valign=\"top\" width=\"79%\">&#8226; Decret 178\/1988, de 15 de novembre, del Consell de la Generalitat Valenciana, pel qual s&#8217;estableix la composici\u00f3 i funcions de la Comissi\u00f3 Interdepartamental per a l&#8217;aplicaci\u00f3 de l&#8217;\u00fas del valenci\u00e0, d&#8217;acord a la Llei 4\/1983, de 23 de novembre, d&#8217;\u00das i Ensenyament del Valenci\u00e0. <i>(DOGV n\u00famero 954, de data 30.11.1988)<\/i><\/td>\n<td valign=\"top\" width=\"21%\">1988.11.30<\/td>\n<\/tr>\n<tr>\n<td valign=\"top\" width=\"79%\">&#8226; <a name=\"Decret\"><\/a><a href=\"http:\/\/www.pre.gva.es\/L\/BASIS\/V\/DDW?W=D=%270070\/1987%27\" target=\"_blank\" rel=\"noopener noreferrer\">Decret 145\/1986<\/a>, de 24 de novembre, del Consell de la Generalitat Valenciana, sobre senyalitzaci\u00f3 de vies i serveis p\u00fablics en l&#8217;\u00e0mbit territorial de la Comunitat Valenciana. <i>(DOGV n\u00famero 509, de data 20.01.1987)<\/i> [\u00c9s desplegada per l&#8217;<a href=\"http:\/\/www.pre.gva.es\/L\/BASIS\/V\/DDW?W=D=%270594\/1994%27\">ordre d&#8217;1 de desembre del 1993<\/a> <i>(DOGV 2227, 15.03.1994)<\/i>]<\/td>\n<td valign=\"top\" width=\"21%\">1987.01.20<\/td>\n<\/tr>\n<tr>\n<td valign=\"top\" width=\"79%\">&#8226; Decret 39\/1986, de 12 de desembre, del President de la Generalitat Valenciana, pel qual es regula la concessi\u00f3 d&#8217;ajudes a les empreses period\u00edstiques radicades a la Comunitat Valenciana, editores de publicacions peri\u00f2diques no di\u00e0ries. <i>(DOGV n\u00famero 493, de data 24.12.1986)<\/i><\/td>\n<td valign=\"top\" width=\"21%\">1986.12.24<\/td>\n<\/tr>\n<tr>\n<td valign=\"top\" width=\"79%\">&#8226; <a href=\"http:\/\/www.pre.gva.es\/L\/BASIS\/V\/DDW?W=D=%271573\/1985%27\" target=\"_blank\" rel=\"noopener noreferrer\">Decret 173\/1985<\/a>, de 28 d&#8217;octubre, del Consell de la Generalitat Valenciana, de creaci\u00f3 de la Junta Qualificadora de Coneixements de Valenci\u00e0. <i>(DOGV n\u00famero 313, de data 04.12.1985)<\/i>. \/\/ Derogat pel <a href=\"decrets.htm#47\/1989\">Decret 47\/1989<\/a><\/td>\n<td valign=\"top\" width=\"21%\">1985.12.04<\/td>\n<\/tr>\n<tr>\n<td valign=\"top\" width=\"79%\">&#8226; Decret 107\/1984, d&#8217;1 d&#8217;octubre, del Consell de la Generalitat Valenciana, pel qual es modifica parcialment el contingut de l&#8217;article 1, apartat 3 del Decret 79\/1984, de 30 de juliol, del Consell de la Generalitat Valenciana, sobre aplicaci\u00f3 de la llei 4\/1983, d&#8217;\u00das i Ensenyament del Valenci\u00e0, en l&#8217;\u00e0mbit de l&#8217;ensenyament no universitari de la Comunitat Valenciana. <i>(DOGV n\u00famero 199, de data 29.10.1984)<\/i><\/td>\n<td valign=\"top\" width=\"21%\">1984.10.29<\/td>\n<\/tr>\n<tr>\n<td valign=\"top\" width=\"79%\">&#8226; Decret 79\/1984, de 30 de juliol, del Consell de la Generalitat Valenciana, sobre aplicaci\u00f3 de la Llei 4\/1983, d&#8217;\u00fas i ensenyament del valenci\u00e0, en l&#8217;\u00e0mbit de l&#8217;ensenyament no universitari de la Comunitat Valenciana. <i>(DOGV n\u00famero 186, de data 23.08.1984)<\/i><\/td>\n<td valign=\"top\" width=\"21%\">1984.08.23<\/td>\n<\/tr>\n<tr>\n<td valign=\"top\" width=\"79%\">&#8226; Decret 78\/1984, de 30 de juliol, del Consell de la Generalitat Valenciana, pel qual es determinen les condicions de creaci\u00f3 de C\u00e0tedres i Agregaduries de Valenci\u00e0 en els Instituts de Batxillerat i places de Professors Numeraris d&#8217;Escoles de Mestratge Industrial de Valenci\u00e0, en els Instituts i Seccions de Formacio Professional. <i>(DOGV n\u00famero 185, de data 16.08.1984)<\/i><\/td>\n<td valign=\"top\" width=\"21%\">1984.08.16<\/td>\n<\/tr>\n<tr>\n<td valign=\"top\" width=\"79%\">&#8226; <a href=\"http:\/\/www.pre.gva.es\/L\/BASIS\/V\/DDW?W=D=%270664\/1984%27\" target=\"_blank\" rel=\"noopener noreferrer\">Decret 74\/1984<\/a>, de 30 de juliol, del Consell de la Generalitat Valenciana, pel qual es regula el procediment per a l&#8217;alteraci\u00f3 del nom dels municipis. <i>(DOGV n\u00famero 185, de data 16.08.1984)<\/i> [Derogat pel <a href=\"http:\/\/www.pre.gva.es\/L\/BASIS\/V\/DDW?W=D=%271004\/1992%27\" target=\"_blank\" rel=\"noopener noreferrer\">Decret 58\/1992<\/a>]<\/td>\n<td valign=\"top\" width=\"21%\">1984.08.16<\/td>\n<\/tr>\n<tr>\n<td valign=\"top\" width=\"79%\">&#8226; Decret 44\/1984, de 16 d&#8217;abril, del Consell de la Generalitat Valenciana, de creaci\u00f3 de la Comissi\u00f3 Interdepartamental per a l&#8217;Aplicaci\u00f3 de l&#8217;Us del Valenci\u00e0, d&#8217;acord amb la LLei de la Generalitat Valenciana, d&#8217;\u00fas i ensenyament del valenci\u00e0 num. 4\/83, de 23 de novembre. <i>(DOGV n\u00famero 160, de data 03.05.1984)<\/i><\/td>\n<td valign=\"top\" width=\"21%\">1984.05.03<\/td>\n<\/tr>\n<\/tbody>\n<\/table>\n","protected":false},"excerpt":{"rendered":"<p>&#8226; Decret 13\/2019, de 8 de febrer, del Consell, de creaci\u00f3 de la Xarxa P\u00fablica de Serveis Ling\u00fc\u00edstics Valencians. 14.02.2019 Decret 73\/2018, de 8 de juny, del Consell, de creaci\u00f3 del Consell Social de les Lleng\u00fces. 2018.06.13 &#8226; Decret 187\/2017, de 24 de novembre, del Consell, pel qual es regula el funcionament de l\u2019Oficina de [&hellip;]<\/p>\n","protected":false},"author":56,"featured_media":0,"parent":3097,"menu_order":4,"comment_status":"closed","ping_status":"closed","template":"","meta":{"footnotes":""},"class_list":["post-3192","page","type-page","status-publish","hentry"],"_links":{"self":[{"href":"https:\/\/www.cdlpv.org\/dtl\/wp-json\/wp\/v2\/pages\/3192","targetHints":{"allow":["GET"]}}],"collection":[{"href":"https:\/\/www.cdlpv.org\/dtl\/wp-json\/wp\/v2\/pages"}],"about":[{"href":"https:\/\/www.cdlpv.org\/dtl\/wp-json\/wp\/v2\/types\/page"}],"author":[{"embeddable":true,"href":"https:\/\/www.cdlpv.org\/dtl\/wp-json\/wp\/v2\/users\/56"}],"replies":[{"embeddable":true,"href":"https:\/\/www.cdlpv.org\/dtl\/wp-json\/wp\/v2\/comments?post=3192"}],"version-history":[{"count":15,"href":"https:\/\/www.cdlpv.org\/dtl\/wp-json\/wp\/v2\/pages\/3192\/revisions"}],"predecessor-version":[{"id":4179,"href":"https:\/\/www.cdlpv.org\/dtl\/wp-json\/wp\/v2\/pages\/3192\/revisions\/4179"}],"up":[{"embeddable":true,"href":"https:\/\/www.cdlpv.org\/dtl\/wp-json\/wp\/v2\/pages\/3097"}],"wp:attachment":[{"href":"https:\/\/www.cdlpv.org\/dtl\/wp-json\/wp\/v2\/media?parent=3192"}],"curies":[{"name":"wp","href":"https:\/\/api.w.org\/{rel}","templated":true}]}}