{"id":3121,"date":"2019-08-08T08:00:44","date_gmt":"2019-08-08T07:00:44","guid":{"rendered":"http:\/\/www.cdlpv.org\/dtl\/?page_id=3121"},"modified":"2021-08-12T09:05:11","modified_gmt":"2021-08-12T08:05:11","slug":"legis-lleis","status":"publish","type":"page","link":"https:\/\/www.cdlpv.org\/dtl\/legislacio-linguistica\/legis-lleis\/","title":{"rendered":"Legislaci\u00f3 ling\u00fc\u00edstica (PV): lleis"},"content":{"rendered":"<p style=\"text-align: right;\"><span style=\"font-size: 10pt;\"><div class=\"su-note\"  style=\"border-color:#e5e54c;border-radius:3px;-moz-border-radius:3px;-webkit-border-radius:3px;\"><div class=\"su-note-inner su-u-clearfix su-u-trim\" style=\"background-color:#FFFF66;border-color:#ffffff;color:#333333;border-radius:3px;-moz-border-radius:3px;-webkit-border-radius:3px;\">Secci\u00f3 ampliada i millorada amb la col\u00b7laboraci\u00f3 de Josep Mol\u00e9s Abad.<\/div><\/div><\/span><\/p>\n<table style=\"height: 128px; width: 100%; border-style: solid hidden;\">\n<tbody>\n<tr>\n<td>&#8226; Constituci\u00f3 espanyola (1978-&#8230;)<\/td>\n<td>Articles 3, 20, 148 i disposici\u00f3 final <a href=\"http:\/\/www.einesdellengua.com\/Legis\/Arxius\/estatal\/constespanyola.htm&quot;\" target=\"_blank\" rel=\"nofollow noopener\"><i class=\"fas fa-external-link-alt\"><\/i><\/a><\/td>\n<\/tr>\n<tr>\n<td>&#8226; Constituci\u00f3 francesa (1958-&#8230;)<\/td>\n<td>Articles 2 i 75.1 <a href=\"http:\/\/www.einesdellengua.com\/Legis\/Arxius\/estatal\/constfrancesa.htm\" target=\"_blank\" rel=\"nofollow noopener\"><i class=\"fas fa-external-link-alt\"><\/i><\/a><\/td>\n<\/tr>\n<\/tbody>\n<\/table>\n<table style=\"width: 100%; height: 1744px; border-collapse: collapse;\">\n<tbody>\n<tr>\n<td style=\"width: 79%;\">&#8226; <a href=\"http:\/\/dogv.gva.es\/portal\/ficha_disposicion.jsp?L=0&amp;sig=006888%2F2018\" target=\"_blank\" rel=\"nofollow noopener\">Llei 18\/2018<\/a>, 13 de juliol, de la Generalitat, per al foment de la responsabilitat social. <em>(<span class=\"versaleta\">dogv<\/span> n\u00fam. 8.339, de 16.07.2018) <\/em>Vegeu els articles 5.2 i 13.1.<em>h.<\/em><\/td>\n<td style=\"width: 21%;\">2018.07.16<\/td>\n<\/tr>\n<tr style=\"height: 72px;\">\n<td style=\"width: 79%;\">&#8226; <a href=\"http:\/\/www.einesdellengua.com\/Legis\/Arxius\/L4-2012.htm\" target=\"_blank\" rel=\"noopener noreferrer\">Llei 4\/2012<\/a>, de 15 d&#8217;octubre, de la Generalitat, per la qual s&#8217;aprova la Carta de drets socials de la Comunitat Valenciana. <em>(<span class=\"versaleta\"><em>docv<\/em><\/span> n\u00fam. 6.881, de 18 d&#8217;octubre del 2012)<\/em><\/td>\n<td>2012.10.18<\/td>\n<\/tr>\n<tr style=\"height: 72px;\">\n<td style=\"width: 79%;\">&#8226; <a href=\"http:\/\/www.einesdellengua.com\/Legis\/Arxius\/L1-2011.htm\" target=\"_blank\" rel=\"noopener noreferrer\">Llei 1\/2011<\/a>, de 22 de mar\u00e7, de la Generalitat, per la qual s&#8217;aprova l&#8217;Estatut dels consumidors i usuaris de la Comunitat Valenciana. <em>(<span class=\"versaleta\"><em>docv<\/em><\/span> n\u00fam. 6.487, de 24 de mar\u00e7 del 2011)<\/em><\/td>\n<td>2011.03.24<\/td>\n<\/tr>\n<tr style=\"height: 72px;\">\n<td style=\"width: 79%;\">&#8226; <a href=\"http:\/\/www.einesdellengua.com\/Legis\/Arxius\/L10-2010.htm\" target=\"_blank\" rel=\"noopener noreferrer\">Llei 10\/2010<\/a>, de 9 de juliol, de la Generalitat, d&#8217;ordenaci\u00f3 i gesti\u00f3 de la funci\u00f3 p\u00fablica valenciana <em>(<span class=\"versaleta\"><em>docv<\/em><\/span> n\u00fam. 6.310, de 14 de juliol del 2010)<\/em><\/td>\n<td>2010.07.14<\/td>\n<\/tr>\n<tr style=\"height: 72px;\">\n<td style=\"width: 79%;\">&#8226; <a href=\"http:\/\/www.einesdellengua.com\/Legis\/Arxius\/L8-2010.htm\" target=\"_blank\" rel=\"noopener noreferrer\">Llei 8\/2010<\/a>, de 23 de juny, de la Generalitat, de r\u00e8gim local de la Comunitat Valenciana <em>(<span class=\"versaleta\"><em>docv<\/em><\/span> n\u00fam. 6.296, de 24 de juny del 2010)<\/em><\/td>\n<td>2010.06.24<\/td>\n<\/tr>\n<tr style=\"height: 72px;\">\n<td style=\"width: 79%;\">&#8226; <a href=\"http:\/\/www.einesdellengua.com\/Legis\/Arxius\/L3-2010.htm\" target=\"_blank\" rel=\"noopener noreferrer\">Llei 3\/2010<\/a>, de 30 d&#8217;abril, de la Generalitat, d&#8217;administraci\u00f3 electr\u00f2nica de la Comunitat Valenciana <em>(<span class=\"versaleta\"><em>docv<\/em><\/span> n\u00fam. 6.262, de 7 de maig del 2010)<\/em><\/td>\n<td>2010.05.07<\/td>\n<\/tr>\n<tr style=\"height: 48px;\">\n<td style=\"width: 79%;\">&#8226; <a href=\"http:\/\/www.einesdellengua.com\/Legis\/Arxius\/estatal\/llengua-EBEP.htm\">Llei 7\/2007<\/a> de l&#8217;Estatut b\u00e0sic de l&#8217;empleat p\u00fablic [estatal] <em>(<span class=\"versaleta\"><em>boe<\/em><\/span> n\u00fam. 89, de 13 d&#8217;abril del 2007)<\/em><\/td>\n<td style=\"height: 48px; width: 21%;\" valign=\"top\" width=\"21%\">2005.04.13<\/td>\n<\/tr>\n<tr style=\"height: 72px;\">\n<td style=\"width: 79%;\">&#8226; <a href=\"http:\/\/www.einesdellengua.com\/Legis\/Arxius\/L1-2006.htm\" target=\"_blank\" rel=\"noopener noreferrer\">Llei 1\/2006<\/a>, de 10 d&#8217;abril, de reforma de la Llei org\u00e0nica 5\/1982, d&#8217;1 de juliol, d&#8217;Estatut d&#8217;autonomia de la Comunitat Valenciana <em>(<span class=\"versaleta\"><em>dogv<\/em><\/span> n\u00fam. 5.238, d&#8217;11 d&#8217;abril del 2006; <a href=\"http:\/\/www.dogv.gva.es\/portal\/ficha_disposicion_pc.jsp?sig=1998\/2006\" target=\"_blank\" rel=\"noopener noreferrer\"><span class=\"versaleta\">[html]<\/span><\/a>)<\/em><\/td>\n<td>2006.04.11<\/td>\n<\/tr>\n<tr style=\"height: 72px;\">\n<td style=\"width: 79%;\">&#8226; <a href=\"http:\/\/www.einesdellengua.com\/Legis\/Arxius\/estatal\/L12_2005.htm\" target=\"_blank\" rel=\"noopener noreferrer\">Llei 12\/2005<\/a>, de 22 de juny, per la qual es modifica l&#8217;article 23 de la Llei de 8 de juny de 1957, del registre civil [estatal] <em>(<span class=\"versaleta\"><em>boe<\/em><\/span> n\u00fam. 149, de 23 de juny del 2005)<\/em><\/td>\n<td>2005.06.23<\/td>\n<\/tr>\n<tr style=\"height: 72px;\">\n<td style=\"width: 79%;\">&#8226; <a href=\"http:\/\/www.einesdellengua.com\/Legis\/Arxius\/L7-2003.htm\" target=\"_blank\" rel=\"noopener noreferrer\">Llei 7\/2003<\/a>, de 20 de mar\u00e7, de publicitat institucional de la Comunitat Valenciana. <em>(<span class=\"versaleta\"><em>dogv<\/em><\/span> n\u00fam. 4.468, de 27 de mar\u00e7 del 2003)<\/em><\/td>\n<td>2003.03.27<\/td>\n<\/tr>\n<tr style=\"height: 48px;\">\n<td style=\"width: 79%;\">&#8226; <a href=\"http:\/\/www.einesdellengua.com\/Legis\/Arxius\/L5-2002.htm\" target=\"_blank\" rel=\"noopener noreferrer\">Llei 5\/2002<\/a>, de 4 d\u2019abril, reguladora dels butlletins oficials de les prov\u00edncies <em>(<span class=\"versaleta\"><em>boe<\/em><\/span> n\u00fam. 82, de 5 d\u2019abril del 2002)<\/em><\/td>\n<td style=\"height: 48px; width: 21%;\" valign=\"top\" width=\"21%\">2002.04.05<\/td>\n<\/tr>\n<tr style=\"height: 48px;\">\n<td style=\"width: 79%;\">&#8226; <a href=\"http:\/\/www.pre.gva.es\/L\/BASIS\/V\/DDW?W=D=%272679\/2002%27\" target=\"_blank\" rel=\"noopener noreferrer\">Llei 3\/2002<\/a>, de 13 de juny, de la Generalitat Valenciana, del llibre. [2002\/6582] <em>(<span class=\"versaleta\"><em>dogv<\/em><\/span> n\u00fam. 4274, de data 19.06.2002)<\/em><\/td>\n<td style=\"height: 48px; width: 21%;\" valign=\"top\" width=\"21%\">2002.06.19<\/td>\n<\/tr>\n<tr style=\"height: 48px;\">\n<td style=\"width: 79%;\">&#8226; <a href=\"http:\/\/www.einesdellengua.com\/Legis\/Arxius\/LO4-2001.htm\" target=\"_blank\" rel=\"noopener noreferrer\">Llei org\u00e0nica 4\/2001<\/a>, de 12 de novembre, reguladora del dret de petici\u00f3 <em>(<span class=\"versaleta\"><em>boe<\/em><\/span> n\u00fam. 272, de data 13.11.2001)<\/em>.<\/td>\n<td style=\"height: 48px; width: 21%;\" valign=\"top\" width=\"21%\">2001.11.13<\/td>\n<\/tr>\n<tr style=\"height: 72px;\">\n<td style=\"width: 79%;\">&#8226; <a name=\"nom2\"><\/a><a href=\"http:\/\/www.noticias.juridicas.com\/base_datos\/Privado\/l40-1999.html\" target=\"_blank\" rel=\"noopener noreferrer\">Llei 40\/1999<\/a>, de 5 de novembre, sobre nom i cognoms i ordre d&#8217;aquests. <em>(<span class=\"versaleta\"><em>boe<\/em><\/span> n\u00fam. 266, de data 06.11.1999)<\/em> [Desplegada pel <a href=\"http:\/\/www.noticias.juridicas.com\/base_datos\/Privado\/rd193-2000.html\">Reial Decret 193\/2000<\/a>]<\/td>\n<td>1999.11.06<\/td>\n<\/tr>\n<tr style=\"height: 120px;\">\n<td style=\"width: 79%;\">&#8226; <a name=\"Nomsprov\"><\/a><a href=\"http:\/\/www.einesdellengua.com\/Legis\/Nomsprov.htm\" target=\"_blank\" rel=\"noopener noreferrer\">Llei 25\/1999<\/a>, de 6 de juliol, per la qual es declaren cooficials les denominacions Alacant, Castell\u00f3 i Val\u00e8ncia per a las prov\u00edncies que integren la Comunitat Valenciana. <em>(<span class=\"versaleta\"><em>boe<\/em><\/span> n\u00fam. 161, de data 07.07.1999)<\/em>. Debat de la proposici\u00f3 de llei en el <a href=\"http:\/\/www.congreso.es\/public_oficiales\/L6\/CONG\/DS\/CO\/CO_679.PDF\" target=\"_blank\" rel=\"noopener noreferrer\">Congr\u00e9s<\/a>.<\/td>\n<td style=\"height: 120px; width: 21%;\" valign=\"top\" width=\"21%\">1999.07.07<\/td>\n<\/tr>\n<tr style=\"height: 72px;\">\n<td style=\"width: 79%;\">&#8226; <a href=\"http:\/\/www.dogv.gva.es\/portal\/ficha_disposicion.jsp?L=0&amp;sig=2084%2F1998\" target=\"_blank\" rel=\"noopener noreferrer\">Llei 7\/1998<\/a>, de 16 de setembre, de la Generalitat Valenciana, de creaci\u00f3 de l&#8217;Acad\u00e8mia Valenciana de la Llengua. [1998\/7973] <em>(<span class=\"versaleta\"><em>dogv<\/em><\/span> n\u00fam. 3334, de data 21.09.1998)<\/em><\/td>\n<td>1998.09.21<\/td>\n<\/tr>\n<tr style=\"height: 72px;\">\n<td style=\"width: 79%;\">&#8226; <a href=\"http:\/\/www.dogv.gva.es\/portal\/ficha_disposicion.jsp?id=1669&amp;sig=2769\/1995&amp;L=0&amp;url_lista=+\" target=\"_blank\" rel=\"noopener noreferrer\">Decret Legislatiu de 24 d&#8217;octubre de 1995<\/a> pel qual s&#8217;aprova el text ref\u00f3s de la Llei de la funci\u00f3 p\u00fablica valenciana. <em>(<span class=\"versaleta\"><em>dogv<\/em><\/span> n\u00fam. 2613, de data 26.10.1995)<\/em><\/td>\n<td>1995.10.26 \/ 2001.12.31<\/td>\n<\/tr>\n<tr style=\"height: 120px;\">\n<td style=\"width: 79%;\">&#8226; <a href=\"https:\/\/portaljuridic.gencat.cat\/ca\/pjur_ocults\/pjur_resultats_fitxa\/?action=fitxa&amp;documentId=555944\" target=\"_blank\" rel=\"noopener noreferrer\">Llei 30\/1992<\/a>, de 26 de novembre, de r\u00e8gim jur\u00eddic de les administracions p\u00fabliques i del procediment administratiu com\u00fa, modificada d&#8217;acord amb la <a href=\"http:\/\/www.juridicas.com\/base_datos\/Admin\/l4-1999.html\" target=\"_blank\" rel=\"noopener noreferrer\">Llei 4\/1999<\/a>, de 13 de gener (<span class=\"versaleta\"><em>boe<\/em><\/span> 12, del 14) <em>(<em>boe<\/em> n\u00fam. 285, de data 27.11.1992)<\/em> [<a href=\"http:\/\/www.juridicas.com\/base_datos\/Admin\/l30-1992.t4.html#a36\" target=\"_blank\" rel=\"noopener noreferrer\">En castell\u00e0 ac\u00ed<\/a>]. Vegeu els articles 35 i 36.<\/td>\n<td style=\"height: 120px; width: 21%;\" valign=\"top\" width=\"21%\">1992.11.27 \/ 1999.14.01<\/td>\n<\/tr>\n<tr style=\"height: 72px;\">\n<td style=\"width: 79%;\">&#8226; <a id=\"L6-1991\" href=\"http:\/\/www.einesdellengua.com\/Legis\/Arxius\/L6-1991.htm\" target=\"_blank\" rel=\"noopener noreferrer\" name=\"l6\/1991\">Llei 6\/1991<\/a> de la Generalitat Valenciana, de 27 de mar\u00e7, de carreteres de la Comunitat Valenciana <em>(<span class=\"versaleta\"><em>dogv<\/em><\/span> n\u00fam. 1.516, de data 5 d&#8217;abril del 1991)<\/em><\/td>\n<td>1991.04.05<\/td>\n<\/tr>\n<tr style=\"height: 48px;\">\n<td style=\"width: 79%;\">&#8226; <a href=\"http:\/\/www.einesdellengua.com\/Legis\/Arxius\/estatal\/L25-1990.htm\" target=\"_blank\" rel=\"noopener noreferrer\">Llei 25\/1990<\/a>, de 20 de desembre, del medicament [estatal]. <em>(<span class=\"versaleta\"><em>boe<\/em><\/span> n\u00fam. 306, de data 22 de desembre del 1990)<\/em><\/td>\n<td style=\"height: 48px; width: 21%;\" valign=\"top\" width=\"21%\">1990.12.22<\/td>\n<\/tr>\n<tr style=\"height: 48px;\">\n<td style=\"width: 79%;\">&#8226; <a href=\"http:\/\/www.einesdellengua.com\/Legis\/Arxius\/estatal\/lopj.htm\" target=\"_blank\" rel=\"noopener noreferrer\">Llei org\u00e0nica 6\/1985<\/a>, d&#8217;1 de juliol, del poder judicial [nom\u00e9s refer\u00e8ncies ling\u00fc\u00edstiques]. <em>(<span class=\"versaleta\"><em>boe<\/em><\/span> de 2 de juliol del 1985)<\/em><\/td>\n<td>1985.07.02<\/td>\n<\/tr>\n<tr style=\"height: 48px;\">\n<td style=\"width: 79%;\">&#8226; <a href=\"http:\/\/www.noticias.juridicas.com\/base_datos\/Anterior\/r9-l30-1984.html\" target=\"_blank\" rel=\"noopener noreferrer\">Llei 30\/1984<\/a>, de 2 d&#8217;agost, de mesures per a la reforma de la funci\u00f3 p\u00fablica [estatal]. <em>(<span class=\"versaleta\"><em>boe<\/em><\/span> n\u00fam. 105, de data 03.08.1984)<\/em><\/td>\n<td>1984.08.03<\/td>\n<\/tr>\n<tr style=\"height: 120px;\">\n<td style=\"width: 79%;\">&#8226; <a href=\"http:\/\/www.einesdellengua.com\/Legis\/Arxius\/L4-1983.htm\" target=\"_blank\" rel=\"noopener noreferrer\">Llei 4\/1983<\/a>, de 23 de novembre, d&#8217;\u00fas i ensenyament del valenci\u00e0. <em>(<span class=\"versaleta\"><em>dogv<\/em><\/span> n\u00fam. 133, de data 01.12.1983)<\/em> &#8211; <a href=\"http:\/\/www.dogv.gva.es\/portal\/ficha_disposicion.jsp?L=0&amp;sig=0304%2F1984&amp;url_lista=%2526tipo_search%253Dlegislacion%2526num_tipo%253D4%2526materia%253DPolicia%252520local\" target=\"_blank\" rel=\"noopener noreferrer\">Correcci\u00f3 d&#8217;errades<\/a> a la Llei 4\/1983, de 23 de novembre, d&#8217;\u00fas i ensenyament del valenci\u00e0. <em>(<span class=\"versaleta\"><em>dogv<\/em><\/span> n\u00fam. 164, de data 25.05.1984)<\/em> [<a href=\"http:\/\/www.einesdellengua.com\/Baixar\/L4-1983.DOC\" target=\"_blank\" rel=\"noopener noreferrer\">Edici\u00f3 CDLPV Word<\/a>]<\/td>\n<td>1983.12.01 \/ 1984.05.25<\/td>\n<\/tr>\n<tr style=\"height: 136px;\">\n<td style=\"width: 79%;\">&#8226; <a name=\"nom1\"><\/a>Llei org\u00e0nica 5\/1982, d\u20191 de juliol, d\u2019Estatut d\u2019autonomia de la Comunitat Valenciana [<a href=\"http:\/\/www.dogv.gva.es\/portal\/ficha_disposicion_pc.jsp?sig=0108\/1982\" target=\"_blank\" rel=\"noopener noreferrer\">HTML<\/a>]<\/td>\n<td width=\"21%\">1982.07.15<\/td>\n<\/tr>\n<tr style=\"height: 48px;\">\n<td style=\"width: 79%;\">&#8226; <a href=\"https:\/\/www.boe.es\/buscar\/pdf\/1957\/BOE-A-1957-7537-consolidado.pdf\" target=\"_blank\" rel=\"nofollow noopener\">Llei de 8 de juny de 1957<\/a>, sobre registre civil. [Modificada per la <a href=\"https:\/\/www.boe.es\/boe_catalan\/dias\/1999\/11\/19\/pdfs\/A01286-01287.pdf\" target=\"_blank\" rel=\"nofollow noopener\">Llei 40\/1999<\/a>] \/ Veg. <a href=\"http:\/\/www.einesdellengua.com\/Fitxes\/Textos\/R\/registrecivil.htm\" target=\"_blank\" rel=\"noopener noreferrer\">Fitxa CDLPV<\/a><\/td>\n<td>1957.06.10<\/td>\n<\/tr>\n<\/tbody>\n<\/table>\n<table style=\"height: 128px; width: 100%; border-style: solid hidden;\">\n<tbody>\n<tr>\n<th style=\"text-align: center;\">Catalunya<\/th>\n<\/tr>\n<tr>\n<td style=\"width: 79%;\">&#8226; <a href=\"https:\/\/www.parlament.cat\/document\/cataleg\/48032.pdf\" target=\"_blank\" rel=\"noopener noreferrer\">Llei 22\/2010<\/a>, del 20 de juliol, del Codi de consum de Catalunya <em>(<span class=\"versaleta\">dogc<\/span> n\u00fam. 5.677, del 23 de juliol del 2010)<\/em><\/td>\n<td style=\"width: 21%;\">2010.07.23<\/td>\n<\/tr>\n<tr>\n<td style=\"width: 79%;\">&#8226; <a href=\"https:\/\/www.parlament.cat\/document\/nom\/TL118.pdf\" target=\"_blank\" rel=\"noopener noreferrer\">Llei 17\/2010<\/a>, del 3 de juny, de la llengua de signes catalana <em>(<span class=\"versaleta\">dogc<\/span> n\u00fam. 5.647, del 10 de juny del 2010)<\/em><\/td>\n<td style=\"width: 21%;\">2010.06.03<\/td>\n<\/tr>\n<tr>\n<td style=\"width: 79%;\">&#8226; <a href=\"https:\/\/portaljuridic.gencat.cat\/ca\/pjur_ocults\/pjur_resultats_fitxa\/?action=fitxa&amp;mode=single&amp;documentId=171269&amp;language=ca_ES\" target=\"_blank\" rel=\"noopener noreferrer\">Llei 1\/1998<\/a>, de 7 de gener, de pol\u00edtica ling\u00fc\u00edstica <em>(<span class=\"versaleta\">dogc<\/span> n\u00fam. 2.553, del 9 de gener del 1998)<\/em><\/td>\n<td style=\"width: 21%;\">1998.01.07<\/td>\n<\/tr>\n<tr>\n<td style=\"width: 79%;\">&#8226; <a href=\"http:\/\/www.einesdellengua.com\/Legis\/Arxius\/IEC\/L8-1991.htm\">Llei 8\/1991<\/a>, de 3 de maig, sobre l&#8217;autoritat ling\u00fc\u00edstica de l&#8217;Institut d&#8217;Estudis Catalans <em>(<span class=\"versaleta\">dogc<\/span> n\u00fam. 1.440, del 8 de maig del 1991)<\/em><\/td>\n<td><\/td>\n<\/tr>\n<\/tbody>\n<\/table>\n<table style=\"border-collapse: collapse; width: 100%;\">\n<tbody>\n<tr>\n<td style=\"width: 50%;\">&#8226; LPL Andorra (2000)<\/td>\n<td style=\"width: 50%;\"><a href=\"http:\/\/www.einesdellengua.com\/Legis\/Arxius\/lplandorra.htm\" target=\"_blank\" rel=\"nofollow noopener\"><i class=\"fas fa-external-link-alt\"><\/i><\/a><\/td>\n<\/tr>\n<tr>\n<td style=\"width: 50%;\">&#8226; LPL Catalunya (1998)<\/td>\n<td style=\"width: 50%;\">&#8226; <a href=\"https:\/\/portaljuridic.gencat.cat\/ca\/pjur_ocults\/pjur_resultats_fitxa\/?action=fitxa&amp;mode=single&amp;documentId=171269&amp;language=ca_ES\" target=\"_blank\" rel=\"noopener noreferrer\">Llei 1\/1998<\/a>, de 7 de gener, de pol\u00edtica ling\u00fc\u00edstica<\/p>\n<p>&#8226; Taula comparativa LPL 1998 \/ LNL 1983 <a href=\"https:\/\/llengua.gencat.cat\/web\/.content\/documents\/legislacio\/llei_de_politica_linguistica\/arxius\/lpl.pdf\" target=\"_blank\" rel=\"noopener noreferrer\">[PDF]<\/a><\/p>\n<p>&#8226; Balan\u00e7 2003 <a href=\"http:\/\/www.einesdellengua.com\/Legis\/Arxius\/av030205.htm\" target=\"_blank\" rel=\"nofollow noopener\"><i class=\"fas fa-external-link-alt\"><\/i><\/a><\/td>\n<\/tr>\n<tr>\n<td style=\"width: 50%;\">&#8226; LNL Catalunya (1983)<\/td>\n<td style=\"width: 50%;\">&#8226; <a href=\"https:\/\/dogc.vlex.es\/vid\/normalitzacio-ling-istica-323-917-329-38347401\" target=\"_blank\" rel=\"noopener noreferrer\">Llei 7\/1983<\/a>, de 18 d&#8217;abril, de normalitzaci\u00f3 ling\u00fc\u00edstica a Catalunya<\/td>\n<\/tr>\n<\/tbody>\n<\/table>\n<p>&nbsp;<\/p>\n","protected":false},"excerpt":{"rendered":"<p>&#8226; Constituci\u00f3 espanyola (1978-&#8230;) Articles 3, 20, 148 i disposici\u00f3 final &#8226; Constituci\u00f3 francesa (1958-&#8230;) Articles 2 i 75.1 &#8226; Llei 18\/2018, 13 de juliol, de la Generalitat, per al foment de la responsabilitat social. (dogv n\u00fam. 8.339, de 16.07.2018) Vegeu els articles 5.2 i 13.1.h. 2018.07.16 &#8226; Llei 4\/2012, de 15 d&#8217;octubre, de la [&hellip;]<\/p>\n","protected":false},"author":56,"featured_media":0,"parent":3097,"menu_order":2,"comment_status":"closed","ping_status":"closed","template":"","meta":{"footnotes":""},"class_list":["post-3121","page","type-page","status-publish","hentry"],"_links":{"self":[{"href":"https:\/\/www.cdlpv.org\/dtl\/wp-json\/wp\/v2\/pages\/3121","targetHints":{"allow":["GET"]}}],"collection":[{"href":"https:\/\/www.cdlpv.org\/dtl\/wp-json\/wp\/v2\/pages"}],"about":[{"href":"https:\/\/www.cdlpv.org\/dtl\/wp-json\/wp\/v2\/types\/page"}],"author":[{"embeddable":true,"href":"https:\/\/www.cdlpv.org\/dtl\/wp-json\/wp\/v2\/users\/56"}],"replies":[{"embeddable":true,"href":"https:\/\/www.cdlpv.org\/dtl\/wp-json\/wp\/v2\/comments?post=3121"}],"version-history":[{"count":37,"href":"https:\/\/www.cdlpv.org\/dtl\/wp-json\/wp\/v2\/pages\/3121\/revisions"}],"predecessor-version":[{"id":4177,"href":"https:\/\/www.cdlpv.org\/dtl\/wp-json\/wp\/v2\/pages\/3121\/revisions\/4177"}],"up":[{"embeddable":true,"href":"https:\/\/www.cdlpv.org\/dtl\/wp-json\/wp\/v2\/pages\/3097"}],"wp:attachment":[{"href":"https:\/\/www.cdlpv.org\/dtl\/wp-json\/wp\/v2\/media?parent=3121"}],"curies":[{"name":"wp","href":"https:\/\/api.w.org\/{rel}","templated":true}]}}