{"id":222,"date":"2007-11-12T22:20:43","date_gmt":"2007-11-12T21:20:43","guid":{"rendered":"http:\/\/www.cdlpv.org\/dtl\/?page_id=222"},"modified":"2019-01-16T14:19:15","modified_gmt":"2019-01-16T13:19:15","slug":"quant-al-dtl","status":"publish","type":"page","link":"https:\/\/www.cdlpv.org\/dtl\/quant-al-dtl\/","title":{"rendered":"Quant al DTL"},"content":{"rendered":"<p>El <em>Diari per a T\u00e8cnics Ling\u00fc\u00edstics<\/em> <em><span class=\"versaleta\">(dtl)<\/span><\/em> \u00e9s un mitj\u00e0 de comunicaci\u00f3 de dades i de difusi\u00f3 d&#8217;informacions i coneixements \u00fatils per a la tasca di\u00e0ria dels ling\u00fcistes que treballen en les administracions p\u00fabliques i privades.<\/p>\n<p>El <em><span class=\"versaleta\">dtl<\/span><\/em> \u00e9s un bloc que forma part del projecte en xarxa <a href=\"http:\/\/www.einesdellengua.org\" target=\"_blank\" rel=\"noopener\">Eines de Llengua<\/a> de la Coordinadora de Dinamitzaci\u00f3 Ling\u00fc\u00edstica del Pa\u00eds Valenci\u00e0.<\/p>\n<p style=\"text-align: center;\"><a href=\"https:\/\/creativecommons.org\/licenses\/by-sa\/4.0\/deed.ca\" rel=\"license\"><img decoding=\"async\" style=\"border-width: 0;\" src=\"https:\/\/i.creativecommons.org\/l\/by-sa\/4.0\/88x31.png\" alt=\"Llic\u00e8ncia de Creative Commons\" \/><\/a><br \/>\nEsta obra es publica amb una <a href=\"https:\/\/creativecommons.org\/licenses\/by-sa\/4.0\/deed.ca\" rel=\"license\">llic\u00e8ncia de Creative Commons Reconeiximent-CompartirIgual 4.0 Internacional<\/a>.<\/p>\n","protected":false},"excerpt":{"rendered":"<p>El Diari per a T\u00e8cnics Ling\u00fc\u00edstics (dtl) \u00e9s un mitj\u00e0 de comunicaci\u00f3 de dades i de difusi\u00f3 d&#8217;informacions i coneixements \u00fatils per a la tasca di\u00e0ria dels ling\u00fcistes que treballen en les administracions p\u00fabliques i privades. El dtl \u00e9s un bloc que forma part del projecte en xarxa Eines de Llengua de la Coordinadora de [&hellip;]<\/p>\n","protected":false},"author":2,"featured_media":0,"parent":0,"menu_order":0,"comment_status":"closed","ping_status":"open","template":"","meta":{"footnotes":""},"class_list":["post-222","page","type-page","status-publish","hentry"],"_links":{"self":[{"href":"https:\/\/www.cdlpv.org\/dtl\/wp-json\/wp\/v2\/pages\/222","targetHints":{"allow":["GET"]}}],"collection":[{"href":"https:\/\/www.cdlpv.org\/dtl\/wp-json\/wp\/v2\/pages"}],"about":[{"href":"https:\/\/www.cdlpv.org\/dtl\/wp-json\/wp\/v2\/types\/page"}],"author":[{"embeddable":true,"href":"https:\/\/www.cdlpv.org\/dtl\/wp-json\/wp\/v2\/users\/2"}],"replies":[{"embeddable":true,"href":"https:\/\/www.cdlpv.org\/dtl\/wp-json\/wp\/v2\/comments?post=222"}],"version-history":[{"count":2,"href":"https:\/\/www.cdlpv.org\/dtl\/wp-json\/wp\/v2\/pages\/222\/revisions"}],"predecessor-version":[{"id":3405,"href":"https:\/\/www.cdlpv.org\/dtl\/wp-json\/wp\/v2\/pages\/222\/revisions\/3405"}],"wp:attachment":[{"href":"https:\/\/www.cdlpv.org\/dtl\/wp-json\/wp\/v2\/media?parent=222"}],"curies":[{"name":"wp","href":"https:\/\/api.w.org\/{rel}","templated":true}]}}