{"id":1281,"date":"2009-09-29T09:27:26","date_gmt":"2009-09-29T08:27:26","guid":{"rendered":"http:\/\/www.cdlpv.org\/dtl\/?page_id=1281"},"modified":"2009-09-29T09:27:26","modified_gmt":"2009-09-29T08:27:26","slug":"llei-de-la-funcio-publica-valenciana-regulacio-linguistica","status":"publish","type":"page","link":"https:\/\/www.cdlpv.org\/dtl\/hemeroteca\/llei-de-la-funcio-publica-valenciana-regulacio-linguistica\/","title":{"rendered":"Llei de la funci\u00f3 p\u00fablica valenciana: regulaci\u00f3 ling\u00fc\u00edstica"},"content":{"rendered":"<div align=\"right\">(Versi\u00f3 castellana: l&#8217;\u00fanic idioma en qu\u00e8 treballa el govern de Francisco Camps Ortiz)<\/span><\/p>\n<hr>\n<\/hr>\n<h2>Ley para la Ordenaci\u00f3n y Gesti\u00f3n de la Funci\u00f3n P\u00fablica Valenciana <\/h2>\n<h3>Borrador V.7.01 &#8211; 2009 <\/h3>\n[&#8230;]\n<p><strong>Art\u00edculo 53.<\/strong> <em>Requisitos de acceso.<\/em><\/p>\n[..]\n<p>2. Quienes superen las pruebas selectivas, acreditar\u00e1n sus conocimientos de valenciano mediante la presentaci\u00f3n de los certificados, diplomas o t\u00edtulos que hayan sido homologados por la Generalitat, o mediante la realizaci\u00f3n de un ejercicio espec\u00edfico al efecto. El personal que no pueda acreditar dichos conocimientos deber\u00e1 realizar los cursos de perfeccionamiento que a este fin organice la Administraci\u00f3n de la Generalitat.<\/p>\n[&#8230;]\n<p><strong>Art\u00edculo 100.<\/strong> <em>Concurso<\/em><\/p>\n<p>1. El concurso constituye el sistema normal de provisi\u00f3n de puestos de trabajo y consiste en la comprobaci\u00f3n y valoraci\u00f3n por \u00f3rganos colegiados de car\u00e1cter t\u00e9cnico, de los m\u00e9ritos y capacidades y, en su caso, aptitudes de las personas candidatas para el desempe\u00f1o de los mismos, conforme a las bases establecidas en la correspondiente convocatoria.<\/p>\n<p>2. En los t\u00e9rminos que se dispongan reglamentariamente, se podr\u00e1n valorar, entre otros, los siguientes m\u00e9ritos:<\/p>\n<blockquote><p>\n<em>a<\/em>) Antig\u00fcedad.<br \/>\n<em>b<\/em>) Nivel competencial reconocido.<br \/>\n<em>c<\/em>) Conocimiento del valenciano.<br \/>\n<em>d<\/em>) Conocimiento de otros idiomas comunitarios.<br \/>\n<em>e<\/em>) Posesi\u00f3n de m\u00e1s de una de las titulaciones acad\u00e9micas oficiales que habiliten para desempe\u00f1ar el puesto de trabajo.<br \/>\n<em>f<\/em>) Resultado de la evaluaci\u00f3n del desempe\u00f1o en destinos anteriores.<br \/>\n<em>g<\/em>) Formaci\u00f3n.<br \/>\n<em>h<\/em>) Actividades cient\u00edficas, docentes, de investigaci\u00f3n y publicaciones.\n<\/p><\/blockquote>\n<p>En todo caso, los m\u00e9ritos que se valoren en las convocatorias de concurso no ser\u00e1n imposibles de obtener dentro de las Administraciones P\u00fablicas.<\/p>\n<p>3. Cuando as\u00ed est\u00e9 establecido en la relaci\u00f3n de puestos de trabajo y en las correspondientes convocatorias, ser\u00e1 aplicable el sistema de concurso espec\u00edfico, consistente en la valoraci\u00f3n de, adem\u00e1s de los m\u00e9ritos establecidos en el apartado 2, otros conocimientos, capacidades y aptitudes relacionados con las funciones espec\u00edficas asignadas al puesto de trabajo convocado. Para su valoraci\u00f3n, la convocatoria podr\u00e1 incluir la realizaci\u00f3n de pruebas de car\u00e1cter pr\u00e1ctico, memorias, entrevistas u otros sistemas similares, sin que, en ning\u00fan caso, la puntuaci\u00f3n a obtener por las mismas, en su conjunto, sea superior a un 45 por ciento del total.<\/p>\n<p>4. La composici\u00f3n y funcionamiento de los \u00f3rganos t\u00e9cnicos encargados de la ejecuci\u00f3n del procedimiento se determinar\u00e1 reglamentariamente atendiendo a id\u00e9nticos principios y reglas que los establecidos para los \u00f3rganos de selecci\u00f3n en el art\u00edculo 57.<\/p>\n","protected":false},"excerpt":{"rendered":"<p>(Versi\u00f3 castellana: l&#8217;\u00fanic idioma en qu\u00e8 treballa el govern de Francisco Camps Ortiz) Ley para la Ordenaci\u00f3n y Gesti\u00f3n de la Funci\u00f3n P\u00fablica Valenciana Borrador V.7.01 &#8211; 2009 [&#8230;] Art\u00edculo 53. Requisitos de acceso. [..] 2. Quienes superen las pruebas selectivas, acreditar\u00e1n sus conocimientos de valenciano mediante la presentaci\u00f3n de los certificados, diplomas o t\u00edtulos [&hellip;]<\/p>\n","protected":false},"author":2,"featured_media":0,"parent":68,"menu_order":0,"comment_status":"open","ping_status":"open","template":"","meta":{"footnotes":""},"class_list":["post-1281","page","type-page","status-publish","hentry"],"_links":{"self":[{"href":"https:\/\/www.cdlpv.org\/dtl\/wp-json\/wp\/v2\/pages\/1281","targetHints":{"allow":["GET"]}}],"collection":[{"href":"https:\/\/www.cdlpv.org\/dtl\/wp-json\/wp\/v2\/pages"}],"about":[{"href":"https:\/\/www.cdlpv.org\/dtl\/wp-json\/wp\/v2\/types\/page"}],"author":[{"embeddable":true,"href":"https:\/\/www.cdlpv.org\/dtl\/wp-json\/wp\/v2\/users\/2"}],"replies":[{"embeddable":true,"href":"https:\/\/www.cdlpv.org\/dtl\/wp-json\/wp\/v2\/comments?post=1281"}],"version-history":[{"count":0,"href":"https:\/\/www.cdlpv.org\/dtl\/wp-json\/wp\/v2\/pages\/1281\/revisions"}],"up":[{"embeddable":true,"href":"https:\/\/www.cdlpv.org\/dtl\/wp-json\/wp\/v2\/pages\/68"}],"wp:attachment":[{"href":"https:\/\/www.cdlpv.org\/dtl\/wp-json\/wp\/v2\/media?parent=1281"}],"curies":[{"name":"wp","href":"https:\/\/api.w.org\/{rel}","templated":true}]}}